{"id":17,"date":"2023-08-25T01:18:49","date_gmt":"2023-08-25T01:18:49","guid":{"rendered":"https:\/\/vulkanrussia-onlline.com\/?page_id=17"},"modified":"2023-11-20T01:52:08","modified_gmt":"2023-11-20T01:52:08","slug":"download-vulkan-games","status":"publish","type":"page","link":"https:\/\/vulkanrussia-onlline.com\/de\/download-vulkan-games\/","title":{"rendered":"Spiele vom Vulkan Online Casino-Website herunterladen"},"content":{"rendered":"<p>Das Vulkan Online Casino bietet eine Welt voller Spannung und Gewinnchancen sowie die M\u00f6glichkeit, eine unterhaltsame Zeit beim Spielen einer Vielzahl von Spielen zu verbringen. F\u00fcr diejenigen, die lieber offline spielen, bieten wir die M\u00f6glichkeit, Spiele von unserer offiziellen Website herunterzuladen. In diesem Artikel werden wir Ihnen erkl\u00e4ren, wie Sie Spiele von der Website des Vulkan Online Casinos herunterladen k\u00f6nnen, um jederzeit Spannung in Ihr Leben zu bringen.<\/p>\n<h2><strong>Vorteile des Herunterladens von Spielen<\/strong><\/h2>\n<p>Das Herunterladen von Spielen von der Website des Vulkan Online Casinos bietet mehrere Vorteile. Erstens k\u00f6nnen Sie Ihre Lieblingsspiele auch ohne Internetverbindung genie\u00dfen. Dies ist besonders praktisch, wenn Sie sich an einem Ort mit begrenztem Netzwerkzugriff oder auf Reisen befinden. Zweitens haben heruntergeladene Spiele oft eine bessere Grafikqualit\u00e4t und Leistung, da sie f\u00fcr Ihr Ger\u00e4t optimiert sind. Drittens k\u00f6nnen Sie das Spiel auf jedem Ger\u00e4t herunterladen, egal ob es sich um ein iOS iPhone, ein Android-Ger\u00e4t oder einen PC handelt. Ob Computer, Tablet oder Smartphone, spielt keine Rolle; Sie k\u00f6nnen auf jedem Ger\u00e4t spielen.<\/p>\n<h2><strong>So laden Sie Spiele von der Website des Vulkan Online Casinos herunter<\/strong><\/h2>\n<ul>\n<li><strong>Besuchen Sie die offizielle Website des Vulkan Casino:<\/strong> Gehen Sie auf Ihrem Ger\u00e4t zur offiziellen Website des Vulkan Online Casinos.<\/li>\n<li><strong>Anmeldung oder Login:<\/strong> Wenn Sie bereits ein Konto haben, loggen Sie sich ein. Andernfalls registrieren Sie sich nach den einfachen Anweisungen.<\/li>\n<li><strong>Spieleauswahl:<\/strong> Gehen Sie zum Abschnitt &#8222;Spiele&#8220; oder &#8222;Slots&#8220; und w\u00e4hlen Sie das Spiel aus, das Sie herunterladen m\u00f6chten.<\/li>\n<li><strong>Herunterladen:<\/strong> Klicken Sie auf die Schaltfl\u00e4che &#8222;Herunterladen&#8220; oder ein \u00e4hnliches Element, das die Option zum Herunterladen des Spiels anzeigt.<\/li>\n<li><strong>Installation:<\/strong> F\u00fchren Sie die heruntergeladene Datei aus und befolgen Sie die Bildschirmanweisungen zur Installation des Spiels auf Ihrem Ger\u00e4t.<\/li>\n<\/ul>\n<h2><strong>Kompatibilit\u00e4t und Sicherheit<\/strong><\/h2>\n<p>Heruntergeladene Spiele sind in der Regel mit verschiedenen Ger\u00e4ten kompatibel, einschlie\u00dflich Computern, Tablets und Smartphones. Sie k\u00f6nnen der Sicherheit und Zuverl\u00e4ssigkeit der \u00fcber die offizielle Website des Vulkan Online Casinos bereitgestellten Spiele vertrauen.<\/p>\n<h2><strong>Jederzeit Spannung<\/strong><\/h2>\n<p>Das Herunterladen von Spielen von der Website des Vulkan Online Casinos ist eine M\u00f6glichkeit, Ihre Lieblingsspiele online auch offline zur Verf\u00fcgung zu haben, jederzeit griffbereit. Sie sind nicht auf Internetzugang beschr\u00e4nkt und k\u00f6nnen hochwertige Spiele zu jeder Zeit genie\u00dfen, sei es bei der Arbeit, auf Reisen oder sogar in der U-Bahn.<\/p>\n<h2><strong>Treten Sie in die Unterhaltung der n\u00e4chsten Generation ein<\/strong><\/h2>\n<p>Laden Sie Spiele von der Website des Vulkan Online Casinos herunter und tauchen Sie ein in die Welt unglaublicher Unterhaltung und Spannung, die immer bei Ihnen sein wird. Entdecken Sie neue Ebenen des Spa\u00dfes, der Zufriedenheit und der Gewinnchancen und machen Sie Ihre Erfahrung im Online-Casino noch reicher und fesselnder!<\/p>\n","protected":false},"excerpt":{"rendered":"<p>Das Vulkan Online Casino bietet eine Welt voller Spannung und Gewinnchancen sowie die M\u00f6glichkeit, eine unterhaltsame Zeit beim Spielen einer Vielzahl von Spielen zu verbringen. F\u00fcr diejenigen, die lieber offline spielen, bieten wir die M\u00f6glichkeit, Spiele von unserer offiziellen Website herunterzuladen. In diesem Artikel werden wir Ihnen erkl\u00e4ren, wie Sie Spiele von der Website des&hellip;<\/p>\n","protected":false},"author":1,"featured_media":0,"parent":0,"menu_order":0,"comment_status":"closed","ping_status":"closed","template":"","meta":{"footnotes":""},"class_list":["post-17","page","type-page","status-publish","hentry"],"yoast_head":"<!-- This site is optimized with the Yoast SEO plugin v27.2 - https:\/\/yoast.com\/product\/yoast-seo-wordpress\/ -->\n<title>Baixe jogos no Vulkan Online Casino<\/title>\n<meta name=\"description\" content=\"Laden Sie Spiele im Vulkan Online Casino herunter. Laden Sie Ihre Lieblings-Slots auf Ihr iPhone, Android oder PC herunter. Apk-Version des Vulkan Online Casinos. Laden Sie herunter und beginnen Sie im Vulkan zu spielen\" \/>\n<meta name=\"robots\" content=\"index, follow, max-snippet:-1, max-image-preview:large, max-video-preview:-1\" \/>\n<link rel=\"canonical\" href=\"https:\/\/vulkanrussia-onlline.com\/de\/download-vulkan-games\/\" \/>\n<meta property=\"og:locale\" content=\"de_DE\" \/>\n<meta property=\"og:locale:alternate\" content=\"ru_RU\" \/>\n<meta property=\"og:locale:alternate\" content=\"en_US\" \/>\n<meta property=\"og:locale:alternate\" content=\"pt_PT\" \/>\n<meta property=\"og:locale:alternate\" content=\"es_ES\" \/>\n<meta property=\"og:locale:alternate\" content=\"fr_FR\" \/>\n<meta property=\"og:locale:alternate\" content=\"ro_RO\" \/>\n<meta property=\"og:locale:alternate\" content=\"sr_RS\" \/>\n<meta property=\"og:locale:alternate\" content=\"bg_BG\" \/>\n<meta property=\"og:type\" content=\"article\" \/>\n<meta property=\"og:title\" content=\"Baixe jogos no Vulkan Online Casino\" \/>\n<meta property=\"og:description\" content=\"Baixe jogos no Vulkan Online Casino. Baixe seus ca\u00e7a-n\u00edqueis favoritos no iPhone, Android ou PC. Vers\u00e3o Apk do cassino online Vulkan. Baixe e comece a jogar no Vulkan\" \/>\n<meta property=\"og:url\" content=\"https:\/\/vulkanrussia-onlline.com\/de\/download-vulkan-games\/\" \/>\n<meta property=\"og:site_name\" content=\"Vulkan\" \/>\n<meta property=\"article:modified_time\" content=\"2023-11-20T01:52:08+00:00\" \/>\n<meta name=\"twitter:card\" content=\"summary_large_image\" \/>\n<meta name=\"twitter:label1\" content=\"Gesch\u00e4tzte Lesezeit\" \/>\n\t<meta name=\"twitter:data1\" content=\"14\u00a0Minuten\" \/>\n<script type=\"application\/ld+json\" class=\"yoast-schema-graph\">{\"@context\":\"https:\/\/schema.org\",\"@graph\":[{\"@type\":\"WebPage\",\"@id\":\"https:\/\/vulkanrussia-onlline.com\/pt\/download-vulkan-games\/\",\"url\":\"https:\/\/vulkanrussia-onlline.com\/pt\/download-vulkan-games\/\",\"name\":\"Baixe jogos no Vulkan Online Casino\",\"isPartOf\":{\"@id\":\"https:\/\/vulkanrussia-onlline.com\/#website\"},\"datePublished\":\"2023-08-25T01:18:49+00:00\",\"dateModified\":\"2023-11-20T01:52:08+00:00\",\"description\":\"Baixe jogos no Vulkan Online Casino. Baixe seus ca\u00e7a-n\u00edqueis favoritos no iPhone, Android ou PC. Vers\u00e3o Apk do cassino online Vulkan. Baixe e comece a jogar no Vulkan\",\"breadcrumb\":{\"@id\":\"https:\/\/vulkanrussia-onlline.com\/pt\/download-vulkan-games\/#breadcrumb\"},\"inLanguage\":\"de-DE\",\"potentialAction\":[{\"@type\":\"ReadAction\",\"target\":[\"https:\/\/vulkanrussia-onlline.com\/pt\/download-vulkan-games\/\"]}]},{\"@type\":\"BreadcrumbList\",\"@id\":\"https:\/\/vulkanrussia-onlline.com\/pt\/download-vulkan-games\/#breadcrumb\",\"itemListElement\":[{\"@type\":\"ListItem\",\"position\":1,\"name\":\"Home\",\"item\":\"https:\/\/vulkanrussia-onlline.com\/\"},{\"@type\":\"ListItem\",\"position\":2,\"name\":\"Baixar Jogos do Site do Cassino Online Vulkan\"}]},{\"@type\":\"WebSite\",\"@id\":\"https:\/\/vulkanrussia-onlline.com\/#website\",\"url\":\"https:\/\/vulkanrussia-onlline.com\/\",\"name\":\"Vulkan\",\"description\":\"Just another WordPress site\",\"publisher\":{\"@id\":\"https:\/\/vulkanrussia-onlline.com\/#organization\"},\"potentialAction\":[{\"@type\":\"SearchAction\",\"target\":{\"@type\":\"EntryPoint\",\"urlTemplate\":\"https:\/\/vulkanrussia-onlline.com\/?s={search_term_string}\"},\"query-input\":{\"@type\":\"PropertyValueSpecification\",\"valueRequired\":true,\"valueName\":\"search_term_string\"}}],\"inLanguage\":\"de-DE\"},{\"@type\":\"Organization\",\"@id\":\"https:\/\/vulkanrussia-onlline.com\/#organization\",\"name\":\"Vulkan\",\"url\":\"https:\/\/vulkanrussia-onlline.com\/\",\"logo\":{\"@type\":\"ImageObject\",\"inLanguage\":\"de-DE\",\"@id\":\"https:\/\/vulkanrussia-onlline.com\/#\/schema\/logo\/image\/\",\"url\":\"https:\/\/vulkanrussia-onlline.com\/wp-content\/uploads\/vulkan.png\",\"contentUrl\":\"https:\/\/vulkanrussia-onlline.com\/wp-content\/uploads\/vulkan.png\",\"width\":202,\"height\":149,\"caption\":\"Vulkan\"},\"image\":{\"@id\":\"https:\/\/vulkanrussia-onlline.com\/#\/schema\/logo\/image\/\"}}]}<\/script>\n<!-- \/ Yoast SEO plugin. -->","yoast_head_json":{"title":"Baixe jogos no Vulkan Online Casino","description":"Laden Sie Spiele im Vulkan Online Casino herunter. Laden Sie Ihre Lieblings-Slots auf Ihr iPhone, Android oder PC herunter. Apk-Version des Vulkan Online Casinos. Laden Sie herunter und beginnen Sie im Vulkan zu spielen","robots":{"index":"index","follow":"follow","max-snippet":"max-snippet:-1","max-image-preview":"max-image-preview:large","max-video-preview":"max-video-preview:-1"},"canonical":"https:\/\/vulkanrussia-onlline.com\/de\/download-vulkan-games\/","og_locale":"de_DE","og_type":"article","og_title":"Baixe jogos no Vulkan Online Casino","og_description":"Baixe jogos no Vulkan Online Casino. Baixe seus ca\u00e7a-n\u00edqueis favoritos no iPhone, Android ou PC. Vers\u00e3o Apk do cassino online Vulkan. Baixe e comece a jogar no Vulkan","og_url":"https:\/\/vulkanrussia-onlline.com\/de\/download-vulkan-games\/","og_site_name":"Vulkan","article_modified_time":"2023-11-20T01:52:08+00:00","twitter_card":"summary_large_image","twitter_misc":{"Gesch\u00e4tzte Lesezeit":"14\u00a0Minuten"},"schema":{"@context":"https:\/\/schema.org","@graph":[{"@type":"WebPage","@id":"https:\/\/vulkanrussia-onlline.com\/pt\/download-vulkan-games\/","url":"https:\/\/vulkanrussia-onlline.com\/pt\/download-vulkan-games\/","name":"Baixe jogos no Vulkan Online Casino","isPartOf":{"@id":"https:\/\/vulkanrussia-onlline.com\/#website"},"datePublished":"2023-08-25T01:18:49+00:00","dateModified":"2023-11-20T01:52:08+00:00","description":"Baixe jogos no Vulkan Online Casino. Baixe seus ca\u00e7a-n\u00edqueis favoritos no iPhone, Android ou PC. Vers\u00e3o Apk do cassino online Vulkan. Baixe e comece a jogar no Vulkan","breadcrumb":{"@id":"https:\/\/vulkanrussia-onlline.com\/pt\/download-vulkan-games\/#breadcrumb"},"inLanguage":"de-DE","potentialAction":[{"@type":"ReadAction","target":["https:\/\/vulkanrussia-onlline.com\/pt\/download-vulkan-games\/"]}]},{"@type":"BreadcrumbList","@id":"https:\/\/vulkanrussia-onlline.com\/pt\/download-vulkan-games\/#breadcrumb","itemListElement":[{"@type":"ListItem","position":1,"name":"Home","item":"https:\/\/vulkanrussia-onlline.com\/"},{"@type":"ListItem","position":2,"name":"Baixar Jogos do Site do Cassino Online Vulkan"}]},{"@type":"WebSite","@id":"https:\/\/vulkanrussia-onlline.com\/#website","url":"https:\/\/vulkanrussia-onlline.com\/","name":"Vulkan","description":"Just another WordPress site","publisher":{"@id":"https:\/\/vulkanrussia-onlline.com\/#organization"},"potentialAction":[{"@type":"SearchAction","target":{"@type":"EntryPoint","urlTemplate":"https:\/\/vulkanrussia-onlline.com\/?s={search_term_string}"},"query-input":{"@type":"PropertyValueSpecification","valueRequired":true,"valueName":"search_term_string"}}],"inLanguage":"de-DE"},{"@type":"Organization","@id":"https:\/\/vulkanrussia-onlline.com\/#organization","name":"Vulkan","url":"https:\/\/vulkanrussia-onlline.com\/","logo":{"@type":"ImageObject","inLanguage":"de-DE","@id":"https:\/\/vulkanrussia-onlline.com\/#\/schema\/logo\/image\/","url":"https:\/\/vulkanrussia-onlline.com\/wp-content\/uploads\/vulkan.png","contentUrl":"https:\/\/vulkanrussia-onlline.com\/wp-content\/uploads\/vulkan.png","width":202,"height":149,"caption":"Vulkan"},"image":{"@id":"https:\/\/vulkanrussia-onlline.com\/#\/schema\/logo\/image\/"}}]}},"_links":{"self":[{"href":"https:\/\/vulkanrussia-onlline.com\/de\/wp-json\/wp\/v2\/pages\/17","targetHints":{"allow":["GET"]}}],"collection":[{"href":"https:\/\/vulkanrussia-onlline.com\/de\/wp-json\/wp\/v2\/pages"}],"about":[{"href":"https:\/\/vulkanrussia-onlline.com\/de\/wp-json\/wp\/v2\/types\/page"}],"author":[{"embeddable":true,"href":"https:\/\/vulkanrussia-onlline.com\/de\/wp-json\/wp\/v2\/users\/1"}],"replies":[{"embeddable":true,"href":"https:\/\/vulkanrussia-onlline.com\/de\/wp-json\/wp\/v2\/comments?post=17"}],"version-history":[{"count":11,"href":"https:\/\/vulkanrussia-onlline.com\/de\/wp-json\/wp\/v2\/pages\/17\/revisions"}],"predecessor-version":[{"id":137,"href":"https:\/\/vulkanrussia-onlline.com\/de\/wp-json\/wp\/v2\/pages\/17\/revisions\/137"}],"wp:attachment":[{"href":"https:\/\/vulkanrussia-onlline.com\/de\/wp-json\/wp\/v2\/media?parent=17"}],"curies":[{"name":"wp","href":"https:\/\/api.w.org\/{rel}","templated":true}]}}