{"id":17,"date":"2023-08-25T01:18:49","date_gmt":"2023-08-25T01:18:49","guid":{"rendered":"https:\/\/vulkanrussia-onlline.com\/?page_id=17"},"modified":"2023-11-20T01:52:08","modified_gmt":"2023-11-20T01:52:08","slug":"download-vulkan-games","status":"publish","type":"page","link":"https:\/\/vulkanrussia-onlline.com\/en\/download-vulkan-games\/","title":{"rendered":"Download Games from Vulkan Online Casino Website"},"content":{"rendered":"<p>Vulkan Online Casino offers a world of excitement and winnings, as well as the opportunity to have an entertaining time enjoying a variety of games. For those who prefer to play offline, we provide the option to download games from our official website. In this article, we will tell you how to download games from the Vulkan Online Casino website and add excitement to your life anytime.<\/p>\n<h2><strong>Advantages of Downloading Games<\/strong><\/h2>\n<p>Downloading games from the Vulkan Online Casino website offers several advantages. Firstly, you can enjoy your favorite games even without an internet connection. This is especially convenient when you are in a location with limited access to the network or while traveling. Secondly, downloaded games often have higher graphics quality and performance since they are optimized for your device. Thirdly, you can download the game to any device, whether it&#8217;s an iOS iPhone, an Android device, or a PC. Whether it&#8217;s a computer, tablet, or smartphone, it doesn&#8217;t matter; you can play on any device.<\/p>\n<h2><strong>How to Download Games from the Vulkan Online Casino Website<\/strong><\/h2>\n<ol>\n<li>Visit Vulkan Casino&#8217;s official website: Go to the Vulkan Online Casino&#8217;s official website on your device.<\/li>\n<li>Registration or Login: If you already have an account, log in. Otherwise, register following the simple instructions.<\/li>\n<li>Game Selection: Go to the &#8220;Games&#8221; or &#8220;Slots&#8221; section and choose the game you want to download.<\/li>\n<li>Download: Click on the &#8220;Download&#8221; button or a similar element indicating the option to download the game.<\/li>\n<li>Installation: Run the downloaded file and follow the on-screen instructions to install the game on your device.<\/li>\n<\/ol>\n<h2><strong>Compatibility and Safety<\/strong><\/h2>\n<p>Downloaded games are usually compatible with various devices, including computers, tablets, and smartphones. You can trust in the safety and reliability of games provided through the Vulkan Online Casino&#8217;s official website.<\/p>\n<h2><strong>Excitement Anytime<\/strong><\/h2>\n<p>Downloading games from the Vulkan Online Casino website is a way to have your favorite online games available offline, at your fingertips. You are not limited by internet access and can enjoy high-quality games at any time, whether you are at work, traveling, or even on the subway.<\/p>\n<h2><strong>Join the Next-Generation Entertainment<\/strong><\/h2>\n<p>Download games from the Vulkan Online Casino website and immerse yourself in the world of incredible entertainment and excitement that will always be with you. Discover new levels of fun, satisfaction, and winning opportunities, making your online casino gaming experience even richer and more captivating!<\/p>\n","protected":false},"excerpt":{"rendered":"<p>Vulkan Online Casino offers a world of excitement and winnings, as well as the opportunity to have an entertaining time enjoying a variety of games. For those who prefer to play offline, we provide the option to download games from our official website. In this article, we will tell you how to download games from&hellip;<\/p>\n","protected":false},"author":1,"featured_media":0,"parent":0,"menu_order":0,"comment_status":"closed","ping_status":"closed","template":"","meta":{"footnotes":""},"class_list":["post-17","page","type-page","status-publish","hentry"],"yoast_head":"<!-- This site is optimized with the Yoast SEO plugin v27.2 - https:\/\/yoast.com\/product\/yoast-seo-wordpress\/ -->\n<title>Baixe jogos no Vulkan Online Casino<\/title>\n<meta name=\"description\" content=\"Download games at Vulkan Online Casino. Download your favorite slots on iPhone, Android, or PC. Apk version of Vulkan online casino. Download and start playing at Vulkan\" \/>\n<meta name=\"robots\" content=\"index, follow, max-snippet:-1, max-image-preview:large, max-video-preview:-1\" \/>\n<link rel=\"canonical\" href=\"https:\/\/vulkanrussia-onlline.com\/en\/download-vulkan-games\/\" \/>\n<meta property=\"og:locale\" content=\"en_US\" \/>\n<meta property=\"og:locale:alternate\" content=\"ru_RU\" \/>\n<meta property=\"og:locale:alternate\" content=\"pt_PT\" \/>\n<meta property=\"og:locale:alternate\" content=\"es_ES\" \/>\n<meta property=\"og:locale:alternate\" content=\"fr_FR\" \/>\n<meta property=\"og:locale:alternate\" content=\"de_DE\" \/>\n<meta property=\"og:locale:alternate\" content=\"ro_RO\" \/>\n<meta property=\"og:locale:alternate\" content=\"sr_RS\" \/>\n<meta property=\"og:locale:alternate\" content=\"bg_BG\" \/>\n<meta property=\"og:type\" content=\"article\" \/>\n<meta property=\"og:title\" content=\"Baixe jogos no Vulkan Online Casino\" \/>\n<meta property=\"og:description\" content=\"Baixe jogos no Vulkan Online Casino. Baixe seus ca\u00e7a-n\u00edqueis favoritos no iPhone, Android ou PC. Vers\u00e3o Apk do cassino online Vulkan. Baixe e comece a jogar no Vulkan\" \/>\n<meta property=\"og:url\" content=\"https:\/\/vulkanrussia-onlline.com\/en\/download-vulkan-games\/\" \/>\n<meta property=\"og:site_name\" content=\"Vulkan\" \/>\n<meta property=\"article:modified_time\" content=\"2023-11-20T01:52:08+00:00\" \/>\n<meta name=\"twitter:card\" content=\"summary_large_image\" \/>\n<meta name=\"twitter:label1\" content=\"Est. reading time\" \/>\n\t<meta name=\"twitter:data1\" content=\"14 minutes\" \/>\n<script type=\"application\/ld+json\" class=\"yoast-schema-graph\">{\"@context\":\"https:\/\/schema.org\",\"@graph\":[{\"@type\":\"WebPage\",\"@id\":\"https:\/\/vulkanrussia-onlline.com\/pt\/download-vulkan-games\/\",\"url\":\"https:\/\/vulkanrussia-onlline.com\/pt\/download-vulkan-games\/\",\"name\":\"Baixe jogos no Vulkan Online Casino\",\"isPartOf\":{\"@id\":\"https:\/\/vulkanrussia-onlline.com\/#website\"},\"datePublished\":\"2023-08-25T01:18:49+00:00\",\"dateModified\":\"2023-11-20T01:52:08+00:00\",\"description\":\"Baixe jogos no Vulkan Online Casino. Baixe seus ca\u00e7a-n\u00edqueis favoritos no iPhone, Android ou PC. Vers\u00e3o Apk do cassino online Vulkan. Baixe e comece a jogar no Vulkan\",\"breadcrumb\":{\"@id\":\"https:\/\/vulkanrussia-onlline.com\/pt\/download-vulkan-games\/#breadcrumb\"},\"inLanguage\":\"en-US\",\"potentialAction\":[{\"@type\":\"ReadAction\",\"target\":[\"https:\/\/vulkanrussia-onlline.com\/pt\/download-vulkan-games\/\"]}]},{\"@type\":\"BreadcrumbList\",\"@id\":\"https:\/\/vulkanrussia-onlline.com\/pt\/download-vulkan-games\/#breadcrumb\",\"itemListElement\":[{\"@type\":\"ListItem\",\"position\":1,\"name\":\"Home\",\"item\":\"https:\/\/vulkanrussia-onlline.com\/\"},{\"@type\":\"ListItem\",\"position\":2,\"name\":\"Baixar Jogos do Site do Cassino Online Vulkan\"}]},{\"@type\":\"WebSite\",\"@id\":\"https:\/\/vulkanrussia-onlline.com\/#website\",\"url\":\"https:\/\/vulkanrussia-onlline.com\/\",\"name\":\"Vulkan\",\"description\":\"Just another WordPress site\",\"publisher\":{\"@id\":\"https:\/\/vulkanrussia-onlline.com\/#organization\"},\"potentialAction\":[{\"@type\":\"SearchAction\",\"target\":{\"@type\":\"EntryPoint\",\"urlTemplate\":\"https:\/\/vulkanrussia-onlline.com\/?s={search_term_string}\"},\"query-input\":{\"@type\":\"PropertyValueSpecification\",\"valueRequired\":true,\"valueName\":\"search_term_string\"}}],\"inLanguage\":\"en-US\"},{\"@type\":\"Organization\",\"@id\":\"https:\/\/vulkanrussia-onlline.com\/#organization\",\"name\":\"Vulkan\",\"url\":\"https:\/\/vulkanrussia-onlline.com\/\",\"logo\":{\"@type\":\"ImageObject\",\"inLanguage\":\"en-US\",\"@id\":\"https:\/\/vulkanrussia-onlline.com\/#\/schema\/logo\/image\/\",\"url\":\"https:\/\/vulkanrussia-onlline.com\/wp-content\/uploads\/vulkan.png\",\"contentUrl\":\"https:\/\/vulkanrussia-onlline.com\/wp-content\/uploads\/vulkan.png\",\"width\":202,\"height\":149,\"caption\":\"Vulkan\"},\"image\":{\"@id\":\"https:\/\/vulkanrussia-onlline.com\/#\/schema\/logo\/image\/\"}}]}<\/script>\n<!-- \/ Yoast SEO plugin. -->","yoast_head_json":{"title":"Baixe jogos no Vulkan Online Casino","description":"Download games at Vulkan Online Casino. Download your favorite slots on iPhone, Android, or PC. Apk version of Vulkan online casino. Download and start playing at Vulkan","robots":{"index":"index","follow":"follow","max-snippet":"max-snippet:-1","max-image-preview":"max-image-preview:large","max-video-preview":"max-video-preview:-1"},"canonical":"https:\/\/vulkanrussia-onlline.com\/en\/download-vulkan-games\/","og_locale":"en_US","og_type":"article","og_title":"Baixe jogos no Vulkan Online Casino","og_description":"Baixe jogos no Vulkan Online Casino. Baixe seus ca\u00e7a-n\u00edqueis favoritos no iPhone, Android ou PC. Vers\u00e3o Apk do cassino online Vulkan. Baixe e comece a jogar no Vulkan","og_url":"https:\/\/vulkanrussia-onlline.com\/en\/download-vulkan-games\/","og_site_name":"Vulkan","article_modified_time":"2023-11-20T01:52:08+00:00","twitter_card":"summary_large_image","twitter_misc":{"Est. reading time":"14 minutes"},"schema":{"@context":"https:\/\/schema.org","@graph":[{"@type":"WebPage","@id":"https:\/\/vulkanrussia-onlline.com\/pt\/download-vulkan-games\/","url":"https:\/\/vulkanrussia-onlline.com\/pt\/download-vulkan-games\/","name":"Baixe jogos no Vulkan Online Casino","isPartOf":{"@id":"https:\/\/vulkanrussia-onlline.com\/#website"},"datePublished":"2023-08-25T01:18:49+00:00","dateModified":"2023-11-20T01:52:08+00:00","description":"Baixe jogos no Vulkan Online Casino. Baixe seus ca\u00e7a-n\u00edqueis favoritos no iPhone, Android ou PC. Vers\u00e3o Apk do cassino online Vulkan. Baixe e comece a jogar no Vulkan","breadcrumb":{"@id":"https:\/\/vulkanrussia-onlline.com\/pt\/download-vulkan-games\/#breadcrumb"},"inLanguage":"en-US","potentialAction":[{"@type":"ReadAction","target":["https:\/\/vulkanrussia-onlline.com\/pt\/download-vulkan-games\/"]}]},{"@type":"BreadcrumbList","@id":"https:\/\/vulkanrussia-onlline.com\/pt\/download-vulkan-games\/#breadcrumb","itemListElement":[{"@type":"ListItem","position":1,"name":"Home","item":"https:\/\/vulkanrussia-onlline.com\/"},{"@type":"ListItem","position":2,"name":"Baixar Jogos do Site do Cassino Online Vulkan"}]},{"@type":"WebSite","@id":"https:\/\/vulkanrussia-onlline.com\/#website","url":"https:\/\/vulkanrussia-onlline.com\/","name":"Vulkan","description":"Just another WordPress site","publisher":{"@id":"https:\/\/vulkanrussia-onlline.com\/#organization"},"potentialAction":[{"@type":"SearchAction","target":{"@type":"EntryPoint","urlTemplate":"https:\/\/vulkanrussia-onlline.com\/?s={search_term_string}"},"query-input":{"@type":"PropertyValueSpecification","valueRequired":true,"valueName":"search_term_string"}}],"inLanguage":"en-US"},{"@type":"Organization","@id":"https:\/\/vulkanrussia-onlline.com\/#organization","name":"Vulkan","url":"https:\/\/vulkanrussia-onlline.com\/","logo":{"@type":"ImageObject","inLanguage":"en-US","@id":"https:\/\/vulkanrussia-onlline.com\/#\/schema\/logo\/image\/","url":"https:\/\/vulkanrussia-onlline.com\/wp-content\/uploads\/vulkan.png","contentUrl":"https:\/\/vulkanrussia-onlline.com\/wp-content\/uploads\/vulkan.png","width":202,"height":149,"caption":"Vulkan"},"image":{"@id":"https:\/\/vulkanrussia-onlline.com\/#\/schema\/logo\/image\/"}}]}},"_links":{"self":[{"href":"https:\/\/vulkanrussia-onlline.com\/en\/wp-json\/wp\/v2\/pages\/17","targetHints":{"allow":["GET"]}}],"collection":[{"href":"https:\/\/vulkanrussia-onlline.com\/en\/wp-json\/wp\/v2\/pages"}],"about":[{"href":"https:\/\/vulkanrussia-onlline.com\/en\/wp-json\/wp\/v2\/types\/page"}],"author":[{"embeddable":true,"href":"https:\/\/vulkanrussia-onlline.com\/en\/wp-json\/wp\/v2\/users\/1"}],"replies":[{"embeddable":true,"href":"https:\/\/vulkanrussia-onlline.com\/en\/wp-json\/wp\/v2\/comments?post=17"}],"version-history":[{"count":11,"href":"https:\/\/vulkanrussia-onlline.com\/en\/wp-json\/wp\/v2\/pages\/17\/revisions"}],"predecessor-version":[{"id":137,"href":"https:\/\/vulkanrussia-onlline.com\/en\/wp-json\/wp\/v2\/pages\/17\/revisions\/137"}],"wp:attachment":[{"href":"https:\/\/vulkanrussia-onlline.com\/en\/wp-json\/wp\/v2\/media?parent=17"}],"curies":[{"name":"wp","href":"https:\/\/api.w.org\/{rel}","templated":true}]}}