{"id":10,"date":"2023-08-25T00:40:23","date_gmt":"2023-08-25T00:40:23","guid":{"rendered":"https:\/\/vulkanrussia-onlline.com\/?page_id=10"},"modified":"2023-11-20T01:02:24","modified_gmt":"2023-11-20T01:02:24","slug":"vulkan-reviews","status":"publish","type":"page","link":"https:\/\/vulkanrussia-onlline.com\/es\/vulkan-reviews\/","title":{"rendered":"Rese\u00f1as del Casino en L\u00ednea Vulkan"},"content":{"rendered":"<p>Entendemos lo crucial que es encontrar un casino en l\u00ednea honesto y de buena reputaci\u00f3n para tu experiencia de juego. Antes de empezar a jugar, deseas recopilar la mayor cantidad de informaci\u00f3n posible sobre el casino y el potencial de ganancias substanciales. Surgen muchas preguntas. Por lo tanto, es esencial leer las opiniones de los jugadores sobre Vulkan. Estas son rese\u00f1as aut\u00e9nticas y honestas, que a veces se asemejan a rese\u00f1as del casino Vulkan. Al leer tales rese\u00f1as, obtendr\u00e1s una mejor comprensi\u00f3n de lo que es el Casino Vulkan y las caracter\u00edsticas que ofrece.<\/p>\n<p><strong>Rese\u00f1a: Casino Vulkan &#8211; Un Lugar Asombroso<\/strong><\/p>\n<p>\u00a1El Casino en L\u00ednea Vulkan es un lugar donde encontr\u00e9 una incre\u00edble variedad de juegos! Desde tragamonedas cl\u00e1sicas hasta emocionantes juegos de video, lo tiene todo. \u00a1Los bonos y las promociones tambi\u00e9n fueron una agradable sorpresa!<\/p>\n<p>Anna D., 19 a\u00f1os<\/p>\n<p><strong>Rese\u00f1a: Velocidad Impresionante de los Pagos en Vulkan<\/strong><\/p>\n<p>\u00a1La velocidad de los pagos en el Casino en L\u00ednea Vulkan es simplemente asombrosa! Siempre puedo contar con que mis ganancias se transfieran a mi cuenta de manera r\u00e1pida y sin retrasos.<\/p>\n<p>Maxim P., 25 a\u00f1os<\/p>\n<p><strong>Rese\u00f1a: Excelente Soporte al Cliente en Casino Vulkan<\/strong><\/p>\n<p>Ekaterina K.: Un gran agradecimiento al Casino en L\u00ednea Vulkan por su atento soporte al cliente. Siempre est\u00e1n dispuestos a ayudar, responder preguntas y resolver cualquier problema que surja.<\/p>\n<p>Ekaterina K., 23 a\u00f1os<\/p>\n<p><strong>Rese\u00f1a: Me Gusta el Casino en L\u00ednea Vulkan<\/strong><\/p>\n<p>Me gusta que el Casino en L\u00ednea Vulkan ofrezca una variedad de opciones para depositar y retirar ganancias. Es conveniente y te permite elegir el m\u00e9todo m\u00e1s adecuado.<\/p>\n<p>Alexey G., 30 a\u00f1os<\/p>\n<p><strong>Rese\u00f1a: Jugando en Vulkan Durante Muchos A\u00f1os<\/strong><\/p>\n<p>He estado jugando en el Casino en L\u00ednea Vulkan durante varios a\u00f1os y siempre me siento seguro. Su licencia y m\u00e9todos de cifrado confiables hacen que el juego sea justo y seguro.<\/p>\n<p>Olga A., 32 a\u00f1os<\/p>\n<p><strong>Rese\u00f1a: Participando en Torneos en Vulkan<\/strong><\/p>\n<p>Denis M.: \u00a1Los torneos y competencias en el Casino en L\u00ednea Vulkan son un verdadero placer! Participar en ellos no solo brinda ganancias adicionales, sino que tambi\u00e9n agrega emoci\u00f3n al juego.<\/p>\n<p>Denis M., 35 a\u00f1os<\/p>\n<p><strong>Rese\u00f1a: Amor por los Bonos de Bienvenida en Vulkan<\/strong><\/p>\n<p>\u00a1Los bonos de bienvenida en el Casino en L\u00ednea Vulkan son un verdadero tesoro! Comenc\u00e9 mi juego con fondos adicionales y aument\u00e9 significativamente mis posibilidades de ganar.<\/p>\n<p>Angela T., 27 a\u00f1os<\/p>\n<p><strong>Rese\u00f1a: Disfrutando de la Amplia Selecci\u00f3n de Juegos en Vulkan<\/strong><\/p>\n<p>Me gusta c\u00f3mo el Casino en L\u00ednea Vulkan actualiza regularmente su colecci\u00f3n de juegos. Los nuevos lanzamientos siempre son interesantes y relevantes, mientras que las tragamonedas cl\u00e1sicas son nost\u00e1lgicas.\u00bb<\/p>\n<p>Sergey V., 34 a\u00f1os<\/p>\n<p><strong>Rese\u00f1a: Descargas de Juegos Convenientes desde el Sitio de Vulkan<\/strong><\/p>\n<p>\u00a1Descargar juegos desde el sitio web del Casino en L\u00ednea Vulkan es conveniente! Puedo disfrutar de los juegos en modo fuera de l\u00ednea sin comprometer la calidad de los gr\u00e1ficos y el rendimiento.\u00bb<\/p>\n<p>Irina R., 26 a\u00f1os<\/p>\n<p><strong>Rese\u00f1a: Me Gusta el Soporte al Cliente de Vulkan<\/strong><\/p>\n<p>El soporte al cliente del Casino en L\u00ednea Vulkan realmente merece elogios. Siempre est\u00e1n dispuestos a ayudar y responder a cualquier pregunta. \u00a1Te sientes como un jugador valorado!<\/p>\n<p>Pavel L., 32 a\u00f1os<\/p>\n","protected":false},"excerpt":{"rendered":"<p>Entendemos lo crucial que es encontrar un casino en l\u00ednea honesto y de buena reputaci\u00f3n para tu experiencia de juego. Antes de empezar a jugar, deseas recopilar la mayor cantidad de informaci\u00f3n posible sobre el casino y el potencial de ganancias substanciales. Surgen muchas preguntas. Por lo tanto, es esencial leer las opiniones de los&hellip;<\/p>\n","protected":false},"author":1,"featured_media":0,"parent":0,"menu_order":0,"comment_status":"closed","ping_status":"closed","template":"","meta":{"footnotes":""},"class_list":["post-10","page","type-page","status-publish","hentry"],"yoast_head":"<!-- This site is optimized with the Yoast SEO plugin v27.2 - https:\/\/yoast.com\/product\/yoast-seo-wordpress\/ -->\n<title>\u041e\u0442\u0437\u044b\u0432\u044b \u0438\u0433\u0440\u043e\u043a\u043e\u0432 \u043e\u0431 \u043e\u043d\u043b\u0430\u0439\u043d \u043a\u0430\u0437\u0438\u043d\u043e \u0412\u0443\u043b\u043a\u0430\u043d<\/title>\n<meta name=\"description\" content=\"Opiniones de los jugadores sobre Vulkan, opiniones sobre el Casino Vulka\" \/>\n<meta name=\"robots\" content=\"index, follow, max-snippet:-1, max-image-preview:large, max-video-preview:-1\" \/>\n<link rel=\"canonical\" href=\"https:\/\/vulkanrussia-onlline.com\/es\/vulkan-reviews\/\" \/>\n<meta property=\"og:locale\" content=\"es_ES\" \/>\n<meta property=\"og:locale:alternate\" content=\"ru_RU\" \/>\n<meta property=\"og:locale:alternate\" content=\"en_US\" \/>\n<meta property=\"og:locale:alternate\" content=\"pt_PT\" \/>\n<meta property=\"og:locale:alternate\" content=\"fr_FR\" \/>\n<meta property=\"og:locale:alternate\" content=\"de_DE\" \/>\n<meta property=\"og:locale:alternate\" content=\"ro_RO\" \/>\n<meta property=\"og:locale:alternate\" content=\"sr_RS\" \/>\n<meta property=\"og:locale:alternate\" content=\"bg_BG\" \/>\n<meta property=\"og:type\" content=\"article\" \/>\n<meta property=\"og:title\" content=\"\u041e\u0442\u0437\u044b\u0432\u044b \u0438\u0433\u0440\u043e\u043a\u043e\u0432 \u043e\u0431 \u043e\u043d\u043b\u0430\u0439\u043d \u043a\u0430\u0437\u0438\u043d\u043e \u0412\u0443\u043b\u043a\u0430\u043d\" \/>\n<meta property=\"og:description\" content=\"\u043e\u0442\u0437\u044b\u0432\u044b \u0438\u0433\u0440\u043e\u043a\u043e\u0432 \u0412\u0443\u043b\u043a\u0430\u043d, \u043c\u043d\u0435\u043d\u0438\u044f \u043e \u043a\u0430\u0437\u0438\u043d\u043e Vulkan\" \/>\n<meta property=\"og:url\" content=\"https:\/\/vulkanrussia-onlline.com\/es\/vulkan-reviews\/\" \/>\n<meta property=\"og:site_name\" content=\"Vulkan\" \/>\n<meta property=\"article:modified_time\" content=\"2023-11-20T01:02:24+00:00\" \/>\n<meta name=\"twitter:card\" content=\"summary_large_image\" \/>\n<meta name=\"twitter:label1\" content=\"Tiempo de lectura\" \/>\n\t<meta name=\"twitter:data1\" content=\"16 minutos\" \/>\n<script type=\"application\/ld+json\" class=\"yoast-schema-graph\">{\"@context\":\"https:\/\/schema.org\",\"@graph\":[{\"@type\":\"WebPage\",\"@id\":\"https:\/\/vulkanrussia-onlline.com\/ro\/vulkan-reviews\/\",\"url\":\"https:\/\/vulkanrussia-onlline.com\/ro\/vulkan-reviews\/\",\"name\":\"\u041e\u0442\u0437\u044b\u0432\u044b \u0438\u0433\u0440\u043e\u043a\u043e\u0432 \u043e\u0431 \u043e\u043d\u043b\u0430\u0439\u043d \u043a\u0430\u0437\u0438\u043d\u043e \u0412\u0443\u043b\u043a\u0430\u043d\",\"isPartOf\":{\"@id\":\"https:\/\/vulkanrussia-onlline.com\/#website\"},\"datePublished\":\"2023-08-25T00:40:23+00:00\",\"dateModified\":\"2023-11-20T01:02:24+00:00\",\"description\":\"\u043e\u0442\u0437\u044b\u0432\u044b \u0438\u0433\u0440\u043e\u043a\u043e\u0432 \u0412\u0443\u043b\u043a\u0430\u043d, \u043c\u043d\u0435\u043d\u0438\u044f \u043e \u043a\u0430\u0437\u0438\u043d\u043e Vulkan\",\"breadcrumb\":{\"@id\":\"https:\/\/vulkanrussia-onlline.com\/ro\/vulkan-reviews\/#breadcrumb\"},\"inLanguage\":\"es-ES\",\"potentialAction\":[{\"@type\":\"ReadAction\",\"target\":[\"https:\/\/vulkanrussia-onlline.com\/ro\/vulkan-reviews\/\"]}]},{\"@type\":\"BreadcrumbList\",\"@id\":\"https:\/\/vulkanrussia-onlline.com\/ro\/vulkan-reviews\/#breadcrumb\",\"itemListElement\":[{\"@type\":\"ListItem\",\"position\":1,\"name\":\"Home\",\"item\":\"https:\/\/vulkanrussia-onlline.com\/\"},{\"@type\":\"ListItem\",\"position\":2,\"name\":\"Recenzii ale Cazinoului Online Vulkan\"}]},{\"@type\":\"WebSite\",\"@id\":\"https:\/\/vulkanrussia-onlline.com\/#website\",\"url\":\"https:\/\/vulkanrussia-onlline.com\/\",\"name\":\"Vulkan\",\"description\":\"Just another WordPress site\",\"publisher\":{\"@id\":\"https:\/\/vulkanrussia-onlline.com\/#organization\"},\"potentialAction\":[{\"@type\":\"SearchAction\",\"target\":{\"@type\":\"EntryPoint\",\"urlTemplate\":\"https:\/\/vulkanrussia-onlline.com\/?s={search_term_string}\"},\"query-input\":{\"@type\":\"PropertyValueSpecification\",\"valueRequired\":true,\"valueName\":\"search_term_string\"}}],\"inLanguage\":\"es-ES\"},{\"@type\":\"Organization\",\"@id\":\"https:\/\/vulkanrussia-onlline.com\/#organization\",\"name\":\"Vulkan\",\"url\":\"https:\/\/vulkanrussia-onlline.com\/\",\"logo\":{\"@type\":\"ImageObject\",\"inLanguage\":\"es-ES\",\"@id\":\"https:\/\/vulkanrussia-onlline.com\/#\/schema\/logo\/image\/\",\"url\":\"https:\/\/vulkanrussia-onlline.com\/wp-content\/uploads\/vulkan.png\",\"contentUrl\":\"https:\/\/vulkanrussia-onlline.com\/wp-content\/uploads\/vulkan.png\",\"width\":202,\"height\":149,\"caption\":\"Vulkan\"},\"image\":{\"@id\":\"https:\/\/vulkanrussia-onlline.com\/#\/schema\/logo\/image\/\"}}]}<\/script>\n<!-- \/ Yoast SEO plugin. -->","yoast_head_json":{"title":"\u041e\u0442\u0437\u044b\u0432\u044b \u0438\u0433\u0440\u043e\u043a\u043e\u0432 \u043e\u0431 \u043e\u043d\u043b\u0430\u0439\u043d \u043a\u0430\u0437\u0438\u043d\u043e \u0412\u0443\u043b\u043a\u0430\u043d","description":"Opiniones de los jugadores sobre Vulkan, opiniones sobre el Casino Vulka","robots":{"index":"index","follow":"follow","max-snippet":"max-snippet:-1","max-image-preview":"max-image-preview:large","max-video-preview":"max-video-preview:-1"},"canonical":"https:\/\/vulkanrussia-onlline.com\/es\/vulkan-reviews\/","og_locale":"es_ES","og_type":"article","og_title":"\u041e\u0442\u0437\u044b\u0432\u044b \u0438\u0433\u0440\u043e\u043a\u043e\u0432 \u043e\u0431 \u043e\u043d\u043b\u0430\u0439\u043d \u043a\u0430\u0437\u0438\u043d\u043e \u0412\u0443\u043b\u043a\u0430\u043d","og_description":"\u043e\u0442\u0437\u044b\u0432\u044b \u0438\u0433\u0440\u043e\u043a\u043e\u0432 \u0412\u0443\u043b\u043a\u0430\u043d, \u043c\u043d\u0435\u043d\u0438\u044f \u043e \u043a\u0430\u0437\u0438\u043d\u043e Vulkan","og_url":"https:\/\/vulkanrussia-onlline.com\/es\/vulkan-reviews\/","og_site_name":"Vulkan","article_modified_time":"2023-11-20T01:02:24+00:00","twitter_card":"summary_large_image","twitter_misc":{"Tiempo de lectura":"16 minutos"},"schema":{"@context":"https:\/\/schema.org","@graph":[{"@type":"WebPage","@id":"https:\/\/vulkanrussia-onlline.com\/ro\/vulkan-reviews\/","url":"https:\/\/vulkanrussia-onlline.com\/ro\/vulkan-reviews\/","name":"\u041e\u0442\u0437\u044b\u0432\u044b \u0438\u0433\u0440\u043e\u043a\u043e\u0432 \u043e\u0431 \u043e\u043d\u043b\u0430\u0439\u043d \u043a\u0430\u0437\u0438\u043d\u043e \u0412\u0443\u043b\u043a\u0430\u043d","isPartOf":{"@id":"https:\/\/vulkanrussia-onlline.com\/#website"},"datePublished":"2023-08-25T00:40:23+00:00","dateModified":"2023-11-20T01:02:24+00:00","description":"\u043e\u0442\u0437\u044b\u0432\u044b \u0438\u0433\u0440\u043e\u043a\u043e\u0432 \u0412\u0443\u043b\u043a\u0430\u043d, \u043c\u043d\u0435\u043d\u0438\u044f \u043e \u043a\u0430\u0437\u0438\u043d\u043e Vulkan","breadcrumb":{"@id":"https:\/\/vulkanrussia-onlline.com\/ro\/vulkan-reviews\/#breadcrumb"},"inLanguage":"es-ES","potentialAction":[{"@type":"ReadAction","target":["https:\/\/vulkanrussia-onlline.com\/ro\/vulkan-reviews\/"]}]},{"@type":"BreadcrumbList","@id":"https:\/\/vulkanrussia-onlline.com\/ro\/vulkan-reviews\/#breadcrumb","itemListElement":[{"@type":"ListItem","position":1,"name":"Home","item":"https:\/\/vulkanrussia-onlline.com\/"},{"@type":"ListItem","position":2,"name":"Recenzii ale Cazinoului Online Vulkan"}]},{"@type":"WebSite","@id":"https:\/\/vulkanrussia-onlline.com\/#website","url":"https:\/\/vulkanrussia-onlline.com\/","name":"Vulkan","description":"Just another WordPress site","publisher":{"@id":"https:\/\/vulkanrussia-onlline.com\/#organization"},"potentialAction":[{"@type":"SearchAction","target":{"@type":"EntryPoint","urlTemplate":"https:\/\/vulkanrussia-onlline.com\/?s={search_term_string}"},"query-input":{"@type":"PropertyValueSpecification","valueRequired":true,"valueName":"search_term_string"}}],"inLanguage":"es-ES"},{"@type":"Organization","@id":"https:\/\/vulkanrussia-onlline.com\/#organization","name":"Vulkan","url":"https:\/\/vulkanrussia-onlline.com\/","logo":{"@type":"ImageObject","inLanguage":"es-ES","@id":"https:\/\/vulkanrussia-onlline.com\/#\/schema\/logo\/image\/","url":"https:\/\/vulkanrussia-onlline.com\/wp-content\/uploads\/vulkan.png","contentUrl":"https:\/\/vulkanrussia-onlline.com\/wp-content\/uploads\/vulkan.png","width":202,"height":149,"caption":"Vulkan"},"image":{"@id":"https:\/\/vulkanrussia-onlline.com\/#\/schema\/logo\/image\/"}}]}},"_links":{"self":[{"href":"https:\/\/vulkanrussia-onlline.com\/es\/wp-json\/wp\/v2\/pages\/10","targetHints":{"allow":["GET"]}}],"collection":[{"href":"https:\/\/vulkanrussia-onlline.com\/es\/wp-json\/wp\/v2\/pages"}],"about":[{"href":"https:\/\/vulkanrussia-onlline.com\/es\/wp-json\/wp\/v2\/types\/page"}],"author":[{"embeddable":true,"href":"https:\/\/vulkanrussia-onlline.com\/es\/wp-json\/wp\/v2\/users\/1"}],"replies":[{"embeddable":true,"href":"https:\/\/vulkanrussia-onlline.com\/es\/wp-json\/wp\/v2\/comments?post=10"}],"version-history":[{"count":11,"href":"https:\/\/vulkanrussia-onlline.com\/es\/wp-json\/wp\/v2\/pages\/10\/revisions"}],"predecessor-version":[{"id":127,"href":"https:\/\/vulkanrussia-onlline.com\/es\/wp-json\/wp\/v2\/pages\/10\/revisions\/127"}],"wp:attachment":[{"href":"https:\/\/vulkanrussia-onlline.com\/es\/wp-json\/wp\/v2\/media?parent=10"}],"curies":[{"name":"wp","href":"https:\/\/api.w.org\/{rel}","templated":true}]}}