{"id":14,"date":"2023-08-25T00:47:32","date_gmt":"2023-08-25T00:47:32","guid":{"rendered":"https:\/\/vulkanrussia-onlline.com\/?page_id=14"},"modified":"2024-05-18T09:38:55","modified_gmt":"2024-05-18T09:38:55","slug":"home","status":"publish","type":"page","link":"https:\/\/vulkanrussia-onlline.com\/es\/","title":{"rendered":"Bienvenido a Vulkan Online Casino: Tu Camino hacia la Suerte y el Entretenimiento"},"content":{"rendered":"<p>\u00a1Vulkan Online Casino te da la bienvenida al emocionante mundo de la diversi\u00f3n, el entretenimiento y las ganancias incre\u00edbles! Nos enorgullecemos de ofrecer juegos de alta calidad, una plataforma de juego segura para nuestros jugadores y ofertas de bonificaci\u00f3n que elevar\u00e1n tus emociones a un nuevo nivel.<br \/>\n<a href=\"https:\/\/codere-casino.bet\/\">Tragamonedas en l\u00ednea en el casino Codere<\/a>?<br \/>\n<a href=\"https:\/\/betssoncasino.bet\/\">Tragamonedas en l\u00ednea en el casino Betsson<\/a>? <\/p>\n<h2><strong>Amplio Cat\u00e1logo de Juegos en L\u00ednea<\/strong><\/h2>\n<p>En Vulkan Online Casino, ofrecemos una lista incre\u00edblemente extensa de juegos disponibles que satisfar\u00e1n incluso a los jugadores m\u00e1s exigentes. Elige entre una variedad de tragamonedas cl\u00e1sicas y modernas, envolventes juegos de mesa que incluyen ruleta, blackjack, p\u00f3ker y m\u00e1s. No hemos olvidado los <a href=\"https:\/\/aviator-games.casino\/es\/\">juegos de tipo crash (Aviator)<\/a>. Actualizamos constantemente nuestra selecci\u00f3n para brindarte solo lo mejor.<\/p>\n<h2><strong>Tipos de Juegos \u00danicos<\/strong><\/h2>\n<p>Juega una variedad de tipos de juegos en Vulkan Online Casino. Desde <a href=\"https:\/\/1-win.in\/spanish\/1win-online-casino\">tragamonedas<\/a> con gr\u00e1ficos impresionantes y numerosas rondas de bonificaci\u00f3n hasta juegos de mesa con crupieres en tiempo real, tenemos todo para satisfacer tus deseos de juego y ganar dinero sustancial. Vulkan Online Casino es el lugar adecuado para ganar a lo grande.<\/p>\n<h2><strong>M\u00e9todos de Dep\u00f3sito y Retiro<\/strong><\/h2>\n<p>Ofrecemos diversos m\u00e9todos convenientes para hacer dep\u00f3sitos y retirar ganancias. Puedes elegir el m\u00e9todo m\u00e1s adecuado, ya sea una tarjeta de cr\u00e9dito, billeteras electr\u00f3nicas, transferencias bancarias o criptomonedas. Tus transacciones financieras siempre ser\u00e1n seguras y protegidas. Puedes confiar en la seguridad de nuestras operaciones financieras.<\/p>\n<h2><strong>Licencia y Seguridad en Vulkan Casino<\/strong><\/h2>\n<p>Vulkan Online Casino tiene una licencia de reguladores de prestigio en Curazao, lo que garantiza la equidad y la confiabilidad de nuestra experiencia de juego. Tu seguridad y la confidencialidad de tus datos son nuestras principales prioridades. Utilizamos tecnolog\u00edas avanzadas de cifrado para proteger tu informaci\u00f3n personal y financiera.<\/p>\n<h2><strong>Bonos y Promociones de Vulkan Casino<\/strong><\/h2>\n<p>En Vulkan Online Casino, conocemos y valoramos a nuestros jugadores. Ofrecemos varios bonos y promociones que aumentan tus posibilidades de ganar. Desde bonos de bienvenida para nuevos jugadores hasta promociones semanales y torneos, siempre cuidamos de ti. Tambi\u00e9n proporcionamos bonos exclusivos, como bonificaciones de cumplea\u00f1os y bonificaciones para ocasiones especiales, como giros gratis en fechas espec\u00edficas.<\/p>\n<h2><strong>Soporte 24\/7<\/strong><\/h2>\n<p>No importa las preguntas o dificultades, el servicio de atenci\u00f3n al cliente de Vulkan Online Casino est\u00e1 disponible para ti las 24 horas, los 7 d\u00edas de la semana. Nuestros expertos est\u00e1n siempre listos para ayudarte a resolver cualquier problema y garantizar una experiencia de juego positiva, sin importar la complejidad de tu problema. Estamos aqu\u00ed para ayudar y responder cualquier pregunta. \u00bfNo puedes hacer un dep\u00f3sito? Te guiaremos sobre c\u00f3mo hacerlo. \u00bfTu retiro est\u00e1 tardando? Proporcionaremos informaci\u00f3n sobre el estado de la transacci\u00f3n. Estos son solo algunos ejemplos.<\/p>\n<h2><strong>\u00a1\u00danete a Vulkan Casino!<\/strong><\/h2>\n<p>\u00danete a Vulkan Online Casino y descubre el emocionante mundo del entretenimiento y el juego. Independientemente de tu experiencia de juego, tenemos todo para satisfacer tus necesidades. Inicia tu viaje de juego con nosotros y siente la emoci\u00f3n mientras te elevas a las alturas de la diversi\u00f3n del juego y las oportunidades para ganar en serio. \u00a1Bienvenido al mundo de Vulkan Online Casino, tu socio confiable en el camino hacia la suerte y el entretenimiento verdadero!<\/p>\n","protected":false},"excerpt":{"rendered":"<p>\u00a1Vulkan Online Casino te da la bienvenida al emocionante mundo de la diversi\u00f3n, el entretenimiento y las ganancias incre\u00edbles! Nos enorgullecemos de ofrecer juegos de alta calidad, una plataforma de juego segura para nuestros jugadores y ofertas de bonificaci\u00f3n que elevar\u00e1n tus emociones a un nuevo nivel. Tragamonedas en l\u00ednea en el casino Codere? Tragamonedas&hellip;<\/p>\n","protected":false},"author":1,"featured_media":0,"parent":0,"menu_order":0,"comment_status":"closed","ping_status":"closed","template":"","meta":{"footnotes":""},"class_list":["post-14","page","type-page","status-publish","hentry"],"yoast_head":"<!-- This site is optimized with the Yoast SEO plugin v27.2 - https:\/\/yoast.com\/product\/yoast-seo-wordpress\/ -->\n<title>\u0418\u0433\u0440\u0430\u0442\u044c \u0432 \u043e\u043d\u043b\u0430\u0439\u043d \u043a\u0430\u0437\u0438\u043d\u043e \u0412\u0443\u043b\u043a\u0430\u043d<\/title>\n<meta name=\"description\" content=\"Juega con dinero real en el Casino en L\u00ednea Vulkan. Bonos, descargas, tragamonedas, juegos de crash, p\u00f3ker, ruleta, dep\u00f3sito y retiro de ganancias. C\u00f3mo jugar y ganar en Vulkan\" \/>\n<meta name=\"robots\" content=\"index, follow, max-snippet:-1, max-image-preview:large, max-video-preview:-1\" \/>\n<link rel=\"canonical\" href=\"https:\/\/vulkanrussia-onlline.com\/es\/\" \/>\n<meta property=\"og:locale\" content=\"es_ES\" \/>\n<meta property=\"og:locale:alternate\" content=\"ru_RU\" \/>\n<meta property=\"og:locale:alternate\" content=\"en_US\" \/>\n<meta property=\"og:locale:alternate\" content=\"pt_PT\" \/>\n<meta property=\"og:locale:alternate\" content=\"fr_FR\" \/>\n<meta property=\"og:locale:alternate\" content=\"de_DE\" \/>\n<meta property=\"og:locale:alternate\" content=\"ro_RO\" \/>\n<meta property=\"og:locale:alternate\" content=\"sr_RS\" \/>\n<meta property=\"og:locale:alternate\" content=\"bg_BG\" \/>\n<meta property=\"og:type\" content=\"article\" \/>\n<meta property=\"og:title\" content=\"\u0418\u0433\u0440\u0430\u0442\u044c \u0432 \u043e\u043d\u043b\u0430\u0439\u043d \u043a\u0430\u0437\u0438\u043d\u043e \u0412\u0443\u043b\u043a\u0430\u043d\" \/>\n<meta property=\"og:description\" content=\"\u0418\u0433\u0440\u0430\u0442\u044c \u043d\u0430 \u0440\u0435\u0430\u043b\u044c\u043d\u044b\u0435 \u0434\u0435\u043d\u044c\u0433\u0438 \u0432 \u043e\u043d\u043b\u0430\u0439\u043d \u043a\u0430\u0437\u0438\u043d\u043e Vulkan. \u0411\u043e\u043d\u0443\u0441\u044b, \u0441\u043a\u0430\u0447\u0430\u0442\u044c, \u0441\u043b\u043e\u0442\u044b, \u043a\u0440\u0430\u0448 \u0438\u0433\u0440\u044b, \u043f\u043e\u043a\u0435\u0440, \u0440\u0443\u043b\u0435\u0442\u043a\u0430, \u0434\u0435\u043f\u043e\u0437\u0438\u0442 \u0438 \u0432\u044b\u0432\u043e\u0434 \u0432\u044b\u0438\u0433\u0440\u044b\u0448\u0435\u0439. \u041a\u0430\u043a \u0438\u0433\u0440\u0430\u0442\u044c \u0438 \u043f\u043e\u0431\u0435\u0436\u0434\u0430\u0442\u044c \u0432 \u0412\u0443\u043b\u043a\u0430\u043d\" \/>\n<meta property=\"og:url\" content=\"https:\/\/vulkanrussia-onlline.com\/es\/\" \/>\n<meta property=\"og:site_name\" content=\"Vulkan\" \/>\n<meta property=\"article:modified_time\" content=\"2024-05-18T09:38:55+00:00\" \/>\n<meta name=\"twitter:card\" content=\"summary_large_image\" \/>\n<meta name=\"twitter:label1\" content=\"Tiempo de lectura\" \/>\n\t<meta name=\"twitter:data1\" content=\"17 minutos\" \/>\n<script type=\"application\/ld+json\" class=\"yoast-schema-graph\">{\"@context\":\"https:\/\/schema.org\",\"@graph\":[{\"@type\":\"WebPage\",\"@id\":\"https:\/\/vulkanrussia-onlline.com\/\",\"url\":\"https:\/\/vulkanrussia-onlline.com\/\",\"name\":\"\u0418\u0433\u0440\u0430\u0442\u044c \u0432 \u043e\u043d\u043b\u0430\u0439\u043d \u043a\u0430\u0437\u0438\u043d\u043e \u0412\u0443\u043b\u043a\u0430\u043d\",\"isPartOf\":{\"@id\":\"https:\/\/vulkanrussia-onlline.com\/#website\"},\"datePublished\":\"2023-08-25T00:47:32+00:00\",\"dateModified\":\"2024-05-18T09:38:55+00:00\",\"description\":\"\u0418\u0433\u0440\u0430\u0442\u044c \u043d\u0430 \u0440\u0435\u0430\u043b\u044c\u043d\u044b\u0435 \u0434\u0435\u043d\u044c\u0433\u0438 \u0432 \u043e\u043d\u043b\u0430\u0439\u043d \u043a\u0430\u0437\u0438\u043d\u043e Vulkan. \u0411\u043e\u043d\u0443\u0441\u044b, \u0441\u043a\u0430\u0447\u0430\u0442\u044c, \u0441\u043b\u043e\u0442\u044b, \u043a\u0440\u0430\u0448 \u0438\u0433\u0440\u044b, \u043f\u043e\u043a\u0435\u0440, \u0440\u0443\u043b\u0435\u0442\u043a\u0430, \u0434\u0435\u043f\u043e\u0437\u0438\u0442 \u0438 \u0432\u044b\u0432\u043e\u0434 \u0432\u044b\u0438\u0433\u0440\u044b\u0448\u0435\u0439. \u041a\u0430\u043a \u0438\u0433\u0440\u0430\u0442\u044c \u0438 \u043f\u043e\u0431\u0435\u0436\u0434\u0430\u0442\u044c \u0432 \u0412\u0443\u043b\u043a\u0430\u043d\",\"breadcrumb\":{\"@id\":\"https:\/\/vulkanrussia-onlline.com\/#breadcrumb\"},\"inLanguage\":\"es-ES\",\"potentialAction\":[{\"@type\":\"ReadAction\",\"target\":[\"https:\/\/vulkanrussia-onlline.com\/\"]}]},{\"@type\":\"BreadcrumbList\",\"@id\":\"https:\/\/vulkanrussia-onlline.com\/#breadcrumb\",\"itemListElement\":[{\"@type\":\"ListItem\",\"position\":1,\"name\":\"Home\",\"item\":\"https:\/\/vulkanrussia-onlline.com\/\"},{\"@type\":\"ListItem\",\"position\":2,\"name\":\"\u0414\u043e\u0431\u0440\u043e \u043f\u043e\u0436\u0430\u043b\u043e\u0432\u0430\u0442\u044c \u0432 \u041e\u043d\u043b\u0430\u0439\u043d \u041a\u0430\u0437\u0438\u043d\u043e \u0412\u0443\u043b\u043a\u0430\u043d: \u0412\u0430\u0448 \u041f\u0443\u0442\u044c \u043a \u0423\u0434\u0430\u0447\u0435 \u0438 \u0420\u0430\u0437\u0432\u043b\u0435\u0447\u0435\u043d\u0438\u044f\u043c\"}]},{\"@type\":\"WebSite\",\"@id\":\"https:\/\/vulkanrussia-onlline.com\/#website\",\"url\":\"https:\/\/vulkanrussia-onlline.com\/\",\"name\":\"Vulkan\",\"description\":\"Just another WordPress site\",\"publisher\":{\"@id\":\"https:\/\/vulkanrussia-onlline.com\/#organization\"},\"potentialAction\":[{\"@type\":\"SearchAction\",\"target\":{\"@type\":\"EntryPoint\",\"urlTemplate\":\"https:\/\/vulkanrussia-onlline.com\/?s={search_term_string}\"},\"query-input\":{\"@type\":\"PropertyValueSpecification\",\"valueRequired\":true,\"valueName\":\"search_term_string\"}}],\"inLanguage\":\"es-ES\"},{\"@type\":\"Organization\",\"@id\":\"https:\/\/vulkanrussia-onlline.com\/#organization\",\"name\":\"Vulkan\",\"url\":\"https:\/\/vulkanrussia-onlline.com\/\",\"logo\":{\"@type\":\"ImageObject\",\"inLanguage\":\"es-ES\",\"@id\":\"https:\/\/vulkanrussia-onlline.com\/#\/schema\/logo\/image\/\",\"url\":\"https:\/\/vulkanrussia-onlline.com\/wp-content\/uploads\/vulkan.png\",\"contentUrl\":\"https:\/\/vulkanrussia-onlline.com\/wp-content\/uploads\/vulkan.png\",\"width\":202,\"height\":149,\"caption\":\"Vulkan\"},\"image\":{\"@id\":\"https:\/\/vulkanrussia-onlline.com\/#\/schema\/logo\/image\/\"}}]}<\/script>\n<!-- \/ Yoast SEO plugin. -->","yoast_head_json":{"title":"\u0418\u0433\u0440\u0430\u0442\u044c \u0432 \u043e\u043d\u043b\u0430\u0439\u043d \u043a\u0430\u0437\u0438\u043d\u043e \u0412\u0443\u043b\u043a\u0430\u043d","description":"Juega con dinero real en el Casino en L\u00ednea Vulkan. Bonos, descargas, tragamonedas, juegos de crash, p\u00f3ker, ruleta, dep\u00f3sito y retiro de ganancias. C\u00f3mo jugar y ganar en Vulkan","robots":{"index":"index","follow":"follow","max-snippet":"max-snippet:-1","max-image-preview":"max-image-preview:large","max-video-preview":"max-video-preview:-1"},"canonical":"https:\/\/vulkanrussia-onlline.com\/es\/","og_locale":"es_ES","og_type":"article","og_title":"\u0418\u0433\u0440\u0430\u0442\u044c \u0432 \u043e\u043d\u043b\u0430\u0439\u043d \u043a\u0430\u0437\u0438\u043d\u043e \u0412\u0443\u043b\u043a\u0430\u043d","og_description":"\u0418\u0433\u0440\u0430\u0442\u044c \u043d\u0430 \u0440\u0435\u0430\u043b\u044c\u043d\u044b\u0435 \u0434\u0435\u043d\u044c\u0433\u0438 \u0432 \u043e\u043d\u043b\u0430\u0439\u043d \u043a\u0430\u0437\u0438\u043d\u043e Vulkan. \u0411\u043e\u043d\u0443\u0441\u044b, \u0441\u043a\u0430\u0447\u0430\u0442\u044c, \u0441\u043b\u043e\u0442\u044b, \u043a\u0440\u0430\u0448 \u0438\u0433\u0440\u044b, \u043f\u043e\u043a\u0435\u0440, \u0440\u0443\u043b\u0435\u0442\u043a\u0430, \u0434\u0435\u043f\u043e\u0437\u0438\u0442 \u0438 \u0432\u044b\u0432\u043e\u0434 \u0432\u044b\u0438\u0433\u0440\u044b\u0448\u0435\u0439. \u041a\u0430\u043a \u0438\u0433\u0440\u0430\u0442\u044c \u0438 \u043f\u043e\u0431\u0435\u0436\u0434\u0430\u0442\u044c \u0432 \u0412\u0443\u043b\u043a\u0430\u043d","og_url":"https:\/\/vulkanrussia-onlline.com\/es\/","og_site_name":"Vulkan","article_modified_time":"2024-05-18T09:38:55+00:00","twitter_card":"summary_large_image","twitter_misc":{"Tiempo de lectura":"17 minutos"},"schema":{"@context":"https:\/\/schema.org","@graph":[{"@type":"WebPage","@id":"https:\/\/vulkanrussia-onlline.com\/","url":"https:\/\/vulkanrussia-onlline.com\/","name":"\u0418\u0433\u0440\u0430\u0442\u044c \u0432 \u043e\u043d\u043b\u0430\u0439\u043d \u043a\u0430\u0437\u0438\u043d\u043e \u0412\u0443\u043b\u043a\u0430\u043d","isPartOf":{"@id":"https:\/\/vulkanrussia-onlline.com\/#website"},"datePublished":"2023-08-25T00:47:32+00:00","dateModified":"2024-05-18T09:38:55+00:00","description":"\u0418\u0433\u0440\u0430\u0442\u044c \u043d\u0430 \u0440\u0435\u0430\u043b\u044c\u043d\u044b\u0435 \u0434\u0435\u043d\u044c\u0433\u0438 \u0432 \u043e\u043d\u043b\u0430\u0439\u043d \u043a\u0430\u0437\u0438\u043d\u043e Vulkan. \u0411\u043e\u043d\u0443\u0441\u044b, \u0441\u043a\u0430\u0447\u0430\u0442\u044c, \u0441\u043b\u043e\u0442\u044b, \u043a\u0440\u0430\u0448 \u0438\u0433\u0440\u044b, \u043f\u043e\u043a\u0435\u0440, \u0440\u0443\u043b\u0435\u0442\u043a\u0430, \u0434\u0435\u043f\u043e\u0437\u0438\u0442 \u0438 \u0432\u044b\u0432\u043e\u0434 \u0432\u044b\u0438\u0433\u0440\u044b\u0448\u0435\u0439. \u041a\u0430\u043a \u0438\u0433\u0440\u0430\u0442\u044c \u0438 \u043f\u043e\u0431\u0435\u0436\u0434\u0430\u0442\u044c \u0432 \u0412\u0443\u043b\u043a\u0430\u043d","breadcrumb":{"@id":"https:\/\/vulkanrussia-onlline.com\/#breadcrumb"},"inLanguage":"es-ES","potentialAction":[{"@type":"ReadAction","target":["https:\/\/vulkanrussia-onlline.com\/"]}]},{"@type":"BreadcrumbList","@id":"https:\/\/vulkanrussia-onlline.com\/#breadcrumb","itemListElement":[{"@type":"ListItem","position":1,"name":"Home","item":"https:\/\/vulkanrussia-onlline.com\/"},{"@type":"ListItem","position":2,"name":"\u0414\u043e\u0431\u0440\u043e \u043f\u043e\u0436\u0430\u043b\u043e\u0432\u0430\u0442\u044c \u0432 \u041e\u043d\u043b\u0430\u0439\u043d \u041a\u0430\u0437\u0438\u043d\u043e \u0412\u0443\u043b\u043a\u0430\u043d: \u0412\u0430\u0448 \u041f\u0443\u0442\u044c \u043a \u0423\u0434\u0430\u0447\u0435 \u0438 \u0420\u0430\u0437\u0432\u043b\u0435\u0447\u0435\u043d\u0438\u044f\u043c"}]},{"@type":"WebSite","@id":"https:\/\/vulkanrussia-onlline.com\/#website","url":"https:\/\/vulkanrussia-onlline.com\/","name":"Vulkan","description":"Just another WordPress site","publisher":{"@id":"https:\/\/vulkanrussia-onlline.com\/#organization"},"potentialAction":[{"@type":"SearchAction","target":{"@type":"EntryPoint","urlTemplate":"https:\/\/vulkanrussia-onlline.com\/?s={search_term_string}"},"query-input":{"@type":"PropertyValueSpecification","valueRequired":true,"valueName":"search_term_string"}}],"inLanguage":"es-ES"},{"@type":"Organization","@id":"https:\/\/vulkanrussia-onlline.com\/#organization","name":"Vulkan","url":"https:\/\/vulkanrussia-onlline.com\/","logo":{"@type":"ImageObject","inLanguage":"es-ES","@id":"https:\/\/vulkanrussia-onlline.com\/#\/schema\/logo\/image\/","url":"https:\/\/vulkanrussia-onlline.com\/wp-content\/uploads\/vulkan.png","contentUrl":"https:\/\/vulkanrussia-onlline.com\/wp-content\/uploads\/vulkan.png","width":202,"height":149,"caption":"Vulkan"},"image":{"@id":"https:\/\/vulkanrussia-onlline.com\/#\/schema\/logo\/image\/"}}]}},"_links":{"self":[{"href":"https:\/\/vulkanrussia-onlline.com\/es\/wp-json\/wp\/v2\/pages\/14","targetHints":{"allow":["GET"]}}],"collection":[{"href":"https:\/\/vulkanrussia-onlline.com\/es\/wp-json\/wp\/v2\/pages"}],"about":[{"href":"https:\/\/vulkanrussia-onlline.com\/es\/wp-json\/wp\/v2\/types\/page"}],"author":[{"embeddable":true,"href":"https:\/\/vulkanrussia-onlline.com\/es\/wp-json\/wp\/v2\/users\/1"}],"replies":[{"embeddable":true,"href":"https:\/\/vulkanrussia-onlline.com\/es\/wp-json\/wp\/v2\/comments?post=14"}],"version-history":[{"count":23,"href":"https:\/\/vulkanrussia-onlline.com\/es\/wp-json\/wp\/v2\/pages\/14\/revisions"}],"predecessor-version":[{"id":99,"href":"https:\/\/vulkanrussia-onlline.com\/es\/wp-json\/wp\/v2\/pages\/14\/revisions\/99"}],"wp:attachment":[{"href":"https:\/\/vulkanrussia-onlline.com\/es\/wp-json\/wp\/v2\/media?parent=14"}],"curies":[{"name":"wp","href":"https:\/\/api.w.org\/{rel}","templated":true}]}}