{"id":10,"date":"2023-08-25T00:40:23","date_gmt":"2023-08-25T00:40:23","guid":{"rendered":"https:\/\/vulkanrussia-onlline.com\/?page_id=10"},"modified":"2023-11-20T01:02:24","modified_gmt":"2023-11-20T01:02:24","slug":"vulkan-reviews","status":"publish","type":"page","link":"https:\/\/vulkanrussia-onlline.com\/fr\/vulkan-reviews\/","title":{"rendered":"Avis sur le Casino en Ligne Vulkan"},"content":{"rendered":"<p>Nous comprenons \u00e0 quel point il est crucial de trouver un casino en ligne honn\u00eate et r\u00e9put\u00e9 pour votre exp\u00e9rience de jeu. Avant de commencer \u00e0 jouer, vous souhaitez rassembler autant d&rsquo;informations que possible sur le casino et les possibilit\u00e9s de gains substantiels. Il y a de nombreuses questions. Par cons\u00e9quent, il est essentiel de lire les avis des joueurs sur Vulkan. Ce sont de v\u00e9ritables avis honn\u00eates, qui ressemblent parfois aux avis sur le casino Vulkan. En lisant de tels avis, vous aurez une meilleure compr\u00e9hension de ce qu&rsquo;est le Casino Vulkan et des fonctionnalit\u00e9s qu&rsquo;il offre.<\/p>\n<p><strong>Avis : Casino Vulkan &#8211; Un endroit incroyable<\/strong><\/p>\n<p>Le Casino en Ligne Vulkan est un endroit o\u00f9 j&rsquo;ai trouv\u00e9 une vari\u00e9t\u00e9 incroyable de jeux ! Des machines \u00e0 sous classiques aux jeux vid\u00e9o passionnants, tout y est. Les bonus et les promotions ont \u00e9galement \u00e9t\u00e9 une agr\u00e9able surprise !<\/p>\n<p>Anna D., 19 ans<\/p>\n<p><strong>Avis : Vitesse de paiement impressionnante chez Vulkan<\/strong><\/p>\n<p>La vitesse de paiement au Casino en Ligne Vulkan est tout simplement \u00e9tonnante ! Je peux toujours compter sur le transfert rapide et sans retard de mes gains sur mon compte.<\/p>\n<p>Maxim P., 25 ans<\/p>\n<p><strong>Avis : Excellent service client au Casino Vulkan<\/strong><\/p>\n<p>Ekaterina K. : Un grand merci au Casino en Ligne Vulkan pour leur service client r\u00e9actif. Ils sont toujours pr\u00eats \u00e0 aider, \u00e0 r\u00e9pondre aux questions et \u00e0 r\u00e9soudre les probl\u00e8mes qui se posent.<\/p>\n<p>Ekaterina K., 23 ans<\/p>\n<p><strong>Avis : J&rsquo;aime le Casino en Ligne Vulkan<\/strong><\/p>\n<p>J&rsquo;aime que le Casino en Ligne Vulkan offre une vari\u00e9t\u00e9 d&rsquo;options pour d\u00e9poser et retirer les gains. C&rsquo;est pratique et vous permet de choisir la m\u00e9thode la plus adapt\u00e9e.<\/p>\n<p>Alexey G., 30 ans<\/p>\n<p><strong>Avis : Je joue \u00e0 Vulkan depuis de nombreuses ann\u00e9es<\/strong><\/p>\n<p>Je joue au Casino en Ligne Vulkan depuis plusieurs ann\u00e9es et je me sens toujours en s\u00e9curit\u00e9. Leur licence et leurs m\u00e9thodes de cryptage fiables rendent le jeu \u00e9quitable et s\u00e9curis\u00e9.<\/p>\n<p>Olga A., 32 ans<\/p>\n<p><strong>Avis : Participation aux tournois chez Vulkan<\/strong><\/p>\n<p>Denis M. : Les tournois et les comp\u00e9titions au Casino en Ligne Vulkan sont un r\u00e9el plaisir ! Y participer apporte non seulement des gains suppl\u00e9mentaires, mais ajoute \u00e9galement de l&rsquo;excitation au jeu.<\/p>\n<p>Denis M., 35 ans<\/p>\n<p><strong>Avis : J&rsquo;adore les bonus de bienvenue chez Vulkan<\/strong><\/p>\n<p>Les bonus de bienvenue au Casino en Ligne Vulkan sont un v\u00e9ritable tr\u00e9sor ! J&rsquo;ai commenc\u00e9 mon jeu avec des fonds suppl\u00e9mentaires et j&rsquo;ai consid\u00e9rablement augment\u00e9 mes chances de gagner.<\/p>\n<p>Angela T., 27 ans<\/p>\n<p><strong>Avis : J&rsquo;appr\u00e9cie la large s\u00e9lection de jeux chez Vulkan<\/strong><\/p>\n<p>J&rsquo;aime comment le Casino en Ligne Vulkan met r\u00e9guli\u00e8rement \u00e0 jour sa collection de jeux. Les nouvelles sorties sont toujours int\u00e9ressantes et actuelles, tandis que les machines \u00e0 sous classiques sont nostalgiques.\u00a0\u00bb<\/p>\n<p>Sergey V., 34 ans<\/p>\n<p><strong>Avis : T\u00e9l\u00e9chargement pratique des jeux depuis le site de Vulkan<\/strong><\/p>\n<p>Le t\u00e9l\u00e9chargement de jeux depuis le site du Casino en Ligne Vulkan est pratique ! Je peux profiter des jeux en mode hors ligne sans compromettre la qualit\u00e9 des graphismes et des performances.\u00a0\u00bb<\/p>\n<p>Irina R., 26 ans<\/p>\n<p><strong>Avis : J&rsquo;appr\u00e9cie le service client de Vulkan<\/strong><\/p>\n<p>Le service client du Casino en Ligne Vulkan m\u00e9rite vraiment des \u00e9loges. Ils sont toujours pr\u00eats \u00e0 aider et \u00e0 r\u00e9pondre \u00e0 toutes les questions. Vous avez l&rsquo;impression d&rsquo;\u00eatre un joueur valoris\u00e9 !<\/p>\n<p>Pavel L., 32 ans<\/p>\n","protected":false},"excerpt":{"rendered":"<p>Nous comprenons \u00e0 quel point il est crucial de trouver un casino en ligne honn\u00eate et r\u00e9put\u00e9 pour votre exp\u00e9rience de jeu. Avant de commencer \u00e0 jouer, vous souhaitez rassembler autant d&rsquo;informations que possible sur le casino et les possibilit\u00e9s de gains substantiels. Il y a de nombreuses questions. Par cons\u00e9quent, il est essentiel de&hellip;<\/p>\n","protected":false},"author":1,"featured_media":0,"parent":0,"menu_order":0,"comment_status":"closed","ping_status":"closed","template":"","meta":{"footnotes":""},"class_list":["post-10","page","type-page","status-publish","hentry"],"yoast_head":"<!-- This site is optimized with the Yoast SEO plugin v27.2 - https:\/\/yoast.com\/product\/yoast-seo-wordpress\/ -->\n<title>\u041e\u0442\u0437\u044b\u0432\u044b \u0438\u0433\u0440\u043e\u043a\u043e\u0432 \u043e\u0431 \u043e\u043d\u043b\u0430\u0439\u043d \u043a\u0430\u0437\u0438\u043d\u043e \u0412\u0443\u043b\u043a\u0430\u043d<\/title>\n<meta name=\"description\" content=\"Avis des joueurs sur Vulkan, opinions sur le Casino Vulkan\" \/>\n<meta name=\"robots\" content=\"index, follow, max-snippet:-1, max-image-preview:large, max-video-preview:-1\" \/>\n<link rel=\"canonical\" href=\"https:\/\/vulkanrussia-onlline.com\/fr\/vulkan-reviews\/\" \/>\n<meta property=\"og:locale\" content=\"fr_FR\" \/>\n<meta property=\"og:locale:alternate\" content=\"ru_RU\" \/>\n<meta property=\"og:locale:alternate\" content=\"en_US\" \/>\n<meta property=\"og:locale:alternate\" content=\"pt_PT\" \/>\n<meta property=\"og:locale:alternate\" content=\"es_ES\" \/>\n<meta property=\"og:locale:alternate\" content=\"de_DE\" \/>\n<meta property=\"og:locale:alternate\" content=\"ro_RO\" \/>\n<meta property=\"og:locale:alternate\" content=\"sr_RS\" \/>\n<meta property=\"og:locale:alternate\" content=\"bg_BG\" \/>\n<meta property=\"og:type\" content=\"article\" \/>\n<meta property=\"og:title\" content=\"\u041e\u0442\u0437\u044b\u0432\u044b \u0438\u0433\u0440\u043e\u043a\u043e\u0432 \u043e\u0431 \u043e\u043d\u043b\u0430\u0439\u043d \u043a\u0430\u0437\u0438\u043d\u043e \u0412\u0443\u043b\u043a\u0430\u043d\" \/>\n<meta property=\"og:description\" content=\"\u043e\u0442\u0437\u044b\u0432\u044b \u0438\u0433\u0440\u043e\u043a\u043e\u0432 \u0412\u0443\u043b\u043a\u0430\u043d, \u043c\u043d\u0435\u043d\u0438\u044f \u043e \u043a\u0430\u0437\u0438\u043d\u043e Vulkan\" \/>\n<meta property=\"og:url\" content=\"https:\/\/vulkanrussia-onlline.com\/fr\/vulkan-reviews\/\" \/>\n<meta property=\"og:site_name\" content=\"Vulkan\" \/>\n<meta property=\"article:modified_time\" content=\"2023-11-20T01:02:24+00:00\" \/>\n<meta name=\"twitter:card\" content=\"summary_large_image\" \/>\n<meta name=\"twitter:label1\" content=\"Dur\u00e9e de lecture estim\u00e9e\" \/>\n\t<meta name=\"twitter:data1\" content=\"16 minutes\" \/>\n<script type=\"application\/ld+json\" class=\"yoast-schema-graph\">{\"@context\":\"https:\/\/schema.org\",\"@graph\":[{\"@type\":\"WebPage\",\"@id\":\"https:\/\/vulkanrussia-onlline.com\/ro\/vulkan-reviews\/\",\"url\":\"https:\/\/vulkanrussia-onlline.com\/ro\/vulkan-reviews\/\",\"name\":\"\u041e\u0442\u0437\u044b\u0432\u044b \u0438\u0433\u0440\u043e\u043a\u043e\u0432 \u043e\u0431 \u043e\u043d\u043b\u0430\u0439\u043d \u043a\u0430\u0437\u0438\u043d\u043e \u0412\u0443\u043b\u043a\u0430\u043d\",\"isPartOf\":{\"@id\":\"https:\/\/vulkanrussia-onlline.com\/#website\"},\"datePublished\":\"2023-08-25T00:40:23+00:00\",\"dateModified\":\"2023-11-20T01:02:24+00:00\",\"description\":\"\u043e\u0442\u0437\u044b\u0432\u044b \u0438\u0433\u0440\u043e\u043a\u043e\u0432 \u0412\u0443\u043b\u043a\u0430\u043d, \u043c\u043d\u0435\u043d\u0438\u044f \u043e \u043a\u0430\u0437\u0438\u043d\u043e Vulkan\",\"breadcrumb\":{\"@id\":\"https:\/\/vulkanrussia-onlline.com\/ro\/vulkan-reviews\/#breadcrumb\"},\"inLanguage\":\"fr-FR\",\"potentialAction\":[{\"@type\":\"ReadAction\",\"target\":[\"https:\/\/vulkanrussia-onlline.com\/ro\/vulkan-reviews\/\"]}]},{\"@type\":\"BreadcrumbList\",\"@id\":\"https:\/\/vulkanrussia-onlline.com\/ro\/vulkan-reviews\/#breadcrumb\",\"itemListElement\":[{\"@type\":\"ListItem\",\"position\":1,\"name\":\"Home\",\"item\":\"https:\/\/vulkanrussia-onlline.com\/\"},{\"@type\":\"ListItem\",\"position\":2,\"name\":\"Recenzii ale Cazinoului Online Vulkan\"}]},{\"@type\":\"WebSite\",\"@id\":\"https:\/\/vulkanrussia-onlline.com\/#website\",\"url\":\"https:\/\/vulkanrussia-onlline.com\/\",\"name\":\"Vulkan\",\"description\":\"Just another WordPress site\",\"publisher\":{\"@id\":\"https:\/\/vulkanrussia-onlline.com\/#organization\"},\"potentialAction\":[{\"@type\":\"SearchAction\",\"target\":{\"@type\":\"EntryPoint\",\"urlTemplate\":\"https:\/\/vulkanrussia-onlline.com\/?s={search_term_string}\"},\"query-input\":{\"@type\":\"PropertyValueSpecification\",\"valueRequired\":true,\"valueName\":\"search_term_string\"}}],\"inLanguage\":\"fr-FR\"},{\"@type\":\"Organization\",\"@id\":\"https:\/\/vulkanrussia-onlline.com\/#organization\",\"name\":\"Vulkan\",\"url\":\"https:\/\/vulkanrussia-onlline.com\/\",\"logo\":{\"@type\":\"ImageObject\",\"inLanguage\":\"fr-FR\",\"@id\":\"https:\/\/vulkanrussia-onlline.com\/#\/schema\/logo\/image\/\",\"url\":\"https:\/\/vulkanrussia-onlline.com\/wp-content\/uploads\/vulkan.png\",\"contentUrl\":\"https:\/\/vulkanrussia-onlline.com\/wp-content\/uploads\/vulkan.png\",\"width\":202,\"height\":149,\"caption\":\"Vulkan\"},\"image\":{\"@id\":\"https:\/\/vulkanrussia-onlline.com\/#\/schema\/logo\/image\/\"}}]}<\/script>\n<!-- \/ Yoast SEO plugin. -->","yoast_head_json":{"title":"\u041e\u0442\u0437\u044b\u0432\u044b \u0438\u0433\u0440\u043e\u043a\u043e\u0432 \u043e\u0431 \u043e\u043d\u043b\u0430\u0439\u043d \u043a\u0430\u0437\u0438\u043d\u043e \u0412\u0443\u043b\u043a\u0430\u043d","description":"Avis des joueurs sur Vulkan, opinions sur le Casino Vulkan","robots":{"index":"index","follow":"follow","max-snippet":"max-snippet:-1","max-image-preview":"max-image-preview:large","max-video-preview":"max-video-preview:-1"},"canonical":"https:\/\/vulkanrussia-onlline.com\/fr\/vulkan-reviews\/","og_locale":"fr_FR","og_type":"article","og_title":"\u041e\u0442\u0437\u044b\u0432\u044b \u0438\u0433\u0440\u043e\u043a\u043e\u0432 \u043e\u0431 \u043e\u043d\u043b\u0430\u0439\u043d \u043a\u0430\u0437\u0438\u043d\u043e \u0412\u0443\u043b\u043a\u0430\u043d","og_description":"\u043e\u0442\u0437\u044b\u0432\u044b \u0438\u0433\u0440\u043e\u043a\u043e\u0432 \u0412\u0443\u043b\u043a\u0430\u043d, \u043c\u043d\u0435\u043d\u0438\u044f \u043e \u043a\u0430\u0437\u0438\u043d\u043e Vulkan","og_url":"https:\/\/vulkanrussia-onlline.com\/fr\/vulkan-reviews\/","og_site_name":"Vulkan","article_modified_time":"2023-11-20T01:02:24+00:00","twitter_card":"summary_large_image","twitter_misc":{"Dur\u00e9e de lecture estim\u00e9e":"16 minutes"},"schema":{"@context":"https:\/\/schema.org","@graph":[{"@type":"WebPage","@id":"https:\/\/vulkanrussia-onlline.com\/ro\/vulkan-reviews\/","url":"https:\/\/vulkanrussia-onlline.com\/ro\/vulkan-reviews\/","name":"\u041e\u0442\u0437\u044b\u0432\u044b \u0438\u0433\u0440\u043e\u043a\u043e\u0432 \u043e\u0431 \u043e\u043d\u043b\u0430\u0439\u043d \u043a\u0430\u0437\u0438\u043d\u043e \u0412\u0443\u043b\u043a\u0430\u043d","isPartOf":{"@id":"https:\/\/vulkanrussia-onlline.com\/#website"},"datePublished":"2023-08-25T00:40:23+00:00","dateModified":"2023-11-20T01:02:24+00:00","description":"\u043e\u0442\u0437\u044b\u0432\u044b \u0438\u0433\u0440\u043e\u043a\u043e\u0432 \u0412\u0443\u043b\u043a\u0430\u043d, \u043c\u043d\u0435\u043d\u0438\u044f \u043e \u043a\u0430\u0437\u0438\u043d\u043e Vulkan","breadcrumb":{"@id":"https:\/\/vulkanrussia-onlline.com\/ro\/vulkan-reviews\/#breadcrumb"},"inLanguage":"fr-FR","potentialAction":[{"@type":"ReadAction","target":["https:\/\/vulkanrussia-onlline.com\/ro\/vulkan-reviews\/"]}]},{"@type":"BreadcrumbList","@id":"https:\/\/vulkanrussia-onlline.com\/ro\/vulkan-reviews\/#breadcrumb","itemListElement":[{"@type":"ListItem","position":1,"name":"Home","item":"https:\/\/vulkanrussia-onlline.com\/"},{"@type":"ListItem","position":2,"name":"Recenzii ale Cazinoului Online Vulkan"}]},{"@type":"WebSite","@id":"https:\/\/vulkanrussia-onlline.com\/#website","url":"https:\/\/vulkanrussia-onlline.com\/","name":"Vulkan","description":"Just another WordPress site","publisher":{"@id":"https:\/\/vulkanrussia-onlline.com\/#organization"},"potentialAction":[{"@type":"SearchAction","target":{"@type":"EntryPoint","urlTemplate":"https:\/\/vulkanrussia-onlline.com\/?s={search_term_string}"},"query-input":{"@type":"PropertyValueSpecification","valueRequired":true,"valueName":"search_term_string"}}],"inLanguage":"fr-FR"},{"@type":"Organization","@id":"https:\/\/vulkanrussia-onlline.com\/#organization","name":"Vulkan","url":"https:\/\/vulkanrussia-onlline.com\/","logo":{"@type":"ImageObject","inLanguage":"fr-FR","@id":"https:\/\/vulkanrussia-onlline.com\/#\/schema\/logo\/image\/","url":"https:\/\/vulkanrussia-onlline.com\/wp-content\/uploads\/vulkan.png","contentUrl":"https:\/\/vulkanrussia-onlline.com\/wp-content\/uploads\/vulkan.png","width":202,"height":149,"caption":"Vulkan"},"image":{"@id":"https:\/\/vulkanrussia-onlline.com\/#\/schema\/logo\/image\/"}}]}},"_links":{"self":[{"href":"https:\/\/vulkanrussia-onlline.com\/fr\/wp-json\/wp\/v2\/pages\/10","targetHints":{"allow":["GET"]}}],"collection":[{"href":"https:\/\/vulkanrussia-onlline.com\/fr\/wp-json\/wp\/v2\/pages"}],"about":[{"href":"https:\/\/vulkanrussia-onlline.com\/fr\/wp-json\/wp\/v2\/types\/page"}],"author":[{"embeddable":true,"href":"https:\/\/vulkanrussia-onlline.com\/fr\/wp-json\/wp\/v2\/users\/1"}],"replies":[{"embeddable":true,"href":"https:\/\/vulkanrussia-onlline.com\/fr\/wp-json\/wp\/v2\/comments?post=10"}],"version-history":[{"count":11,"href":"https:\/\/vulkanrussia-onlline.com\/fr\/wp-json\/wp\/v2\/pages\/10\/revisions"}],"predecessor-version":[{"id":127,"href":"https:\/\/vulkanrussia-onlline.com\/fr\/wp-json\/wp\/v2\/pages\/10\/revisions\/127"}],"wp:attachment":[{"href":"https:\/\/vulkanrussia-onlline.com\/fr\/wp-json\/wp\/v2\/media?parent=10"}],"curies":[{"name":"wp","href":"https:\/\/api.w.org\/{rel}","templated":true}]}}