{"id":10,"date":"2023-08-25T00:40:23","date_gmt":"2023-08-25T00:40:23","guid":{"rendered":"https:\/\/vulkanrussia-onlline.com\/?page_id=10"},"modified":"2023-11-20T01:02:24","modified_gmt":"2023-11-20T01:02:24","slug":"vulkan-reviews","status":"publish","type":"page","link":"https:\/\/vulkanrussia-onlline.com\/pt\/vulkan-reviews\/","title":{"rendered":"Avalia\u00e7\u00f5es do Vulkan Online Casino"},"content":{"rendered":"<p>N\u00f3s entendemos o qu\u00e3o crucial \u00e9 encontrar um cassino online honesto e respeit\u00e1vel para a sua experi\u00eancia de jogo. Antes de come\u00e7ar a jogar, voc\u00ea deseja reunir o m\u00e1ximo de informa\u00e7\u00f5es poss\u00edvel sobre o cassino e o potencial de ganhos substanciais. Existem muitas perguntas. Portanto, \u00e9 essencial ler as opini\u00f5es dos jogadores sobre o Vulkan. Estas s\u00e3o avalia\u00e7\u00f5es genu\u00ednas e honestas, que \u00e0s vezes se assemelham a avalia\u00e7\u00f5es de cassinos do Vulkan. Ao ler tais avalia\u00e7\u00f5es, voc\u00ea ter\u00e1 uma compreens\u00e3o melhor do que \u00e9 o Casino Vulkan e das funcionalidades que ele oferece.<\/p>\n<p><strong>Avalia\u00e7\u00e3o: Casino Vulkan &#8211; Um Lugar Surpreendente<\/strong><\/p>\n<p>O Vulkan Online Casino \u00e9 um lugar onde encontrei uma incr\u00edvel variedade de jogos! Desde slots cl\u00e1ssicos at\u00e9 emocionantes jogos de v\u00eddeo &#8211; tem de tudo. Os b\u00f4nus e promo\u00e7\u00f5es tamb\u00e9m foram uma agrad\u00e1vel surpresa!<\/p>\n<p>Anna D., 19 anos<\/p>\n<p><strong>Avalia\u00e7\u00e3o: Velocidade de Pagamento Impressionante no Vulkan<\/strong><\/p>\n<p>A velocidade de pagamento no Vulkan Online Casino \u00e9 simplesmente surpreendente! Eu sempre posso contar com meus ganhos sendo transferidos para minha conta rapidamente e sem atrasos.<\/p>\n<p>Maxim P., 25 anos<\/p>\n<p><strong>Avalia\u00e7\u00e3o: Atendimento ao Cliente Excelente no Casino Vulkan<\/strong><\/p>\n<p>Ekaterina K.: Muito obrigado ao Vulkan Online Casino pelo seu atendimento ao cliente responsivo. Eles est\u00e3o sempre prontos para ajudar, responder perguntas e resolver quaisquer problemas que surjam.<\/p>\n<p>Ekaterina K., 23 anos<\/p>\n<p><strong>Avalia\u00e7\u00e3o: Gosto do Vulkan Online Casino<\/strong><\/p>\n<p>Gosto que o Vulkan Online Casino ofere\u00e7a uma variedade de op\u00e7\u00f5es para dep\u00f3sitos e saques de ganhos. \u00c9 conveniente e permite escolher o m\u00e9todo mais adequado.<\/p>\n<p>Alexey G., 30 anos<\/p>\n<p><strong>Avalia\u00e7\u00e3o: Jogando no Vulkan por Muitos Anos<\/strong><\/p>\n<p>Jogo no Vulkan Online Casino h\u00e1 v\u00e1rios anos e sempre me sinto seguro. Sua licen\u00e7a e m\u00e9todos de criptografia confi\u00e1veis tornam o jogo justo e seguro.<\/p>\n<p>Olga A., 32 anos<\/p>\n<p><strong>Avalia\u00e7\u00e3o: Participa\u00e7\u00e3o em Torneios no Vulkan<\/strong><\/p>\n<p>Denis M.: Torneios e competi\u00e7\u00f5es no Vulkan Online Casino s\u00e3o um verdadeiro prazer! Participar deles n\u00e3o s\u00f3 traz ganhos adicionais, mas tamb\u00e9m adiciona emo\u00e7\u00e3o ao jogo.<\/p>\n<p>Denis M., 35 anos<\/p>\n<p><strong>Avalia\u00e7\u00e3o: Amor pelos B\u00f4nus de Boas-Vindas no Vulkan<\/strong><\/p>\n<p>Os b\u00f4nus de boas-vindas no Vulkan Online Casino s\u00e3o um verdadeiro tesouro! Comecei meu jogo com fundos adicionais e aumentei significativamente minhas chances de ganhar.<\/p>\n<p>Angela T., 27 anos<\/p>\n<p><strong>Avalia\u00e7\u00e3o: Desfrute da Ampla Sele\u00e7\u00e3o de Jogos no Vulkan<\/strong><\/p>\n<p>Gosto de como o Vulkan Online Casino atualiza regularmente sua cole\u00e7\u00e3o de jogos. Os novos lan\u00e7amentos s\u00e3o sempre interessantes e relevantes, enquanto os slots cl\u00e1ssicos s\u00e3o nost\u00e1lgicos.&#8221;<\/p>\n<p>Sergey V., 34 anos<\/p>\n<p><strong>Avalia\u00e7\u00e3o: Downloads de Jogos Convenientes no Site do Vulkan<\/strong><\/p>\n<p>Fazer download de jogos do site do Vulkan Online Casino \u00e9 conveniente! Posso desfrutar dos jogos no modo offline sem comprometer a qualidade dos gr\u00e1ficos e do desempenho.&#8221;<\/p>\n<p>Irina R., 26 anos<\/p>\n<p><strong>Avalia\u00e7\u00e3o: Gosto do Atendimento ao Cliente do Vulkan<\/strong><\/p>\n<p>O atendimento ao cliente do Vulkan Online Casino merece elogios. Eles est\u00e3o sempre prontos para ajudar e responder a quaisquer perguntas. Voc\u00ea se sente como um jogador valorizado!<\/p>\n<p>Pavel L., 32 anos<\/p>\n","protected":false},"excerpt":{"rendered":"<p>N\u00f3s entendemos o qu\u00e3o crucial \u00e9 encontrar um cassino online honesto e respeit\u00e1vel para a sua experi\u00eancia de jogo. Antes de come\u00e7ar a jogar, voc\u00ea deseja reunir o m\u00e1ximo de informa\u00e7\u00f5es poss\u00edvel sobre o cassino e o potencial de ganhos substanciais. Existem muitas perguntas. Portanto, \u00e9 essencial ler as opini\u00f5es dos jogadores sobre o Vulkan.&hellip;<\/p>\n","protected":false},"author":1,"featured_media":0,"parent":0,"menu_order":0,"comment_status":"closed","ping_status":"closed","template":"","meta":{"footnotes":""},"class_list":["post-10","page","type-page","status-publish","hentry"],"yoast_head":"<!-- This site is optimized with the Yoast SEO plugin v27.2 - https:\/\/yoast.com\/product\/yoast-seo-wordpress\/ -->\n<title>\u041e\u0442\u0437\u044b\u0432\u044b \u0438\u0433\u0440\u043e\u043a\u043e\u0432 \u043e\u0431 \u043e\u043d\u043b\u0430\u0439\u043d \u043a\u0430\u0437\u0438\u043d\u043e \u0412\u0443\u043b\u043a\u0430\u043d<\/title>\n<meta name=\"description\" content=\"Avalia\u00e7\u00f5es dos jogadores do Vulkan, opini\u00f5es sobre o Casino Vulkan\" \/>\n<meta name=\"robots\" content=\"index, follow, max-snippet:-1, max-image-preview:large, max-video-preview:-1\" \/>\n<link rel=\"canonical\" href=\"https:\/\/vulkanrussia-onlline.com\/pt\/vulkan-reviews\/\" \/>\n<meta property=\"og:locale\" content=\"pt_PT\" \/>\n<meta property=\"og:locale:alternate\" content=\"ru_RU\" \/>\n<meta property=\"og:locale:alternate\" content=\"en_US\" \/>\n<meta property=\"og:locale:alternate\" content=\"es_ES\" \/>\n<meta property=\"og:locale:alternate\" content=\"fr_FR\" \/>\n<meta property=\"og:locale:alternate\" content=\"de_DE\" \/>\n<meta property=\"og:locale:alternate\" content=\"ro_RO\" \/>\n<meta property=\"og:locale:alternate\" content=\"sr_RS\" \/>\n<meta property=\"og:locale:alternate\" content=\"bg_BG\" \/>\n<meta property=\"og:type\" content=\"article\" \/>\n<meta property=\"og:title\" content=\"\u041e\u0442\u0437\u044b\u0432\u044b \u0438\u0433\u0440\u043e\u043a\u043e\u0432 \u043e\u0431 \u043e\u043d\u043b\u0430\u0439\u043d \u043a\u0430\u0437\u0438\u043d\u043e \u0412\u0443\u043b\u043a\u0430\u043d\" \/>\n<meta property=\"og:description\" content=\"\u043e\u0442\u0437\u044b\u0432\u044b \u0438\u0433\u0440\u043e\u043a\u043e\u0432 \u0412\u0443\u043b\u043a\u0430\u043d, \u043c\u043d\u0435\u043d\u0438\u044f \u043e \u043a\u0430\u0437\u0438\u043d\u043e Vulkan\" \/>\n<meta property=\"og:url\" content=\"https:\/\/vulkanrussia-onlline.com\/pt\/vulkan-reviews\/\" \/>\n<meta property=\"og:site_name\" content=\"Vulkan\" \/>\n<meta property=\"article:modified_time\" content=\"2023-11-20T01:02:24+00:00\" \/>\n<meta name=\"twitter:card\" content=\"summary_large_image\" \/>\n<meta name=\"twitter:label1\" content=\"Tempo estimado de leitura\" \/>\n\t<meta name=\"twitter:data1\" content=\"16 minutos\" \/>\n<script type=\"application\/ld+json\" class=\"yoast-schema-graph\">{\"@context\":\"https:\/\/schema.org\",\"@graph\":[{\"@type\":\"WebPage\",\"@id\":\"https:\/\/vulkanrussia-onlline.com\/ro\/vulkan-reviews\/\",\"url\":\"https:\/\/vulkanrussia-onlline.com\/ro\/vulkan-reviews\/\",\"name\":\"\u041e\u0442\u0437\u044b\u0432\u044b \u0438\u0433\u0440\u043e\u043a\u043e\u0432 \u043e\u0431 \u043e\u043d\u043b\u0430\u0439\u043d \u043a\u0430\u0437\u0438\u043d\u043e \u0412\u0443\u043b\u043a\u0430\u043d\",\"isPartOf\":{\"@id\":\"https:\/\/vulkanrussia-onlline.com\/#website\"},\"datePublished\":\"2023-08-25T00:40:23+00:00\",\"dateModified\":\"2023-11-20T01:02:24+00:00\",\"description\":\"\u043e\u0442\u0437\u044b\u0432\u044b \u0438\u0433\u0440\u043e\u043a\u043e\u0432 \u0412\u0443\u043b\u043a\u0430\u043d, \u043c\u043d\u0435\u043d\u0438\u044f \u043e \u043a\u0430\u0437\u0438\u043d\u043e Vulkan\",\"breadcrumb\":{\"@id\":\"https:\/\/vulkanrussia-onlline.com\/ro\/vulkan-reviews\/#breadcrumb\"},\"inLanguage\":\"pt-PT\",\"potentialAction\":[{\"@type\":\"ReadAction\",\"target\":[\"https:\/\/vulkanrussia-onlline.com\/ro\/vulkan-reviews\/\"]}]},{\"@type\":\"BreadcrumbList\",\"@id\":\"https:\/\/vulkanrussia-onlline.com\/ro\/vulkan-reviews\/#breadcrumb\",\"itemListElement\":[{\"@type\":\"ListItem\",\"position\":1,\"name\":\"Home\",\"item\":\"https:\/\/vulkanrussia-onlline.com\/\"},{\"@type\":\"ListItem\",\"position\":2,\"name\":\"Recenzii ale Cazinoului Online Vulkan\"}]},{\"@type\":\"WebSite\",\"@id\":\"https:\/\/vulkanrussia-onlline.com\/#website\",\"url\":\"https:\/\/vulkanrussia-onlline.com\/\",\"name\":\"Vulkan\",\"description\":\"Just another WordPress site\",\"publisher\":{\"@id\":\"https:\/\/vulkanrussia-onlline.com\/#organization\"},\"potentialAction\":[{\"@type\":\"SearchAction\",\"target\":{\"@type\":\"EntryPoint\",\"urlTemplate\":\"https:\/\/vulkanrussia-onlline.com\/?s={search_term_string}\"},\"query-input\":{\"@type\":\"PropertyValueSpecification\",\"valueRequired\":true,\"valueName\":\"search_term_string\"}}],\"inLanguage\":\"pt-PT\"},{\"@type\":\"Organization\",\"@id\":\"https:\/\/vulkanrussia-onlline.com\/#organization\",\"name\":\"Vulkan\",\"url\":\"https:\/\/vulkanrussia-onlline.com\/\",\"logo\":{\"@type\":\"ImageObject\",\"inLanguage\":\"pt-PT\",\"@id\":\"https:\/\/vulkanrussia-onlline.com\/#\/schema\/logo\/image\/\",\"url\":\"https:\/\/vulkanrussia-onlline.com\/wp-content\/uploads\/vulkan.png\",\"contentUrl\":\"https:\/\/vulkanrussia-onlline.com\/wp-content\/uploads\/vulkan.png\",\"width\":202,\"height\":149,\"caption\":\"Vulkan\"},\"image\":{\"@id\":\"https:\/\/vulkanrussia-onlline.com\/#\/schema\/logo\/image\/\"}}]}<\/script>\n<!-- \/ Yoast SEO plugin. -->","yoast_head_json":{"title":"\u041e\u0442\u0437\u044b\u0432\u044b \u0438\u0433\u0440\u043e\u043a\u043e\u0432 \u043e\u0431 \u043e\u043d\u043b\u0430\u0439\u043d \u043a\u0430\u0437\u0438\u043d\u043e \u0412\u0443\u043b\u043a\u0430\u043d","description":"Avalia\u00e7\u00f5es dos jogadores do Vulkan, opini\u00f5es sobre o Casino Vulkan","robots":{"index":"index","follow":"follow","max-snippet":"max-snippet:-1","max-image-preview":"max-image-preview:large","max-video-preview":"max-video-preview:-1"},"canonical":"https:\/\/vulkanrussia-onlline.com\/pt\/vulkan-reviews\/","og_locale":"pt_PT","og_type":"article","og_title":"\u041e\u0442\u0437\u044b\u0432\u044b \u0438\u0433\u0440\u043e\u043a\u043e\u0432 \u043e\u0431 \u043e\u043d\u043b\u0430\u0439\u043d \u043a\u0430\u0437\u0438\u043d\u043e \u0412\u0443\u043b\u043a\u0430\u043d","og_description":"\u043e\u0442\u0437\u044b\u0432\u044b \u0438\u0433\u0440\u043e\u043a\u043e\u0432 \u0412\u0443\u043b\u043a\u0430\u043d, \u043c\u043d\u0435\u043d\u0438\u044f \u043e \u043a\u0430\u0437\u0438\u043d\u043e Vulkan","og_url":"https:\/\/vulkanrussia-onlline.com\/pt\/vulkan-reviews\/","og_site_name":"Vulkan","article_modified_time":"2023-11-20T01:02:24+00:00","twitter_card":"summary_large_image","twitter_misc":{"Tempo estimado de leitura":"16 minutos"},"schema":{"@context":"https:\/\/schema.org","@graph":[{"@type":"WebPage","@id":"https:\/\/vulkanrussia-onlline.com\/ro\/vulkan-reviews\/","url":"https:\/\/vulkanrussia-onlline.com\/ro\/vulkan-reviews\/","name":"\u041e\u0442\u0437\u044b\u0432\u044b \u0438\u0433\u0440\u043e\u043a\u043e\u0432 \u043e\u0431 \u043e\u043d\u043b\u0430\u0439\u043d \u043a\u0430\u0437\u0438\u043d\u043e \u0412\u0443\u043b\u043a\u0430\u043d","isPartOf":{"@id":"https:\/\/vulkanrussia-onlline.com\/#website"},"datePublished":"2023-08-25T00:40:23+00:00","dateModified":"2023-11-20T01:02:24+00:00","description":"\u043e\u0442\u0437\u044b\u0432\u044b \u0438\u0433\u0440\u043e\u043a\u043e\u0432 \u0412\u0443\u043b\u043a\u0430\u043d, \u043c\u043d\u0435\u043d\u0438\u044f \u043e \u043a\u0430\u0437\u0438\u043d\u043e Vulkan","breadcrumb":{"@id":"https:\/\/vulkanrussia-onlline.com\/ro\/vulkan-reviews\/#breadcrumb"},"inLanguage":"pt-PT","potentialAction":[{"@type":"ReadAction","target":["https:\/\/vulkanrussia-onlline.com\/ro\/vulkan-reviews\/"]}]},{"@type":"BreadcrumbList","@id":"https:\/\/vulkanrussia-onlline.com\/ro\/vulkan-reviews\/#breadcrumb","itemListElement":[{"@type":"ListItem","position":1,"name":"Home","item":"https:\/\/vulkanrussia-onlline.com\/"},{"@type":"ListItem","position":2,"name":"Recenzii ale Cazinoului Online Vulkan"}]},{"@type":"WebSite","@id":"https:\/\/vulkanrussia-onlline.com\/#website","url":"https:\/\/vulkanrussia-onlline.com\/","name":"Vulkan","description":"Just another WordPress site","publisher":{"@id":"https:\/\/vulkanrussia-onlline.com\/#organization"},"potentialAction":[{"@type":"SearchAction","target":{"@type":"EntryPoint","urlTemplate":"https:\/\/vulkanrussia-onlline.com\/?s={search_term_string}"},"query-input":{"@type":"PropertyValueSpecification","valueRequired":true,"valueName":"search_term_string"}}],"inLanguage":"pt-PT"},{"@type":"Organization","@id":"https:\/\/vulkanrussia-onlline.com\/#organization","name":"Vulkan","url":"https:\/\/vulkanrussia-onlline.com\/","logo":{"@type":"ImageObject","inLanguage":"pt-PT","@id":"https:\/\/vulkanrussia-onlline.com\/#\/schema\/logo\/image\/","url":"https:\/\/vulkanrussia-onlline.com\/wp-content\/uploads\/vulkan.png","contentUrl":"https:\/\/vulkanrussia-onlline.com\/wp-content\/uploads\/vulkan.png","width":202,"height":149,"caption":"Vulkan"},"image":{"@id":"https:\/\/vulkanrussia-onlline.com\/#\/schema\/logo\/image\/"}}]}},"_links":{"self":[{"href":"https:\/\/vulkanrussia-onlline.com\/pt\/wp-json\/wp\/v2\/pages\/10","targetHints":{"allow":["GET"]}}],"collection":[{"href":"https:\/\/vulkanrussia-onlline.com\/pt\/wp-json\/wp\/v2\/pages"}],"about":[{"href":"https:\/\/vulkanrussia-onlline.com\/pt\/wp-json\/wp\/v2\/types\/page"}],"author":[{"embeddable":true,"href":"https:\/\/vulkanrussia-onlline.com\/pt\/wp-json\/wp\/v2\/users\/1"}],"replies":[{"embeddable":true,"href":"https:\/\/vulkanrussia-onlline.com\/pt\/wp-json\/wp\/v2\/comments?post=10"}],"version-history":[{"count":11,"href":"https:\/\/vulkanrussia-onlline.com\/pt\/wp-json\/wp\/v2\/pages\/10\/revisions"}],"predecessor-version":[{"id":127,"href":"https:\/\/vulkanrussia-onlline.com\/pt\/wp-json\/wp\/v2\/pages\/10\/revisions\/127"}],"wp:attachment":[{"href":"https:\/\/vulkanrussia-onlline.com\/pt\/wp-json\/wp\/v2\/media?parent=10"}],"curies":[{"name":"wp","href":"https:\/\/api.w.org\/{rel}","templated":true}]}}