{"id":14,"date":"2023-08-25T00:47:32","date_gmt":"2023-08-25T00:47:32","guid":{"rendered":"https:\/\/vulkanrussia-onlline.com\/?page_id=14"},"modified":"2024-05-18T09:38:55","modified_gmt":"2024-05-18T09:38:55","slug":"home","status":"publish","type":"page","link":"https:\/\/vulkanrussia-onlline.com\/pt\/","title":{"rendered":"Bem-vindo ao Vulkan Online Casino: Seu Caminho para a Sorte e Entretenimento"},"content":{"rendered":"<p>O Vulkan Online Casino d\u00e1 as boas-vindas a voc\u00ea para o emocionante mundo da divers\u00e3o, entretenimento e ganhos incr\u00edveis! Temos o orgulho de oferecer jogos de alta qualidade, uma plataforma de jogo segura para nossos jogadores e ofertas de b\u00f4nus que elevar\u00e3o suas emo\u00e7\u00f5es a um novo n\u00edvel.<br \/>\nSe est\u00e1 a pensar noutro casino, aconselhamo-lo a pensar no <a href=\"https:\/\/play1win.com\/pt\/\">casino 1win<\/a>. <a href=\"https:\/\/1-win.in\/portugues\/\">Os ca\u00e7a-n\u00edqueis online no cassino 1win<\/a> s\u00e3o talvez uma das melhores maneiras de se divertir.<\/p>\n<h2><strong>Cat\u00e1logo Extensivo de Jogos Online<\/strong><\/h2>\n<p>No Vulkan Online Casino, fornecemos uma lista incrivelmente extensa de jogos dispon\u00edveis que satisfar\u00e3o at\u00e9 mesmo os jogadores mais exigentes. Escolha entre uma variedade de slots cl\u00e1ssicos e modernos, jogos de mesa envolventes, incluindo roleta, blackjack, poker e muito mais. N\u00e3o esquecemos os jogos de crash, por exemplo, <a href=\"https:\/\/aviator-games.com\/pt\/\">Aviator<\/a>. Atualizamos constantemente nossa sele\u00e7\u00e3o para fornecer apenas o melhor.<\/p>\n<h2><strong>Tipos de Jogos \u00danicos<\/strong><\/h2>\n<p>Jogue uma variedade de tipos de jogos no Vulkan Online Casino. Desde slots com gr\u00e1ficos deslumbrantes e in\u00fameras rodadas de b\u00f4nus at\u00e9 jogos de mesa com dealers ao <a href=\"https:\/\/crazytimegame.com\/pt\/\">vivo em tempo real Crazy Time<\/a> &#8211; temos tudo para satisfazer seus desejos de jogo e ganhar dinheiro substancial. O Vulkan Online Casino \u00e9 o lugar certo para grandes ganhos.<\/p>\n<h2><strong>M\u00e9todos de Dep\u00f3sito e Retirada<\/strong><\/h2>\n<p>Oferecemos diversos m\u00e9todos convenientes para fazer dep\u00f3sitos e retirar ganhos. Voc\u00ea pode escolher o m\u00e9todo mais adequado, seja um cart\u00e3o de cr\u00e9dito, carteiras eletr\u00f4nicas, transfer\u00eancias banc\u00e1rias ou criptomoedas. Suas transa\u00e7\u00f5es financeiras sempre permanecer\u00e3o seguras e protegidas. Voc\u00ea pode confiar na seguran\u00e7a de nossas opera\u00e7\u00f5es financeiras.<\/p>\n<h2><strong>Licen\u00e7a e Seguran\u00e7a no Vulkan Casino<\/strong><\/h2>\n<p>O Vulkan Online Casino possui uma licen\u00e7a de reguladores respeit\u00e1veis em Cura\u00e7ao, garantindo a justi\u00e7a e a confiabilidade de nossa experi\u00eancia de jogo. Sua seguran\u00e7a e confidencialidade de dados s\u00e3o nossas principais prioridades. Usamos tecnologias avan\u00e7adas de criptografia para proteger suas informa\u00e7\u00f5es pessoais e financeiras.<\/p>\n<h2><strong>B\u00f4nus e Promo\u00e7\u00f5es do Vulkan Casino<\/strong><\/h2>\n<p>No Vulkan Online Casino, conhecemos e valorizamos nossos jogadores. Oferecemos v\u00e1rios b\u00f4nus e promo\u00e7\u00f5es que aumentam suas chances de ganhar. Come\u00e7ando com b\u00f4nus de boas-vindas para novos jogadores e terminando com promo\u00e7\u00f5es semanais e torneios &#8211; sempre cuidamos de voc\u00ea. Tamb\u00e9m oferecemos b\u00f4nus exclusivos, como b\u00f4nus de anivers\u00e1rio e b\u00f4nus para ocasi\u00f5es especiais, como giros gr\u00e1tis em datas espec\u00edficas.<\/p>\n<h2><strong>Suporte 24\/7<\/strong><\/h2>\n<p>N\u00e3o importa as perguntas ou dificuldades, o suporte ao cliente do Vulkan Online Casino est\u00e1 dispon\u00edvel para voc\u00ea 24 horas por dia, 7 dias por semana. Nossos especialistas est\u00e3o sempre prontos para ajud\u00e1-lo a resolver quaisquer problemas e garantir uma experi\u00eancia de jogo positiva, independentemente da complexidade de seu problema. Estamos aqui para ajudar e responder a quaisquer perguntas. N\u00e3o consegue fazer um dep\u00f3sito? N\u00f3s o orientaremos sobre como fazer isso. Sua retirada est\u00e1 demorando? Forneceremos informa\u00e7\u00f5es sobre o status da transa\u00e7\u00e3o. Esses s\u00e3o apenas alguns exemplos.<\/p>\n<h2><strong>Junte-se ao Vulkan Casino!<\/strong><\/h2>\n<p>Junte-se ao Vulkan Online Casino e descubra o emocionante mundo do entretenimento e do jogo. Independentemente de sua experi\u00eancia de jogo, temos tudo para atender \u00e0s suas necessidades. Inicie sua jornada de jogo conosco e sinta a emo\u00e7\u00e3o ao subir \u00e0s alturas da divers\u00e3o no jogo e das oportunidades para grandes ganhos. Bem-vindo ao mundo do Vulkan Online Casino &#8211; seu parceiro confi\u00e1vel no caminho para a sorte e entretenimento verdadeiro!<\/p>\n","protected":false},"excerpt":{"rendered":"<p>O Vulkan Online Casino d\u00e1 as boas-vindas a voc\u00ea para o emocionante mundo da divers\u00e3o, entretenimento e ganhos incr\u00edveis! Temos o orgulho de oferecer jogos de alta qualidade, uma plataforma de jogo segura para nossos jogadores e ofertas de b\u00f4nus que elevar\u00e3o suas emo\u00e7\u00f5es a um novo n\u00edvel. Se est\u00e1 a pensar noutro casino, aconselhamo-lo&hellip;<\/p>\n","protected":false},"author":1,"featured_media":0,"parent":0,"menu_order":0,"comment_status":"closed","ping_status":"closed","template":"","meta":{"footnotes":""},"class_list":["post-14","page","type-page","status-publish","hentry"],"yoast_head":"<!-- This site is optimized with the Yoast SEO plugin v27.2 - https:\/\/yoast.com\/product\/yoast-seo-wordpress\/ -->\n<title>\u0418\u0433\u0440\u0430\u0442\u044c \u0432 \u043e\u043d\u043b\u0430\u0439\u043d \u043a\u0430\u0437\u0438\u043d\u043e \u0412\u0443\u043b\u043a\u0430\u043d<\/title>\n<meta name=\"description\" content=\"Jogue a dinheiro real no Vulkan Online Casino. B\u00f4nus, downloads, slots, jogos de crash, poker, roleta, dep\u00f3sito e retirada de ganhos. Como jogar e ganhar no Vulkan\" \/>\n<meta name=\"robots\" content=\"index, follow, max-snippet:-1, max-image-preview:large, max-video-preview:-1\" \/>\n<link rel=\"canonical\" href=\"https:\/\/vulkanrussia-onlline.com\/pt\/\" \/>\n<meta property=\"og:locale\" content=\"pt_PT\" \/>\n<meta property=\"og:locale:alternate\" content=\"ru_RU\" \/>\n<meta property=\"og:locale:alternate\" content=\"en_US\" \/>\n<meta property=\"og:locale:alternate\" content=\"es_ES\" \/>\n<meta property=\"og:locale:alternate\" content=\"fr_FR\" \/>\n<meta property=\"og:locale:alternate\" content=\"de_DE\" \/>\n<meta property=\"og:locale:alternate\" content=\"ro_RO\" \/>\n<meta property=\"og:locale:alternate\" content=\"sr_RS\" \/>\n<meta property=\"og:locale:alternate\" content=\"bg_BG\" \/>\n<meta property=\"og:type\" content=\"article\" \/>\n<meta property=\"og:title\" content=\"\u0418\u0433\u0440\u0430\u0442\u044c \u0432 \u043e\u043d\u043b\u0430\u0439\u043d \u043a\u0430\u0437\u0438\u043d\u043e \u0412\u0443\u043b\u043a\u0430\u043d\" \/>\n<meta property=\"og:description\" content=\"\u0418\u0433\u0440\u0430\u0442\u044c \u043d\u0430 \u0440\u0435\u0430\u043b\u044c\u043d\u044b\u0435 \u0434\u0435\u043d\u044c\u0433\u0438 \u0432 \u043e\u043d\u043b\u0430\u0439\u043d \u043a\u0430\u0437\u0438\u043d\u043e Vulkan. \u0411\u043e\u043d\u0443\u0441\u044b, \u0441\u043a\u0430\u0447\u0430\u0442\u044c, \u0441\u043b\u043e\u0442\u044b, \u043a\u0440\u0430\u0448 \u0438\u0433\u0440\u044b, \u043f\u043e\u043a\u0435\u0440, \u0440\u0443\u043b\u0435\u0442\u043a\u0430, \u0434\u0435\u043f\u043e\u0437\u0438\u0442 \u0438 \u0432\u044b\u0432\u043e\u0434 \u0432\u044b\u0438\u0433\u0440\u044b\u0448\u0435\u0439. \u041a\u0430\u043a \u0438\u0433\u0440\u0430\u0442\u044c \u0438 \u043f\u043e\u0431\u0435\u0436\u0434\u0430\u0442\u044c \u0432 \u0412\u0443\u043b\u043a\u0430\u043d\" \/>\n<meta property=\"og:url\" content=\"https:\/\/vulkanrussia-onlline.com\/pt\/\" \/>\n<meta property=\"og:site_name\" content=\"Vulkan\" \/>\n<meta property=\"article:modified_time\" content=\"2024-05-18T09:38:55+00:00\" \/>\n<meta name=\"twitter:card\" content=\"summary_large_image\" \/>\n<meta name=\"twitter:label1\" content=\"Tempo estimado de leitura\" \/>\n\t<meta name=\"twitter:data1\" content=\"17 minutos\" \/>\n<script type=\"application\/ld+json\" class=\"yoast-schema-graph\">{\"@context\":\"https:\/\/schema.org\",\"@graph\":[{\"@type\":\"WebPage\",\"@id\":\"https:\/\/vulkanrussia-onlline.com\/\",\"url\":\"https:\/\/vulkanrussia-onlline.com\/\",\"name\":\"\u0418\u0433\u0440\u0430\u0442\u044c \u0432 \u043e\u043d\u043b\u0430\u0439\u043d \u043a\u0430\u0437\u0438\u043d\u043e \u0412\u0443\u043b\u043a\u0430\u043d\",\"isPartOf\":{\"@id\":\"https:\/\/vulkanrussia-onlline.com\/#website\"},\"datePublished\":\"2023-08-25T00:47:32+00:00\",\"dateModified\":\"2024-05-18T09:38:55+00:00\",\"description\":\"\u0418\u0433\u0440\u0430\u0442\u044c \u043d\u0430 \u0440\u0435\u0430\u043b\u044c\u043d\u044b\u0435 \u0434\u0435\u043d\u044c\u0433\u0438 \u0432 \u043e\u043d\u043b\u0430\u0439\u043d \u043a\u0430\u0437\u0438\u043d\u043e Vulkan. \u0411\u043e\u043d\u0443\u0441\u044b, \u0441\u043a\u0430\u0447\u0430\u0442\u044c, \u0441\u043b\u043e\u0442\u044b, \u043a\u0440\u0430\u0448 \u0438\u0433\u0440\u044b, \u043f\u043e\u043a\u0435\u0440, \u0440\u0443\u043b\u0435\u0442\u043a\u0430, \u0434\u0435\u043f\u043e\u0437\u0438\u0442 \u0438 \u0432\u044b\u0432\u043e\u0434 \u0432\u044b\u0438\u0433\u0440\u044b\u0448\u0435\u0439. \u041a\u0430\u043a \u0438\u0433\u0440\u0430\u0442\u044c \u0438 \u043f\u043e\u0431\u0435\u0436\u0434\u0430\u0442\u044c \u0432 \u0412\u0443\u043b\u043a\u0430\u043d\",\"breadcrumb\":{\"@id\":\"https:\/\/vulkanrussia-onlline.com\/#breadcrumb\"},\"inLanguage\":\"pt-PT\",\"potentialAction\":[{\"@type\":\"ReadAction\",\"target\":[\"https:\/\/vulkanrussia-onlline.com\/\"]}]},{\"@type\":\"BreadcrumbList\",\"@id\":\"https:\/\/vulkanrussia-onlline.com\/#breadcrumb\",\"itemListElement\":[{\"@type\":\"ListItem\",\"position\":1,\"name\":\"Home\",\"item\":\"https:\/\/vulkanrussia-onlline.com\/\"},{\"@type\":\"ListItem\",\"position\":2,\"name\":\"\u0414\u043e\u0431\u0440\u043e \u043f\u043e\u0436\u0430\u043b\u043e\u0432\u0430\u0442\u044c \u0432 \u041e\u043d\u043b\u0430\u0439\u043d \u041a\u0430\u0437\u0438\u043d\u043e \u0412\u0443\u043b\u043a\u0430\u043d: \u0412\u0430\u0448 \u041f\u0443\u0442\u044c \u043a \u0423\u0434\u0430\u0447\u0435 \u0438 \u0420\u0430\u0437\u0432\u043b\u0435\u0447\u0435\u043d\u0438\u044f\u043c\"}]},{\"@type\":\"WebSite\",\"@id\":\"https:\/\/vulkanrussia-onlline.com\/#website\",\"url\":\"https:\/\/vulkanrussia-onlline.com\/\",\"name\":\"Vulkan\",\"description\":\"Just another WordPress site\",\"publisher\":{\"@id\":\"https:\/\/vulkanrussia-onlline.com\/#organization\"},\"potentialAction\":[{\"@type\":\"SearchAction\",\"target\":{\"@type\":\"EntryPoint\",\"urlTemplate\":\"https:\/\/vulkanrussia-onlline.com\/?s={search_term_string}\"},\"query-input\":{\"@type\":\"PropertyValueSpecification\",\"valueRequired\":true,\"valueName\":\"search_term_string\"}}],\"inLanguage\":\"pt-PT\"},{\"@type\":\"Organization\",\"@id\":\"https:\/\/vulkanrussia-onlline.com\/#organization\",\"name\":\"Vulkan\",\"url\":\"https:\/\/vulkanrussia-onlline.com\/\",\"logo\":{\"@type\":\"ImageObject\",\"inLanguage\":\"pt-PT\",\"@id\":\"https:\/\/vulkanrussia-onlline.com\/#\/schema\/logo\/image\/\",\"url\":\"https:\/\/vulkanrussia-onlline.com\/wp-content\/uploads\/vulkan.png\",\"contentUrl\":\"https:\/\/vulkanrussia-onlline.com\/wp-content\/uploads\/vulkan.png\",\"width\":202,\"height\":149,\"caption\":\"Vulkan\"},\"image\":{\"@id\":\"https:\/\/vulkanrussia-onlline.com\/#\/schema\/logo\/image\/\"}}]}<\/script>\n<!-- \/ Yoast SEO plugin. -->","yoast_head_json":{"title":"\u0418\u0433\u0440\u0430\u0442\u044c \u0432 \u043e\u043d\u043b\u0430\u0439\u043d \u043a\u0430\u0437\u0438\u043d\u043e \u0412\u0443\u043b\u043a\u0430\u043d","description":"Jogue a dinheiro real no Vulkan Online Casino. B\u00f4nus, downloads, slots, jogos de crash, poker, roleta, dep\u00f3sito e retirada de ganhos. Como jogar e ganhar no Vulkan","robots":{"index":"index","follow":"follow","max-snippet":"max-snippet:-1","max-image-preview":"max-image-preview:large","max-video-preview":"max-video-preview:-1"},"canonical":"https:\/\/vulkanrussia-onlline.com\/pt\/","og_locale":"pt_PT","og_type":"article","og_title":"\u0418\u0433\u0440\u0430\u0442\u044c \u0432 \u043e\u043d\u043b\u0430\u0439\u043d \u043a\u0430\u0437\u0438\u043d\u043e \u0412\u0443\u043b\u043a\u0430\u043d","og_description":"\u0418\u0433\u0440\u0430\u0442\u044c \u043d\u0430 \u0440\u0435\u0430\u043b\u044c\u043d\u044b\u0435 \u0434\u0435\u043d\u044c\u0433\u0438 \u0432 \u043e\u043d\u043b\u0430\u0439\u043d \u043a\u0430\u0437\u0438\u043d\u043e Vulkan. \u0411\u043e\u043d\u0443\u0441\u044b, \u0441\u043a\u0430\u0447\u0430\u0442\u044c, \u0441\u043b\u043e\u0442\u044b, \u043a\u0440\u0430\u0448 \u0438\u0433\u0440\u044b, \u043f\u043e\u043a\u0435\u0440, \u0440\u0443\u043b\u0435\u0442\u043a\u0430, \u0434\u0435\u043f\u043e\u0437\u0438\u0442 \u0438 \u0432\u044b\u0432\u043e\u0434 \u0432\u044b\u0438\u0433\u0440\u044b\u0448\u0435\u0439. \u041a\u0430\u043a \u0438\u0433\u0440\u0430\u0442\u044c \u0438 \u043f\u043e\u0431\u0435\u0436\u0434\u0430\u0442\u044c \u0432 \u0412\u0443\u043b\u043a\u0430\u043d","og_url":"https:\/\/vulkanrussia-onlline.com\/pt\/","og_site_name":"Vulkan","article_modified_time":"2024-05-18T09:38:55+00:00","twitter_card":"summary_large_image","twitter_misc":{"Tempo estimado de leitura":"17 minutos"},"schema":{"@context":"https:\/\/schema.org","@graph":[{"@type":"WebPage","@id":"https:\/\/vulkanrussia-onlline.com\/","url":"https:\/\/vulkanrussia-onlline.com\/","name":"\u0418\u0433\u0440\u0430\u0442\u044c \u0432 \u043e\u043d\u043b\u0430\u0439\u043d \u043a\u0430\u0437\u0438\u043d\u043e \u0412\u0443\u043b\u043a\u0430\u043d","isPartOf":{"@id":"https:\/\/vulkanrussia-onlline.com\/#website"},"datePublished":"2023-08-25T00:47:32+00:00","dateModified":"2024-05-18T09:38:55+00:00","description":"\u0418\u0433\u0440\u0430\u0442\u044c \u043d\u0430 \u0440\u0435\u0430\u043b\u044c\u043d\u044b\u0435 \u0434\u0435\u043d\u044c\u0433\u0438 \u0432 \u043e\u043d\u043b\u0430\u0439\u043d \u043a\u0430\u0437\u0438\u043d\u043e Vulkan. \u0411\u043e\u043d\u0443\u0441\u044b, \u0441\u043a\u0430\u0447\u0430\u0442\u044c, \u0441\u043b\u043e\u0442\u044b, \u043a\u0440\u0430\u0448 \u0438\u0433\u0440\u044b, \u043f\u043e\u043a\u0435\u0440, \u0440\u0443\u043b\u0435\u0442\u043a\u0430, \u0434\u0435\u043f\u043e\u0437\u0438\u0442 \u0438 \u0432\u044b\u0432\u043e\u0434 \u0432\u044b\u0438\u0433\u0440\u044b\u0448\u0435\u0439. \u041a\u0430\u043a \u0438\u0433\u0440\u0430\u0442\u044c \u0438 \u043f\u043e\u0431\u0435\u0436\u0434\u0430\u0442\u044c \u0432 \u0412\u0443\u043b\u043a\u0430\u043d","breadcrumb":{"@id":"https:\/\/vulkanrussia-onlline.com\/#breadcrumb"},"inLanguage":"pt-PT","potentialAction":[{"@type":"ReadAction","target":["https:\/\/vulkanrussia-onlline.com\/"]}]},{"@type":"BreadcrumbList","@id":"https:\/\/vulkanrussia-onlline.com\/#breadcrumb","itemListElement":[{"@type":"ListItem","position":1,"name":"Home","item":"https:\/\/vulkanrussia-onlline.com\/"},{"@type":"ListItem","position":2,"name":"\u0414\u043e\u0431\u0440\u043e \u043f\u043e\u0436\u0430\u043b\u043e\u0432\u0430\u0442\u044c \u0432 \u041e\u043d\u043b\u0430\u0439\u043d \u041a\u0430\u0437\u0438\u043d\u043e \u0412\u0443\u043b\u043a\u0430\u043d: \u0412\u0430\u0448 \u041f\u0443\u0442\u044c \u043a \u0423\u0434\u0430\u0447\u0435 \u0438 \u0420\u0430\u0437\u0432\u043b\u0435\u0447\u0435\u043d\u0438\u044f\u043c"}]},{"@type":"WebSite","@id":"https:\/\/vulkanrussia-onlline.com\/#website","url":"https:\/\/vulkanrussia-onlline.com\/","name":"Vulkan","description":"Just another WordPress site","publisher":{"@id":"https:\/\/vulkanrussia-onlline.com\/#organization"},"potentialAction":[{"@type":"SearchAction","target":{"@type":"EntryPoint","urlTemplate":"https:\/\/vulkanrussia-onlline.com\/?s={search_term_string}"},"query-input":{"@type":"PropertyValueSpecification","valueRequired":true,"valueName":"search_term_string"}}],"inLanguage":"pt-PT"},{"@type":"Organization","@id":"https:\/\/vulkanrussia-onlline.com\/#organization","name":"Vulkan","url":"https:\/\/vulkanrussia-onlline.com\/","logo":{"@type":"ImageObject","inLanguage":"pt-PT","@id":"https:\/\/vulkanrussia-onlline.com\/#\/schema\/logo\/image\/","url":"https:\/\/vulkanrussia-onlline.com\/wp-content\/uploads\/vulkan.png","contentUrl":"https:\/\/vulkanrussia-onlline.com\/wp-content\/uploads\/vulkan.png","width":202,"height":149,"caption":"Vulkan"},"image":{"@id":"https:\/\/vulkanrussia-onlline.com\/#\/schema\/logo\/image\/"}}]}},"_links":{"self":[{"href":"https:\/\/vulkanrussia-onlline.com\/pt\/wp-json\/wp\/v2\/pages\/14","targetHints":{"allow":["GET"]}}],"collection":[{"href":"https:\/\/vulkanrussia-onlline.com\/pt\/wp-json\/wp\/v2\/pages"}],"about":[{"href":"https:\/\/vulkanrussia-onlline.com\/pt\/wp-json\/wp\/v2\/types\/page"}],"author":[{"embeddable":true,"href":"https:\/\/vulkanrussia-onlline.com\/pt\/wp-json\/wp\/v2\/users\/1"}],"replies":[{"embeddable":true,"href":"https:\/\/vulkanrussia-onlline.com\/pt\/wp-json\/wp\/v2\/comments?post=14"}],"version-history":[{"count":23,"href":"https:\/\/vulkanrussia-onlline.com\/pt\/wp-json\/wp\/v2\/pages\/14\/revisions"}],"predecessor-version":[{"id":99,"href":"https:\/\/vulkanrussia-onlline.com\/pt\/wp-json\/wp\/v2\/pages\/14\/revisions\/99"}],"wp:attachment":[{"href":"https:\/\/vulkanrussia-onlline.com\/pt\/wp-json\/wp\/v2\/media?parent=14"}],"curies":[{"name":"wp","href":"https:\/\/api.w.org\/{rel}","templated":true}]}}