{"id":19,"date":"2023-08-25T01:23:30","date_gmt":"2023-08-25T01:23:30","guid":{"rendered":"https:\/\/vulkanrussia-onlline.com\/?page_id=19"},"modified":"2023-11-19T21:41:12","modified_gmt":"2023-11-19T21:41:12","slug":"bonus-vulkan-casino","status":"publish","type":"page","link":"https:\/\/vulkanrussia-onlline.com\/pt\/bonus-vulkan-casino\/","title":{"rendered":"B\u00f4nus no Vulkan Online Casino: Aumente suas Chances de Ganhar e Divers\u00e3o"},"content":{"rendered":"<p>Os b\u00f4nus desempenham um papel significativo no mundo dos cassinos online, e o Vulkan Online Casino n\u00e3o \u00e9 exce\u00e7\u00e3o. O Vulkan Casino oferece aos jogadores a oportunidade de aumentar suas chances de ganhar, experimentar novos jogos e obter mais divers\u00e3o de sua experi\u00eancia de jogo. Neste artigo, falaremos sobre v\u00e1rios tipos de b\u00f4nus dispon\u00edveis no Vulkan Online Casino e como eles podem tornar sua experi\u00eancia de jogo mais emocionante.<\/p>\n<h2><strong>B\u00f4nus de Boas-Vindas para Novos Jogadores<\/strong><\/h2>\n<p>B\u00f4nus de boas-vindas, tamb\u00e9m conhecidos como b\u00f4nus &#8220;velkam&#8221; (da palavra inglesa &#8220;welcome&#8221; para boas-vindas), s\u00e3o ofertas especiais que novos jogadores podem receber ap\u00f3s se cadastrarem no Vulkan Online Casino. Esses b\u00f4nus podem incluir rodadas gr\u00e1tis, dinheiro de b\u00f4nus ou uma combina\u00e7\u00e3o de ambos. Os b\u00f4nus de boas-vindas ajudar\u00e3o voc\u00ea a come\u00e7ar o jogo com fundos adicionais, o que pode aumentar suas chances de ganhar. Basicamente, voc\u00ea recebe dinheiro gratuito que pode levar a ganhos reais.<\/p>\n<h2><strong>Rodadas Gr\u00e1tis<\/strong><\/h2>\n<p>As rodadas gr\u00e1tis est\u00e3o entre os tipos mais populares de b\u00f4nus em cassinos online. O Vulkan Online Casino oferece aos jogadores a oportunidade de receber rodadas gr\u00e1tis em slots espec\u00edficos. Essas tamb\u00e9m s\u00e3o chamadas de &#8220;rodadas gr\u00e1tis&#8221;. Esta \u00e9 uma excelente oportunidade para experimentar novos jogos ou continuar jogando seus slots favoritos sem arriscar seu pr\u00f3prio dinheiro.<\/p>\n<h2><strong>B\u00f4nus de Dep\u00f3sito<\/strong><\/h2>\n<p>Os b\u00f4nus de dep\u00f3sito s\u00e3o concedidos aos jogadores quando eles reabastecem suas contas de jogo. Normalmente, isso assume a forma de um certo percentual do valor do dep\u00f3sito. Por exemplo, se voc\u00ea depositar $100 com um b\u00f4nus de 100%, sua conta de jogo aumentar\u00e1 em $100, dando-lhe $200 para jogar. Esse tipo de b\u00f4nus permite que voc\u00ea jogue por mais tempo e aumente suas chances de ganhar.<\/p>\n<h2><strong>B\u00f4nus de Cashback<\/strong><\/h2>\n<p>Os b\u00f4nus de cashback em cassinos online se tornaram populares recentemente. Os b\u00f4nus de cashback d\u00e3o aos jogadores a oportunidade de receber uma parte de suas perdas de volta. Por exemplo, se voc\u00ea receber um cashback de 10% em suas perdas durante um per\u00edodo espec\u00edfico, e suas perdas somarem $100, voc\u00ea receber\u00e1 de volta $10. Esse b\u00f4nus ajuda a compensar as perdas e oferece uma segunda chance de ganhar.<\/p>\n<h2><strong>Torneios e Competi\u00e7\u00f5es<\/strong><\/h2>\n<p>O Vulkan Online Casino frequentemente organiza torneios e competi\u00e7\u00f5es onde os jogadores podem competir entre si e ganhar pr\u00eamios adicionais, incluindo recompensas em dinheiro substanciais. Esses pr\u00eamios podem ser em dinheiro, rodadas gr\u00e1tis ou outros b\u00f4nus. A participa\u00e7\u00e3o em tais competi\u00e7\u00f5es adiciona um elemento de competi\u00e7\u00e3o e aumenta suas chances de ganhos adicionais.<\/p>\n<h2><strong>Conclus\u00e3o<\/strong><\/h2>\n<p>Os b\u00f4nus no Vulkan Online Casino s\u00e3o uma oportunidade \u00fanica de aumentar suas chances de ganhar, experimentar novos jogos e obter mais divers\u00e3o de seu jogo. No entanto, n\u00e3o se esque\u00e7a das regras e condi\u00e7\u00f5es associadas a cada b\u00f4nus. \u00c9 essencial entender como usar os b\u00f4nus de forma eficaz para obter benef\u00edcios m\u00e1ximos. Portanto, junte-se ao Vulkan Online Casino e n\u00e3o perca a oportunidade de aumentar suas chances de ganhar e desfrutar do incr\u00edvel mundo da emo\u00e7\u00e3o e entretenimento! Cadastre-se e comece a ganhar hoje.<\/p>\n","protected":false},"excerpt":{"rendered":"<p>Os b\u00f4nus desempenham um papel significativo no mundo dos cassinos online, e o Vulkan Online Casino n\u00e3o \u00e9 exce\u00e7\u00e3o. O Vulkan Casino oferece aos jogadores a oportunidade de aumentar suas chances de ganhar, experimentar novos jogos e obter mais divers\u00e3o de sua experi\u00eancia de jogo. Neste artigo, falaremos sobre v\u00e1rios tipos de b\u00f4nus dispon\u00edveis no&hellip;<\/p>\n","protected":false},"author":1,"featured_media":0,"parent":0,"menu_order":0,"comment_status":"closed","ping_status":"closed","template":"","meta":{"footnotes":""},"class_list":["post-19","page","type-page","status-publish","hentry"],"yoast_head":"<!-- This site is optimized with the Yoast SEO plugin v27.2 - https:\/\/yoast.com\/product\/yoast-seo-wordpress\/ -->\n<title>Bonus au Casino en ligne Vulkan<\/title>\n<meta name=\"description\" content=\"B\u00f4nus no Casino Online Vulkan. B\u00f4nus de boas-vindas para novos jogadores. Rodadas gr\u00e1tis, b\u00f4nus de dep\u00f3sito, b\u00f4nus de anivers\u00e1rio no casino online Vulkan\" \/>\n<meta name=\"robots\" content=\"index, follow, max-snippet:-1, max-image-preview:large, max-video-preview:-1\" \/>\n<link rel=\"canonical\" href=\"https:\/\/vulkanrussia-onlline.com\/pt\/bonus-vulkan-casino\/\" \/>\n<meta property=\"og:locale\" content=\"pt_PT\" \/>\n<meta property=\"og:locale:alternate\" content=\"ru_RU\" \/>\n<meta property=\"og:locale:alternate\" content=\"en_US\" \/>\n<meta property=\"og:locale:alternate\" content=\"es_ES\" \/>\n<meta property=\"og:locale:alternate\" content=\"fr_FR\" \/>\n<meta property=\"og:locale:alternate\" content=\"de_DE\" \/>\n<meta property=\"og:locale:alternate\" content=\"ro_RO\" \/>\n<meta property=\"og:locale:alternate\" content=\"sr_RS\" \/>\n<meta property=\"og:locale:alternate\" content=\"bg_BG\" \/>\n<meta property=\"og:type\" content=\"article\" \/>\n<meta property=\"og:title\" content=\"Bonus au Casino en ligne Vulkan\" \/>\n<meta property=\"og:description\" content=\"Bonus au Casino en ligne Vulkan. Bonus de bienvenue pour les nouveaux joueurs. Tours gratuits, bonus de d\u00e9p\u00f4t, bonus d&#039;anniversaire au casino en ligne Vulkan\" \/>\n<meta property=\"og:url\" content=\"https:\/\/vulkanrussia-onlline.com\/pt\/bonus-vulkan-casino\/\" \/>\n<meta property=\"og:site_name\" content=\"Vulkan\" \/>\n<meta property=\"article:modified_time\" content=\"2023-11-19T21:41:12+00:00\" \/>\n<meta name=\"twitter:card\" content=\"summary_large_image\" \/>\n<meta name=\"twitter:label1\" content=\"Tempo estimado de leitura\" \/>\n\t<meta name=\"twitter:data1\" content=\"16 minutos\" \/>\n<script type=\"application\/ld+json\" class=\"yoast-schema-graph\">{\"@context\":\"https:\/\/schema.org\",\"@graph\":[{\"@type\":\"WebPage\",\"@id\":\"https:\/\/vulkanrussia-onlline.com\/fr\/bonus-vulkan-casino\/\",\"url\":\"https:\/\/vulkanrussia-onlline.com\/fr\/bonus-vulkan-casino\/\",\"name\":\"Bonus au Casino en ligne Vulkan\",\"isPartOf\":{\"@id\":\"https:\/\/vulkanrussia-onlline.com\/#website\"},\"datePublished\":\"2023-08-25T01:23:30+00:00\",\"dateModified\":\"2023-11-19T21:41:12+00:00\",\"description\":\"Bonus au Casino en ligne Vulkan. Bonus de bienvenue pour les nouveaux joueurs. Tours gratuits, bonus de d\u00e9p\u00f4t, bonus d'anniversaire au casino en ligne Vulkan\",\"breadcrumb\":{\"@id\":\"https:\/\/vulkanrussia-onlline.com\/fr\/bonus-vulkan-casino\/#breadcrumb\"},\"inLanguage\":\"pt-PT\",\"potentialAction\":[{\"@type\":\"ReadAction\",\"target\":[\"https:\/\/vulkanrussia-onlline.com\/fr\/bonus-vulkan-casino\/\"]}]},{\"@type\":\"BreadcrumbList\",\"@id\":\"https:\/\/vulkanrussia-onlline.com\/fr\/bonus-vulkan-casino\/#breadcrumb\",\"itemListElement\":[{\"@type\":\"ListItem\",\"position\":1,\"name\":\"Home\",\"item\":\"https:\/\/vulkanrussia-onlline.com\/\"},{\"@type\":\"ListItem\",\"position\":2,\"name\":\"Les Bonus au Casino en Ligne Vulkan : Augmentez Vos Chances de Gagner et de Plaisir\"}]},{\"@type\":\"WebSite\",\"@id\":\"https:\/\/vulkanrussia-onlline.com\/#website\",\"url\":\"https:\/\/vulkanrussia-onlline.com\/\",\"name\":\"Vulkan\",\"description\":\"Just another WordPress site\",\"publisher\":{\"@id\":\"https:\/\/vulkanrussia-onlline.com\/#organization\"},\"potentialAction\":[{\"@type\":\"SearchAction\",\"target\":{\"@type\":\"EntryPoint\",\"urlTemplate\":\"https:\/\/vulkanrussia-onlline.com\/?s={search_term_string}\"},\"query-input\":{\"@type\":\"PropertyValueSpecification\",\"valueRequired\":true,\"valueName\":\"search_term_string\"}}],\"inLanguage\":\"pt-PT\"},{\"@type\":\"Organization\",\"@id\":\"https:\/\/vulkanrussia-onlline.com\/#organization\",\"name\":\"Vulkan\",\"url\":\"https:\/\/vulkanrussia-onlline.com\/\",\"logo\":{\"@type\":\"ImageObject\",\"inLanguage\":\"pt-PT\",\"@id\":\"https:\/\/vulkanrussia-onlline.com\/#\/schema\/logo\/image\/\",\"url\":\"https:\/\/vulkanrussia-onlline.com\/wp-content\/uploads\/vulkan.png\",\"contentUrl\":\"https:\/\/vulkanrussia-onlline.com\/wp-content\/uploads\/vulkan.png\",\"width\":202,\"height\":149,\"caption\":\"Vulkan\"},\"image\":{\"@id\":\"https:\/\/vulkanrussia-onlline.com\/#\/schema\/logo\/image\/\"}}]}<\/script>\n<!-- \/ Yoast SEO plugin. -->","yoast_head_json":{"title":"Bonus au Casino en ligne Vulkan","description":"B\u00f4nus no Casino Online Vulkan. B\u00f4nus de boas-vindas para novos jogadores. Rodadas gr\u00e1tis, b\u00f4nus de dep\u00f3sito, b\u00f4nus de anivers\u00e1rio no casino online Vulkan","robots":{"index":"index","follow":"follow","max-snippet":"max-snippet:-1","max-image-preview":"max-image-preview:large","max-video-preview":"max-video-preview:-1"},"canonical":"https:\/\/vulkanrussia-onlline.com\/pt\/bonus-vulkan-casino\/","og_locale":"pt_PT","og_type":"article","og_title":"Bonus au Casino en ligne Vulkan","og_description":"Bonus au Casino en ligne Vulkan. Bonus de bienvenue pour les nouveaux joueurs. Tours gratuits, bonus de d\u00e9p\u00f4t, bonus d'anniversaire au casino en ligne Vulkan","og_url":"https:\/\/vulkanrussia-onlline.com\/pt\/bonus-vulkan-casino\/","og_site_name":"Vulkan","article_modified_time":"2023-11-19T21:41:12+00:00","twitter_card":"summary_large_image","twitter_misc":{"Tempo estimado de leitura":"16 minutos"},"schema":{"@context":"https:\/\/schema.org","@graph":[{"@type":"WebPage","@id":"https:\/\/vulkanrussia-onlline.com\/fr\/bonus-vulkan-casino\/","url":"https:\/\/vulkanrussia-onlline.com\/fr\/bonus-vulkan-casino\/","name":"Bonus au Casino en ligne Vulkan","isPartOf":{"@id":"https:\/\/vulkanrussia-onlline.com\/#website"},"datePublished":"2023-08-25T01:23:30+00:00","dateModified":"2023-11-19T21:41:12+00:00","description":"Bonus au Casino en ligne Vulkan. Bonus de bienvenue pour les nouveaux joueurs. Tours gratuits, bonus de d\u00e9p\u00f4t, bonus d'anniversaire au casino en ligne Vulkan","breadcrumb":{"@id":"https:\/\/vulkanrussia-onlline.com\/fr\/bonus-vulkan-casino\/#breadcrumb"},"inLanguage":"pt-PT","potentialAction":[{"@type":"ReadAction","target":["https:\/\/vulkanrussia-onlline.com\/fr\/bonus-vulkan-casino\/"]}]},{"@type":"BreadcrumbList","@id":"https:\/\/vulkanrussia-onlline.com\/fr\/bonus-vulkan-casino\/#breadcrumb","itemListElement":[{"@type":"ListItem","position":1,"name":"Home","item":"https:\/\/vulkanrussia-onlline.com\/"},{"@type":"ListItem","position":2,"name":"Les Bonus au Casino en Ligne Vulkan : Augmentez Vos Chances de Gagner et de Plaisir"}]},{"@type":"WebSite","@id":"https:\/\/vulkanrussia-onlline.com\/#website","url":"https:\/\/vulkanrussia-onlline.com\/","name":"Vulkan","description":"Just another WordPress site","publisher":{"@id":"https:\/\/vulkanrussia-onlline.com\/#organization"},"potentialAction":[{"@type":"SearchAction","target":{"@type":"EntryPoint","urlTemplate":"https:\/\/vulkanrussia-onlline.com\/?s={search_term_string}"},"query-input":{"@type":"PropertyValueSpecification","valueRequired":true,"valueName":"search_term_string"}}],"inLanguage":"pt-PT"},{"@type":"Organization","@id":"https:\/\/vulkanrussia-onlline.com\/#organization","name":"Vulkan","url":"https:\/\/vulkanrussia-onlline.com\/","logo":{"@type":"ImageObject","inLanguage":"pt-PT","@id":"https:\/\/vulkanrussia-onlline.com\/#\/schema\/logo\/image\/","url":"https:\/\/vulkanrussia-onlline.com\/wp-content\/uploads\/vulkan.png","contentUrl":"https:\/\/vulkanrussia-onlline.com\/wp-content\/uploads\/vulkan.png","width":202,"height":149,"caption":"Vulkan"},"image":{"@id":"https:\/\/vulkanrussia-onlline.com\/#\/schema\/logo\/image\/"}}]}},"_links":{"self":[{"href":"https:\/\/vulkanrussia-onlline.com\/pt\/wp-json\/wp\/v2\/pages\/19","targetHints":{"allow":["GET"]}}],"collection":[{"href":"https:\/\/vulkanrussia-onlline.com\/pt\/wp-json\/wp\/v2\/pages"}],"about":[{"href":"https:\/\/vulkanrussia-onlline.com\/pt\/wp-json\/wp\/v2\/types\/page"}],"author":[{"embeddable":true,"href":"https:\/\/vulkanrussia-onlline.com\/pt\/wp-json\/wp\/v2\/users\/1"}],"replies":[{"embeddable":true,"href":"https:\/\/vulkanrussia-onlline.com\/pt\/wp-json\/wp\/v2\/comments?post=19"}],"version-history":[{"count":11,"href":"https:\/\/vulkanrussia-onlline.com\/pt\/wp-json\/wp\/v2\/pages\/19\/revisions"}],"predecessor-version":[{"id":121,"href":"https:\/\/vulkanrussia-onlline.com\/pt\/wp-json\/wp\/v2\/pages\/19\/revisions\/121"}],"wp:attachment":[{"href":"https:\/\/vulkanrussia-onlline.com\/pt\/wp-json\/wp\/v2\/media?parent=19"}],"curies":[{"name":"wp","href":"https:\/\/api.w.org\/{rel}","templated":true}]}}