{"id":10,"date":"2023-08-25T00:40:23","date_gmt":"2023-08-25T00:40:23","guid":{"rendered":"https:\/\/vulkanrussia-onlline.com\/?page_id=10"},"modified":"2023-11-20T01:02:24","modified_gmt":"2023-11-20T01:02:24","slug":"vulkan-reviews","status":"publish","type":"page","link":"https:\/\/vulkanrussia-onlline.com\/ro\/vulkan-reviews\/","title":{"rendered":"Recenzii ale Cazinoului Online Vulkan"},"content":{"rendered":"<p>\u00cen\u021belegem c\u00e2t de crucial este s\u0103 g\u0103si\u021bi un cazinou online onest \u0219i de \u00eencredere pentru experien\u021ba dvs. de jocuri. \u00cenainte de a \u00eencepe s\u0103 juca\u021bi, dori\u021bi s\u0103 aduna\u021bi c\u00e2t mai multe informa\u021bii posibile despre cazinou \u0219i poten\u021bialul pentru c\u00e2\u0219tiguri semnificative. Exist\u0103 multe \u00eentreb\u0103ri. Prin urmare, este esen\u021bial s\u0103 citi\u021bi opiniile juc\u0103torilor despre Vulkan. Acestea sunt recenzii autentice \u0219i sincere, care uneori seam\u0103n\u0103 cu recenziile cazinoului Vulkan. Citind astfel de recenzii, ve\u021bi ob\u021bine o \u00een\u021belegere mai bun\u0103 a ceea ce este Casino Vulkan \u0219i caracteristicile pe care le ofer\u0103.<\/p>\n<p><strong>Recenzie: Cazinoul Vulkan &#8211; Un loc uimitor<\/strong><\/p>\n<p>Vulkan Online Casino este un loc unde am g\u0103sit o varietate incredibil\u0103 de jocuri! De la sloturi clasice la jocuri video interesante &#8211; le are pe toate. Bonusurile \u0219i promo\u021biile au fost, de asemenea, o surpriz\u0103 pl\u0103cut\u0103!<\/p>\n<p>Anna D., 19 ani<\/p>\n<p><strong>Recenzie: Vitez\u0103 impresionant\u0103 de plat\u0103 la Vulkan<\/strong><\/p>\n<p>Viteza de plat\u0103 la Vulkan Online Casino este pur \u0219i simplu uimitoare! Pot conta \u00eentotdeauna pe faptul c\u0103 c\u00e2\u0219tigurile mele vor fi transferate \u00een contul meu rapid \u0219i f\u0103r\u0103 \u00eent\u00e2rzieri.<\/p>\n<p>Maxim P., 25 ani<\/p>\n<p><strong>Recenzie: Suport excelent pentru clien\u021bi la Casino Vulkan<\/strong><\/p>\n<p>Ekaterina K.: Un mare mul\u021bumesc c\u0103tre Vulkan Online Casino pentru suportul lor receptiv pentru clien\u021bi. Sunt \u00eentotdeauna preg\u0103ti\u021bi s\u0103 asiste, s\u0103 r\u0103spund\u0103 la \u00eentreb\u0103ri \u0219i s\u0103 rezolve orice probleme care apar.<\/p>\n<p>Ekaterina K., 23 ani<\/p>\n<p><strong>Recenzie: \u00cemi place Cazinoul Online Vulkan<\/strong><\/p>\n<p>\u00cemi place c\u0103 Vulkan Online Casino ofer\u0103 o varietate de op\u021biuni pentru depunerea \u0219i retragerea c\u00e2\u0219tigurilor. Este convenabil \u0219i v\u0103 permite s\u0103 alege\u021bi metoda cea mai potrivit\u0103.<\/p>\n<p>Alexey G., 30 ani<\/p>\n<p><strong>Recenzie: Joc la Vulkan de mul\u021bi ani<\/strong><\/p>\n<p>Joc la Vulkan Online Casino de mai mul\u021bi ani \u0219i \u00eentotdeauna m\u0103 simt \u00een siguran\u021b\u0103. Licen\u021ba lor \u0219i metodele lor fiabile de criptare fac jocul echitabil \u0219i sigur.<\/p>\n<p>Olga A., 32 ani<\/p>\n<p><strong>Recenzie: Participarea la Turnee la Vulkan<\/strong><\/p>\n<p>Denis M.: Turneele \u0219i competi\u021biile de la Vulkan Online Casino sunt o adev\u0103rat\u0103 pl\u0103cere! Participarea la ele aduce nu doar c\u00e2\u0219tiguri suplimentare, ci adaug\u0103 \u0219i emo\u021bie jocului.<\/p>\n<p>Denis M., 35 ani<\/p>\n<p><strong>Recenzie: Iubesc Bonusurile de Bun Venit la Vulkan<\/strong><\/p>\n<p>Bonusurile de bun venit la Vulkan Online Casino sunt o adev\u0103rat\u0103 comoar\u0103! Am \u00eenceput jocul cu fonduri suplimentare \u0219i am crescut semnificativ \u0219ansele de c\u00e2\u0219tig.<\/p>\n<p>Angela T., 27 ani<\/p>\n<p><strong>Recenzie: Bucur\u0103-te de Selec\u021bia Larg\u0103 de Jocuri la Vulkan<\/strong><\/p>\n<p>\u00cemi place cum Vulkan Online Casino \u00ee\u0219i actualizeaz\u0103 regulat colec\u021bia de jocuri. Noile lans\u0103ri sunt \u00eentotdeauna interesante \u0219i relevante, \u00een timp ce sloturile clasice sunt nostalgice.&#8221;<\/p>\n<p>Sergey V., 34 ani<\/p>\n<p><strong>Recenzie: Desc\u0103rcarea Convenabil\u0103 a Jocurilor de pe Site-ul Vulkan<\/strong><\/p>\n<p>Desc\u0103rcarea jocurilor de pe site-ul Vulkan Online Casino este convenabil\u0103! Pot s\u0103 m\u0103 bucur de jocuri \u00een modul offline f\u0103r\u0103 a compromite calitatea graficii \u0219i performan\u021bei.&#8221;<\/p>\n<p>Irina R., 26 ani<\/p>\n<p><strong>Recenzie: \u00cemi place Suportul pentru Clien\u021bi de la Vulkan<\/strong><\/p>\n<p>Suportul pentru clien\u021bi al Vulkan Online Casino merit\u0103 cu adev\u0103rat laude. Sunt \u00eentotdeauna preg\u0103ti\u021bi s\u0103 ajute \u0219i s\u0103 r\u0103spund\u0103 la orice \u00eentreb\u0103ri. Te sim\u021bi ca un juc\u0103tor valoros!<\/p>\n<p>Pavel L., 32 ani<\/p>\n","protected":false},"excerpt":{"rendered":"<p>\u00cen\u021belegem c\u00e2t de crucial este s\u0103 g\u0103si\u021bi un cazinou online onest \u0219i de \u00eencredere pentru experien\u021ba dvs. de jocuri. \u00cenainte de a \u00eencepe s\u0103 juca\u021bi, dori\u021bi s\u0103 aduna\u021bi c\u00e2t mai multe informa\u021bii posibile despre cazinou \u0219i poten\u021bialul pentru c\u00e2\u0219tiguri semnificative. Exist\u0103 multe \u00eentreb\u0103ri. Prin urmare, este esen\u021bial s\u0103 citi\u021bi opiniile juc\u0103torilor despre Vulkan. Acestea sunt&hellip;<\/p>\n","protected":false},"author":1,"featured_media":0,"parent":0,"menu_order":0,"comment_status":"closed","ping_status":"closed","template":"","meta":{"footnotes":""},"class_list":["post-10","page","type-page","status-publish","hentry"],"yoast_head":"<!-- This site is optimized with the Yoast SEO plugin v27.2 - https:\/\/yoast.com\/product\/yoast-seo-wordpress\/ -->\n<title>\u041e\u0442\u0437\u044b\u0432\u044b \u0438\u0433\u0440\u043e\u043a\u043e\u0432 \u043e\u0431 \u043e\u043d\u043b\u0430\u0439\u043d \u043a\u0430\u0437\u0438\u043d\u043e \u0412\u0443\u043b\u043a\u0430\u043d<\/title>\n<meta name=\"description\" content=\"\u043e\u0442\u0437\u044b\u0432\u044b \u0438\u0433\u0440\u043e\u043a\u043e\u0432 \u0412\u0443\u043b\u043a\u0430\u043d, \u043c\u043d\u0435\u043d\u0438\u044f \u043e \u043a\u0430\u0437\u0438\u043d\u043e Vulkan\" \/>\n<meta name=\"robots\" content=\"index, follow, max-snippet:-1, max-image-preview:large, max-video-preview:-1\" \/>\n<link rel=\"canonical\" href=\"https:\/\/vulkanrussia-onlline.com\/ro\/vulkan-reviews\/\" \/>\n<meta property=\"og:locale\" content=\"ro_RO\" \/>\n<meta property=\"og:locale:alternate\" content=\"ru_RU\" \/>\n<meta property=\"og:locale:alternate\" content=\"en_US\" \/>\n<meta property=\"og:locale:alternate\" content=\"pt_PT\" \/>\n<meta property=\"og:locale:alternate\" content=\"es_ES\" \/>\n<meta property=\"og:locale:alternate\" content=\"fr_FR\" \/>\n<meta property=\"og:locale:alternate\" content=\"de_DE\" \/>\n<meta property=\"og:locale:alternate\" content=\"sr_RS\" \/>\n<meta property=\"og:locale:alternate\" content=\"bg_BG\" \/>\n<meta property=\"og:type\" content=\"article\" \/>\n<meta property=\"og:title\" content=\"\u041e\u0442\u0437\u044b\u0432\u044b \u0438\u0433\u0440\u043e\u043a\u043e\u0432 \u043e\u0431 \u043e\u043d\u043b\u0430\u0439\u043d \u043a\u0430\u0437\u0438\u043d\u043e \u0412\u0443\u043b\u043a\u0430\u043d\" \/>\n<meta property=\"og:description\" content=\"\u043e\u0442\u0437\u044b\u0432\u044b \u0438\u0433\u0440\u043e\u043a\u043e\u0432 \u0412\u0443\u043b\u043a\u0430\u043d, \u043c\u043d\u0435\u043d\u0438\u044f \u043e \u043a\u0430\u0437\u0438\u043d\u043e Vulkan\" \/>\n<meta property=\"og:url\" content=\"https:\/\/vulkanrussia-onlline.com\/ro\/vulkan-reviews\/\" \/>\n<meta property=\"og:site_name\" content=\"Vulkan\" \/>\n<meta property=\"article:modified_time\" content=\"2023-11-20T01:02:24+00:00\" \/>\n<meta name=\"twitter:card\" content=\"summary_large_image\" \/>\n<meta name=\"twitter:label1\" content=\"Timp estimat pentru citire\" \/>\n\t<meta name=\"twitter:data1\" content=\"16 minute\" \/>\n<script type=\"application\/ld+json\" class=\"yoast-schema-graph\">{\"@context\":\"https:\/\/schema.org\",\"@graph\":[{\"@type\":\"WebPage\",\"@id\":\"https:\/\/vulkanrussia-onlline.com\/ro\/vulkan-reviews\/\",\"url\":\"https:\/\/vulkanrussia-onlline.com\/ro\/vulkan-reviews\/\",\"name\":\"\u041e\u0442\u0437\u044b\u0432\u044b \u0438\u0433\u0440\u043e\u043a\u043e\u0432 \u043e\u0431 \u043e\u043d\u043b\u0430\u0439\u043d \u043a\u0430\u0437\u0438\u043d\u043e \u0412\u0443\u043b\u043a\u0430\u043d\",\"isPartOf\":{\"@id\":\"https:\/\/vulkanrussia-onlline.com\/#website\"},\"datePublished\":\"2023-08-25T00:40:23+00:00\",\"dateModified\":\"2023-11-20T01:02:24+00:00\",\"description\":\"\u043e\u0442\u0437\u044b\u0432\u044b \u0438\u0433\u0440\u043e\u043a\u043e\u0432 \u0412\u0443\u043b\u043a\u0430\u043d, \u043c\u043d\u0435\u043d\u0438\u044f \u043e \u043a\u0430\u0437\u0438\u043d\u043e Vulkan\",\"breadcrumb\":{\"@id\":\"https:\/\/vulkanrussia-onlline.com\/ro\/vulkan-reviews\/#breadcrumb\"},\"inLanguage\":\"ro-RO\",\"potentialAction\":[{\"@type\":\"ReadAction\",\"target\":[\"https:\/\/vulkanrussia-onlline.com\/ro\/vulkan-reviews\/\"]}]},{\"@type\":\"BreadcrumbList\",\"@id\":\"https:\/\/vulkanrussia-onlline.com\/ro\/vulkan-reviews\/#breadcrumb\",\"itemListElement\":[{\"@type\":\"ListItem\",\"position\":1,\"name\":\"Home\",\"item\":\"https:\/\/vulkanrussia-onlline.com\/\"},{\"@type\":\"ListItem\",\"position\":2,\"name\":\"Recenzii ale Cazinoului Online Vulkan\"}]},{\"@type\":\"WebSite\",\"@id\":\"https:\/\/vulkanrussia-onlline.com\/#website\",\"url\":\"https:\/\/vulkanrussia-onlline.com\/\",\"name\":\"Vulkan\",\"description\":\"Just another WordPress site\",\"publisher\":{\"@id\":\"https:\/\/vulkanrussia-onlline.com\/#organization\"},\"potentialAction\":[{\"@type\":\"SearchAction\",\"target\":{\"@type\":\"EntryPoint\",\"urlTemplate\":\"https:\/\/vulkanrussia-onlline.com\/?s={search_term_string}\"},\"query-input\":{\"@type\":\"PropertyValueSpecification\",\"valueRequired\":true,\"valueName\":\"search_term_string\"}}],\"inLanguage\":\"ro-RO\"},{\"@type\":\"Organization\",\"@id\":\"https:\/\/vulkanrussia-onlline.com\/#organization\",\"name\":\"Vulkan\",\"url\":\"https:\/\/vulkanrussia-onlline.com\/\",\"logo\":{\"@type\":\"ImageObject\",\"inLanguage\":\"ro-RO\",\"@id\":\"https:\/\/vulkanrussia-onlline.com\/#\/schema\/logo\/image\/\",\"url\":\"https:\/\/vulkanrussia-onlline.com\/wp-content\/uploads\/vulkan.png\",\"contentUrl\":\"https:\/\/vulkanrussia-onlline.com\/wp-content\/uploads\/vulkan.png\",\"width\":202,\"height\":149,\"caption\":\"Vulkan\"},\"image\":{\"@id\":\"https:\/\/vulkanrussia-onlline.com\/#\/schema\/logo\/image\/\"}}]}<\/script>\n<!-- \/ Yoast SEO plugin. -->","yoast_head_json":{"title":"\u041e\u0442\u0437\u044b\u0432\u044b \u0438\u0433\u0440\u043e\u043a\u043e\u0432 \u043e\u0431 \u043e\u043d\u043b\u0430\u0439\u043d \u043a\u0430\u0437\u0438\u043d\u043e \u0412\u0443\u043b\u043a\u0430\u043d","description":"\u043e\u0442\u0437\u044b\u0432\u044b \u0438\u0433\u0440\u043e\u043a\u043e\u0432 \u0412\u0443\u043b\u043a\u0430\u043d, \u043c\u043d\u0435\u043d\u0438\u044f \u043e \u043a\u0430\u0437\u0438\u043d\u043e Vulkan","robots":{"index":"index","follow":"follow","max-snippet":"max-snippet:-1","max-image-preview":"max-image-preview:large","max-video-preview":"max-video-preview:-1"},"canonical":"https:\/\/vulkanrussia-onlline.com\/ro\/vulkan-reviews\/","og_locale":"ro_RO","og_type":"article","og_title":"\u041e\u0442\u0437\u044b\u0432\u044b \u0438\u0433\u0440\u043e\u043a\u043e\u0432 \u043e\u0431 \u043e\u043d\u043b\u0430\u0439\u043d \u043a\u0430\u0437\u0438\u043d\u043e \u0412\u0443\u043b\u043a\u0430\u043d","og_description":"\u043e\u0442\u0437\u044b\u0432\u044b \u0438\u0433\u0440\u043e\u043a\u043e\u0432 \u0412\u0443\u043b\u043a\u0430\u043d, \u043c\u043d\u0435\u043d\u0438\u044f \u043e \u043a\u0430\u0437\u0438\u043d\u043e Vulkan","og_url":"https:\/\/vulkanrussia-onlline.com\/ro\/vulkan-reviews\/","og_site_name":"Vulkan","article_modified_time":"2023-11-20T01:02:24+00:00","twitter_card":"summary_large_image","twitter_misc":{"Timp estimat pentru citire":"16 minute"},"schema":{"@context":"https:\/\/schema.org","@graph":[{"@type":"WebPage","@id":"https:\/\/vulkanrussia-onlline.com\/ro\/vulkan-reviews\/","url":"https:\/\/vulkanrussia-onlline.com\/ro\/vulkan-reviews\/","name":"\u041e\u0442\u0437\u044b\u0432\u044b \u0438\u0433\u0440\u043e\u043a\u043e\u0432 \u043e\u0431 \u043e\u043d\u043b\u0430\u0439\u043d \u043a\u0430\u0437\u0438\u043d\u043e \u0412\u0443\u043b\u043a\u0430\u043d","isPartOf":{"@id":"https:\/\/vulkanrussia-onlline.com\/#website"},"datePublished":"2023-08-25T00:40:23+00:00","dateModified":"2023-11-20T01:02:24+00:00","description":"\u043e\u0442\u0437\u044b\u0432\u044b \u0438\u0433\u0440\u043e\u043a\u043e\u0432 \u0412\u0443\u043b\u043a\u0430\u043d, \u043c\u043d\u0435\u043d\u0438\u044f \u043e \u043a\u0430\u0437\u0438\u043d\u043e Vulkan","breadcrumb":{"@id":"https:\/\/vulkanrussia-onlline.com\/ro\/vulkan-reviews\/#breadcrumb"},"inLanguage":"ro-RO","potentialAction":[{"@type":"ReadAction","target":["https:\/\/vulkanrussia-onlline.com\/ro\/vulkan-reviews\/"]}]},{"@type":"BreadcrumbList","@id":"https:\/\/vulkanrussia-onlline.com\/ro\/vulkan-reviews\/#breadcrumb","itemListElement":[{"@type":"ListItem","position":1,"name":"Home","item":"https:\/\/vulkanrussia-onlline.com\/"},{"@type":"ListItem","position":2,"name":"Recenzii ale Cazinoului Online Vulkan"}]},{"@type":"WebSite","@id":"https:\/\/vulkanrussia-onlline.com\/#website","url":"https:\/\/vulkanrussia-onlline.com\/","name":"Vulkan","description":"Just another WordPress site","publisher":{"@id":"https:\/\/vulkanrussia-onlline.com\/#organization"},"potentialAction":[{"@type":"SearchAction","target":{"@type":"EntryPoint","urlTemplate":"https:\/\/vulkanrussia-onlline.com\/?s={search_term_string}"},"query-input":{"@type":"PropertyValueSpecification","valueRequired":true,"valueName":"search_term_string"}}],"inLanguage":"ro-RO"},{"@type":"Organization","@id":"https:\/\/vulkanrussia-onlline.com\/#organization","name":"Vulkan","url":"https:\/\/vulkanrussia-onlline.com\/","logo":{"@type":"ImageObject","inLanguage":"ro-RO","@id":"https:\/\/vulkanrussia-onlline.com\/#\/schema\/logo\/image\/","url":"https:\/\/vulkanrussia-onlline.com\/wp-content\/uploads\/vulkan.png","contentUrl":"https:\/\/vulkanrussia-onlline.com\/wp-content\/uploads\/vulkan.png","width":202,"height":149,"caption":"Vulkan"},"image":{"@id":"https:\/\/vulkanrussia-onlline.com\/#\/schema\/logo\/image\/"}}]}},"_links":{"self":[{"href":"https:\/\/vulkanrussia-onlline.com\/ro\/wp-json\/wp\/v2\/pages\/10","targetHints":{"allow":["GET"]}}],"collection":[{"href":"https:\/\/vulkanrussia-onlline.com\/ro\/wp-json\/wp\/v2\/pages"}],"about":[{"href":"https:\/\/vulkanrussia-onlline.com\/ro\/wp-json\/wp\/v2\/types\/page"}],"author":[{"embeddable":true,"href":"https:\/\/vulkanrussia-onlline.com\/ro\/wp-json\/wp\/v2\/users\/1"}],"replies":[{"embeddable":true,"href":"https:\/\/vulkanrussia-onlline.com\/ro\/wp-json\/wp\/v2\/comments?post=10"}],"version-history":[{"count":11,"href":"https:\/\/vulkanrussia-onlline.com\/ro\/wp-json\/wp\/v2\/pages\/10\/revisions"}],"predecessor-version":[{"id":127,"href":"https:\/\/vulkanrussia-onlline.com\/ro\/wp-json\/wp\/v2\/pages\/10\/revisions\/127"}],"wp:attachment":[{"href":"https:\/\/vulkanrussia-onlline.com\/ro\/wp-json\/wp\/v2\/media?parent=10"}],"curies":[{"name":"wp","href":"https:\/\/api.w.org\/{rel}","templated":true}]}}