{"id":14,"date":"2023-08-25T00:47:32","date_gmt":"2023-08-25T00:47:32","guid":{"rendered":"https:\/\/vulkanrussia-onlline.com\/?page_id=14"},"modified":"2024-05-18T09:38:55","modified_gmt":"2024-05-18T09:38:55","slug":"home","status":"publish","type":"page","link":"https:\/\/vulkanrussia-onlline.com\/ro\/","title":{"rendered":"Bine a\u021bi venit la Vulkan Online Casino: Drumul t\u0103u c\u0103tre noroc \u0219i distrac\u021bie"},"content":{"rendered":"<p>Vulkan Online Casino v\u0103 \u00eent\u00e2mpin\u0103 \u00een lumea palpitant\u0103 a emo\u021biilor, distrac\u021biei \u0219i a c\u00e2\u0219tigurilor incredibile! Ne m\u00e2ndrim cu oferirea unor jocuri de calitate superioar\u0103, o platform\u0103 de jocuri sigur\u0103 pentru juc\u0103torii no\u0219tri \u0219i oferte de bonusuri care vor ridica nivelul emo\u021biilor la un nivel nou.<\/p>\n<h2><strong>Catalog extins de jocuri online<\/strong><\/h2>\n<p>La Vulkan Online Casino, punem la dispozi\u021bie o list\u0103 incredibil de extins\u0103 de jocuri disponibile care vor satisface chiar \u0219i cei mai exigen\u021bi juc\u0103tori. Alege\u021bi dintr-o varietate de <a href=\"https:\/\/conticazino.org\/\">sloturi clasice \u0219i moderne<\/a>, jocuri de mas\u0103 captivante, inclusiv rulet\u0103, blackjack, poker \u0219i multe altele. Nu am uitat nici de jocurile crash. Actualiz\u0103m continuu selec\u021bia noastr\u0103 pentru a v\u0103 oferi doar ce este mai bun.<\/p>\n<h2><strong>Tipuri de jocuri unice<\/strong><\/h2>\n<p>Juca\u021bi o varietate de tipuri de jocuri la Vulkan Online Casino. De la sloturi cu grafic\u0103 uimitoare \u0219i numeroase runde bonus p\u00e2n\u0103 la jocuri de mas\u0103 cu dealeri live \u00een modul timp real &#8211; avem totul pentru a satisface dorin\u021bele dvs. de a c\u00e2\u0219tiga bani substan\u021biali. Vulkan Online Casino este locul potrivit pentru c\u00e2\u0219tiguri mari.<\/p>\n<h2><strong>Metode de depunere \u0219i retragere<\/strong><\/h2>\n<p>Oferim diverse metode convenabile pentru efectuarea depunerilor \u0219i retragerea c\u00e2\u0219tigurilor. Pute\u021bi alege metoda cea mai potrivit\u0103, fie c\u0103 este vorba de un card de credit, portofele electronice, transfer bancar sau criptomonede. Tranzac\u021biile financiare vor r\u0103m\u00e2ne \u00eentotdeauna securizate \u0219i protejate. Pute\u021bi avea \u00eencredere \u00een securitatea opera\u021biunilor noastre financiare.<\/p>\n<h2><strong>Licen\u021b\u0103 \u0219i securitate la Vulkan Casino<\/strong><\/h2>\n<p>Vulkan Online Casino de\u021bine o licen\u021b\u0103 de la reglementatori de \u00eencredere din Curacao, asigur\u00e2nd corectitudinea \u0219i fiabilitatea experien\u021bei noastre de jocuri. Siguran\u021ba \u0219i confiden\u021bialitatea datelor dvs. sunt priorit\u0103\u021bile noastre principale. Folosim tehnologii avansate de criptare pentru a proteja informa\u021biile dvs. personale \u0219i financiare.<\/p>\n<h2><strong>Bonusuri \u0219i promo\u021bii la Vulkan Casino<\/strong><\/h2>\n<p>La Vulkan Online Casino, cunoa\u0219tem \u0219i apreciem juc\u0103torii no\u0219tri. Oferim diverse bonusuri \u0219i promo\u021bii care \u00ee\u021bi cresc \u0219ansele de c\u00e2\u0219tig. De la bonusurile de bun venit pentru juc\u0103torii noi \u0219i p\u00e2n\u0103 la promo\u021bii \u0219i turnee s\u0103pt\u0103m\u00e2nale &#8211; ne preocup\u0103m \u00eentotdeauna de dvs. Oferim, de asemenea, bonusuri exclusive, cum ar fi bonusuri de ziua de na\u0219tere \u0219i bonusuri pentru ocazii speciale, precum rotiri gratuite \u00een anumite date.<\/p>\n<h2><strong>Suport 24\/7<\/strong><\/h2>\n<p>Indiferent de \u00eentreb\u0103ri sau dificult\u0103\u021bi, suportul pentru clien\u021bi al Vulkan Online Casino este disponibil pentru dvs. 24\/7. Exper\u021bii no\u0219tri sunt \u00eentotdeauna preg\u0103ti\u021bi s\u0103 v\u0103 ajute s\u0103 rezolva\u021bi orice probleme \u0219i s\u0103 v\u0103 asigura\u021bi o experien\u021b\u0103 de joc pozitiv\u0103, indiferent de complexitatea problemei dvs. Suntem aici s\u0103 v\u0103 ajut\u0103m \u0219i s\u0103 r\u0103spundem la orice \u00eentreb\u0103ri. Nu pute\u021bi face o depunere? V\u0103 vom ghida cum s\u0103 o face\u021bi. Retragerea dureaz\u0103 prea mult? V\u0103 vom oferi informa\u021bii despre starea tranzac\u021biei. Acestea sunt doar c\u00e2teva exemple.<\/p>\n<h2><strong>Al\u0103tura\u021bi-v\u0103 Casino-ului Vulkan!<\/strong><\/h2>\n<p>Al\u0103tura\u021bi-v\u0103 Vulkan Online Casino \u0219i descoperi\u021bi lumea palpitant\u0103 a distrac\u021biei \u0219i a jocurilor de noroc. Indiferent de experien\u021ba dvs. \u00een jocuri, avem totul pentru a v\u0103 satisface nevoile. \u00cencepe\u021bi c\u0103l\u0103toria dvs. \u00een lumea noastr\u0103 de jocuri \u0219i sim\u021bi\u021bi emo\u021bia pe m\u0103sur\u0103 ce v\u0103 ridica\u021bi la \u00een\u0103l\u021bimi ale distrac\u021biei \u00een jocuri \u0219i oportunit\u0103\u021bi de c\u00e2\u0219tig serios. Bine a\u021bi venit \u00een lumea Vulkan Online Casino &#8211; partenerul dvs. de \u00eencredere pe drumul c\u0103tre noroc \u0219i distrac\u021bie adev\u0103rat\u0103!<\/p>\n","protected":false},"excerpt":{"rendered":"<p>Vulkan Online Casino v\u0103 \u00eent\u00e2mpin\u0103 \u00een lumea palpitant\u0103 a emo\u021biilor, distrac\u021biei \u0219i a c\u00e2\u0219tigurilor incredibile! Ne m\u00e2ndrim cu oferirea unor jocuri de calitate superioar\u0103, o platform\u0103 de jocuri sigur\u0103 pentru juc\u0103torii no\u0219tri \u0219i oferte de bonusuri care vor ridica nivelul emo\u021biilor la un nivel nou. Catalog extins de jocuri online La Vulkan Online Casino, punem&hellip;<\/p>\n","protected":false},"author":1,"featured_media":0,"parent":0,"menu_order":0,"comment_status":"closed","ping_status":"closed","template":"","meta":{"footnotes":""},"class_list":["post-14","page","type-page","status-publish","hentry"],"yoast_head":"<!-- This site is optimized with the Yoast SEO plugin v27.2 - https:\/\/yoast.com\/product\/yoast-seo-wordpress\/ -->\n<title>\u0418\u0433\u0440\u0430\u0442\u044c \u0432 \u043e\u043d\u043b\u0430\u0439\u043d \u043a\u0430\u0437\u0438\u043d\u043e \u0412\u0443\u043b\u043a\u0430\u043d<\/title>\n<meta name=\"description\" content=\"\u0418\u0433\u0440\u0430\u0442\u044c \u043d\u0430 \u0440\u0435\u0430\u043b\u044c\u043d\u044b\u0435 \u0434\u0435\u043d\u044c\u0433\u0438 \u0432 \u043e\u043d\u043b\u0430\u0439\u043d \u043a\u0430\u0437\u0438\u043d\u043e Vulkan. \u0411\u043e\u043d\u0443\u0441\u044b, \u0441\u043a\u0430\u0447\u0430\u0442\u044c, \u0441\u043b\u043e\u0442\u044b, \u043a\u0440\u0430\u0448 \u0438\u0433\u0440\u044b, \u043f\u043e\u043a\u0435\u0440, \u0440\u0443\u043b\u0435\u0442\u043a\u0430, \u0434\u0435\u043f\u043e\u0437\u0438\u0442 \u0438 \u0432\u044b\u0432\u043e\u0434 \u0432\u044b\u0438\u0433\u0440\u044b\u0448\u0435\u0439. \u041a\u0430\u043a \u0438\u0433\u0440\u0430\u0442\u044c \u0438 \u043f\u043e\u0431\u0435\u0436\u0434\u0430\u0442\u044c \u0432 \u0412\u0443\u043b\u043a\u0430\u043d\" \/>\n<meta name=\"robots\" content=\"index, follow, max-snippet:-1, max-image-preview:large, max-video-preview:-1\" \/>\n<link rel=\"canonical\" href=\"https:\/\/vulkanrussia-onlline.com\/ro\/\" \/>\n<meta property=\"og:locale\" content=\"ro_RO\" \/>\n<meta property=\"og:locale:alternate\" content=\"ru_RU\" \/>\n<meta property=\"og:locale:alternate\" content=\"en_US\" \/>\n<meta property=\"og:locale:alternate\" content=\"pt_PT\" \/>\n<meta property=\"og:locale:alternate\" content=\"es_ES\" \/>\n<meta property=\"og:locale:alternate\" content=\"fr_FR\" \/>\n<meta property=\"og:locale:alternate\" content=\"de_DE\" \/>\n<meta property=\"og:locale:alternate\" content=\"sr_RS\" \/>\n<meta property=\"og:locale:alternate\" content=\"bg_BG\" \/>\n<meta property=\"og:type\" content=\"article\" \/>\n<meta property=\"og:title\" content=\"\u0418\u0433\u0440\u0430\u0442\u044c \u0432 \u043e\u043d\u043b\u0430\u0439\u043d \u043a\u0430\u0437\u0438\u043d\u043e \u0412\u0443\u043b\u043a\u0430\u043d\" \/>\n<meta property=\"og:description\" content=\"\u0418\u0433\u0440\u0430\u0442\u044c \u043d\u0430 \u0440\u0435\u0430\u043b\u044c\u043d\u044b\u0435 \u0434\u0435\u043d\u044c\u0433\u0438 \u0432 \u043e\u043d\u043b\u0430\u0439\u043d \u043a\u0430\u0437\u0438\u043d\u043e Vulkan. \u0411\u043e\u043d\u0443\u0441\u044b, \u0441\u043a\u0430\u0447\u0430\u0442\u044c, \u0441\u043b\u043e\u0442\u044b, \u043a\u0440\u0430\u0448 \u0438\u0433\u0440\u044b, \u043f\u043e\u043a\u0435\u0440, \u0440\u0443\u043b\u0435\u0442\u043a\u0430, \u0434\u0435\u043f\u043e\u0437\u0438\u0442 \u0438 \u0432\u044b\u0432\u043e\u0434 \u0432\u044b\u0438\u0433\u0440\u044b\u0448\u0435\u0439. \u041a\u0430\u043a \u0438\u0433\u0440\u0430\u0442\u044c \u0438 \u043f\u043e\u0431\u0435\u0436\u0434\u0430\u0442\u044c \u0432 \u0412\u0443\u043b\u043a\u0430\u043d\" \/>\n<meta property=\"og:url\" content=\"https:\/\/vulkanrussia-onlline.com\/ro\/\" \/>\n<meta property=\"og:site_name\" content=\"Vulkan\" \/>\n<meta property=\"article:modified_time\" content=\"2024-05-18T09:38:55+00:00\" \/>\n<meta name=\"twitter:card\" content=\"summary_large_image\" \/>\n<meta name=\"twitter:label1\" content=\"Timp estimat pentru citire\" \/>\n\t<meta name=\"twitter:data1\" content=\"17 minute\" \/>\n<script type=\"application\/ld+json\" class=\"yoast-schema-graph\">{\"@context\":\"https:\/\/schema.org\",\"@graph\":[{\"@type\":\"WebPage\",\"@id\":\"https:\/\/vulkanrussia-onlline.com\/\",\"url\":\"https:\/\/vulkanrussia-onlline.com\/\",\"name\":\"\u0418\u0433\u0440\u0430\u0442\u044c \u0432 \u043e\u043d\u043b\u0430\u0439\u043d \u043a\u0430\u0437\u0438\u043d\u043e \u0412\u0443\u043b\u043a\u0430\u043d\",\"isPartOf\":{\"@id\":\"https:\/\/vulkanrussia-onlline.com\/#website\"},\"datePublished\":\"2023-08-25T00:47:32+00:00\",\"dateModified\":\"2024-05-18T09:38:55+00:00\",\"description\":\"\u0418\u0433\u0440\u0430\u0442\u044c \u043d\u0430 \u0440\u0435\u0430\u043b\u044c\u043d\u044b\u0435 \u0434\u0435\u043d\u044c\u0433\u0438 \u0432 \u043e\u043d\u043b\u0430\u0439\u043d \u043a\u0430\u0437\u0438\u043d\u043e Vulkan. \u0411\u043e\u043d\u0443\u0441\u044b, \u0441\u043a\u0430\u0447\u0430\u0442\u044c, \u0441\u043b\u043e\u0442\u044b, \u043a\u0440\u0430\u0448 \u0438\u0433\u0440\u044b, \u043f\u043e\u043a\u0435\u0440, \u0440\u0443\u043b\u0435\u0442\u043a\u0430, \u0434\u0435\u043f\u043e\u0437\u0438\u0442 \u0438 \u0432\u044b\u0432\u043e\u0434 \u0432\u044b\u0438\u0433\u0440\u044b\u0448\u0435\u0439. \u041a\u0430\u043a \u0438\u0433\u0440\u0430\u0442\u044c \u0438 \u043f\u043e\u0431\u0435\u0436\u0434\u0430\u0442\u044c \u0432 \u0412\u0443\u043b\u043a\u0430\u043d\",\"breadcrumb\":{\"@id\":\"https:\/\/vulkanrussia-onlline.com\/#breadcrumb\"},\"inLanguage\":\"ro-RO\",\"potentialAction\":[{\"@type\":\"ReadAction\",\"target\":[\"https:\/\/vulkanrussia-onlline.com\/\"]}]},{\"@type\":\"BreadcrumbList\",\"@id\":\"https:\/\/vulkanrussia-onlline.com\/#breadcrumb\",\"itemListElement\":[{\"@type\":\"ListItem\",\"position\":1,\"name\":\"Home\",\"item\":\"https:\/\/vulkanrussia-onlline.com\/\"},{\"@type\":\"ListItem\",\"position\":2,\"name\":\"\u0414\u043e\u0431\u0440\u043e \u043f\u043e\u0436\u0430\u043b\u043e\u0432\u0430\u0442\u044c \u0432 \u041e\u043d\u043b\u0430\u0439\u043d \u041a\u0430\u0437\u0438\u043d\u043e \u0412\u0443\u043b\u043a\u0430\u043d: \u0412\u0430\u0448 \u041f\u0443\u0442\u044c \u043a \u0423\u0434\u0430\u0447\u0435 \u0438 \u0420\u0430\u0437\u0432\u043b\u0435\u0447\u0435\u043d\u0438\u044f\u043c\"}]},{\"@type\":\"WebSite\",\"@id\":\"https:\/\/vulkanrussia-onlline.com\/#website\",\"url\":\"https:\/\/vulkanrussia-onlline.com\/\",\"name\":\"Vulkan\",\"description\":\"Just another WordPress site\",\"publisher\":{\"@id\":\"https:\/\/vulkanrussia-onlline.com\/#organization\"},\"potentialAction\":[{\"@type\":\"SearchAction\",\"target\":{\"@type\":\"EntryPoint\",\"urlTemplate\":\"https:\/\/vulkanrussia-onlline.com\/?s={search_term_string}\"},\"query-input\":{\"@type\":\"PropertyValueSpecification\",\"valueRequired\":true,\"valueName\":\"search_term_string\"}}],\"inLanguage\":\"ro-RO\"},{\"@type\":\"Organization\",\"@id\":\"https:\/\/vulkanrussia-onlline.com\/#organization\",\"name\":\"Vulkan\",\"url\":\"https:\/\/vulkanrussia-onlline.com\/\",\"logo\":{\"@type\":\"ImageObject\",\"inLanguage\":\"ro-RO\",\"@id\":\"https:\/\/vulkanrussia-onlline.com\/#\/schema\/logo\/image\/\",\"url\":\"https:\/\/vulkanrussia-onlline.com\/wp-content\/uploads\/vulkan.png\",\"contentUrl\":\"https:\/\/vulkanrussia-onlline.com\/wp-content\/uploads\/vulkan.png\",\"width\":202,\"height\":149,\"caption\":\"Vulkan\"},\"image\":{\"@id\":\"https:\/\/vulkanrussia-onlline.com\/#\/schema\/logo\/image\/\"}}]}<\/script>\n<!-- \/ Yoast SEO plugin. -->","yoast_head_json":{"title":"\u0418\u0433\u0440\u0430\u0442\u044c \u0432 \u043e\u043d\u043b\u0430\u0439\u043d \u043a\u0430\u0437\u0438\u043d\u043e \u0412\u0443\u043b\u043a\u0430\u043d","description":"\u0418\u0433\u0440\u0430\u0442\u044c \u043d\u0430 \u0440\u0435\u0430\u043b\u044c\u043d\u044b\u0435 \u0434\u0435\u043d\u044c\u0433\u0438 \u0432 \u043e\u043d\u043b\u0430\u0439\u043d \u043a\u0430\u0437\u0438\u043d\u043e Vulkan. \u0411\u043e\u043d\u0443\u0441\u044b, \u0441\u043a\u0430\u0447\u0430\u0442\u044c, \u0441\u043b\u043e\u0442\u044b, \u043a\u0440\u0430\u0448 \u0438\u0433\u0440\u044b, \u043f\u043e\u043a\u0435\u0440, \u0440\u0443\u043b\u0435\u0442\u043a\u0430, \u0434\u0435\u043f\u043e\u0437\u0438\u0442 \u0438 \u0432\u044b\u0432\u043e\u0434 \u0432\u044b\u0438\u0433\u0440\u044b\u0448\u0435\u0439. \u041a\u0430\u043a \u0438\u0433\u0440\u0430\u0442\u044c \u0438 \u043f\u043e\u0431\u0435\u0436\u0434\u0430\u0442\u044c \u0432 \u0412\u0443\u043b\u043a\u0430\u043d","robots":{"index":"index","follow":"follow","max-snippet":"max-snippet:-1","max-image-preview":"max-image-preview:large","max-video-preview":"max-video-preview:-1"},"canonical":"https:\/\/vulkanrussia-onlline.com\/ro\/","og_locale":"ro_RO","og_type":"article","og_title":"\u0418\u0433\u0440\u0430\u0442\u044c \u0432 \u043e\u043d\u043b\u0430\u0439\u043d \u043a\u0430\u0437\u0438\u043d\u043e \u0412\u0443\u043b\u043a\u0430\u043d","og_description":"\u0418\u0433\u0440\u0430\u0442\u044c \u043d\u0430 \u0440\u0435\u0430\u043b\u044c\u043d\u044b\u0435 \u0434\u0435\u043d\u044c\u0433\u0438 \u0432 \u043e\u043d\u043b\u0430\u0439\u043d \u043a\u0430\u0437\u0438\u043d\u043e Vulkan. \u0411\u043e\u043d\u0443\u0441\u044b, \u0441\u043a\u0430\u0447\u0430\u0442\u044c, \u0441\u043b\u043e\u0442\u044b, \u043a\u0440\u0430\u0448 \u0438\u0433\u0440\u044b, \u043f\u043e\u043a\u0435\u0440, \u0440\u0443\u043b\u0435\u0442\u043a\u0430, \u0434\u0435\u043f\u043e\u0437\u0438\u0442 \u0438 \u0432\u044b\u0432\u043e\u0434 \u0432\u044b\u0438\u0433\u0440\u044b\u0448\u0435\u0439. \u041a\u0430\u043a \u0438\u0433\u0440\u0430\u0442\u044c \u0438 \u043f\u043e\u0431\u0435\u0436\u0434\u0430\u0442\u044c \u0432 \u0412\u0443\u043b\u043a\u0430\u043d","og_url":"https:\/\/vulkanrussia-onlline.com\/ro\/","og_site_name":"Vulkan","article_modified_time":"2024-05-18T09:38:55+00:00","twitter_card":"summary_large_image","twitter_misc":{"Timp estimat pentru citire":"17 minute"},"schema":{"@context":"https:\/\/schema.org","@graph":[{"@type":"WebPage","@id":"https:\/\/vulkanrussia-onlline.com\/","url":"https:\/\/vulkanrussia-onlline.com\/","name":"\u0418\u0433\u0440\u0430\u0442\u044c \u0432 \u043e\u043d\u043b\u0430\u0439\u043d \u043a\u0430\u0437\u0438\u043d\u043e \u0412\u0443\u043b\u043a\u0430\u043d","isPartOf":{"@id":"https:\/\/vulkanrussia-onlline.com\/#website"},"datePublished":"2023-08-25T00:47:32+00:00","dateModified":"2024-05-18T09:38:55+00:00","description":"\u0418\u0433\u0440\u0430\u0442\u044c \u043d\u0430 \u0440\u0435\u0430\u043b\u044c\u043d\u044b\u0435 \u0434\u0435\u043d\u044c\u0433\u0438 \u0432 \u043e\u043d\u043b\u0430\u0439\u043d \u043a\u0430\u0437\u0438\u043d\u043e Vulkan. \u0411\u043e\u043d\u0443\u0441\u044b, \u0441\u043a\u0430\u0447\u0430\u0442\u044c, \u0441\u043b\u043e\u0442\u044b, \u043a\u0440\u0430\u0448 \u0438\u0433\u0440\u044b, \u043f\u043e\u043a\u0435\u0440, \u0440\u0443\u043b\u0435\u0442\u043a\u0430, \u0434\u0435\u043f\u043e\u0437\u0438\u0442 \u0438 \u0432\u044b\u0432\u043e\u0434 \u0432\u044b\u0438\u0433\u0440\u044b\u0448\u0435\u0439. \u041a\u0430\u043a \u0438\u0433\u0440\u0430\u0442\u044c \u0438 \u043f\u043e\u0431\u0435\u0436\u0434\u0430\u0442\u044c \u0432 \u0412\u0443\u043b\u043a\u0430\u043d","breadcrumb":{"@id":"https:\/\/vulkanrussia-onlline.com\/#breadcrumb"},"inLanguage":"ro-RO","potentialAction":[{"@type":"ReadAction","target":["https:\/\/vulkanrussia-onlline.com\/"]}]},{"@type":"BreadcrumbList","@id":"https:\/\/vulkanrussia-onlline.com\/#breadcrumb","itemListElement":[{"@type":"ListItem","position":1,"name":"Home","item":"https:\/\/vulkanrussia-onlline.com\/"},{"@type":"ListItem","position":2,"name":"\u0414\u043e\u0431\u0440\u043e \u043f\u043e\u0436\u0430\u043b\u043e\u0432\u0430\u0442\u044c \u0432 \u041e\u043d\u043b\u0430\u0439\u043d \u041a\u0430\u0437\u0438\u043d\u043e \u0412\u0443\u043b\u043a\u0430\u043d: \u0412\u0430\u0448 \u041f\u0443\u0442\u044c \u043a \u0423\u0434\u0430\u0447\u0435 \u0438 \u0420\u0430\u0437\u0432\u043b\u0435\u0447\u0435\u043d\u0438\u044f\u043c"}]},{"@type":"WebSite","@id":"https:\/\/vulkanrussia-onlline.com\/#website","url":"https:\/\/vulkanrussia-onlline.com\/","name":"Vulkan","description":"Just another WordPress site","publisher":{"@id":"https:\/\/vulkanrussia-onlline.com\/#organization"},"potentialAction":[{"@type":"SearchAction","target":{"@type":"EntryPoint","urlTemplate":"https:\/\/vulkanrussia-onlline.com\/?s={search_term_string}"},"query-input":{"@type":"PropertyValueSpecification","valueRequired":true,"valueName":"search_term_string"}}],"inLanguage":"ro-RO"},{"@type":"Organization","@id":"https:\/\/vulkanrussia-onlline.com\/#organization","name":"Vulkan","url":"https:\/\/vulkanrussia-onlline.com\/","logo":{"@type":"ImageObject","inLanguage":"ro-RO","@id":"https:\/\/vulkanrussia-onlline.com\/#\/schema\/logo\/image\/","url":"https:\/\/vulkanrussia-onlline.com\/wp-content\/uploads\/vulkan.png","contentUrl":"https:\/\/vulkanrussia-onlline.com\/wp-content\/uploads\/vulkan.png","width":202,"height":149,"caption":"Vulkan"},"image":{"@id":"https:\/\/vulkanrussia-onlline.com\/#\/schema\/logo\/image\/"}}]}},"_links":{"self":[{"href":"https:\/\/vulkanrussia-onlline.com\/ro\/wp-json\/wp\/v2\/pages\/14","targetHints":{"allow":["GET"]}}],"collection":[{"href":"https:\/\/vulkanrussia-onlline.com\/ro\/wp-json\/wp\/v2\/pages"}],"about":[{"href":"https:\/\/vulkanrussia-onlline.com\/ro\/wp-json\/wp\/v2\/types\/page"}],"author":[{"embeddable":true,"href":"https:\/\/vulkanrussia-onlline.com\/ro\/wp-json\/wp\/v2\/users\/1"}],"replies":[{"embeddable":true,"href":"https:\/\/vulkanrussia-onlline.com\/ro\/wp-json\/wp\/v2\/comments?post=14"}],"version-history":[{"count":23,"href":"https:\/\/vulkanrussia-onlline.com\/ro\/wp-json\/wp\/v2\/pages\/14\/revisions"}],"predecessor-version":[{"id":99,"href":"https:\/\/vulkanrussia-onlline.com\/ro\/wp-json\/wp\/v2\/pages\/14\/revisions\/99"}],"wp:attachment":[{"href":"https:\/\/vulkanrussia-onlline.com\/ro\/wp-json\/wp\/v2\/media?parent=14"}],"curies":[{"name":"wp","href":"https:\/\/api.w.org\/{rel}","templated":true}]}}